{"id":8,"date":"2019-09-05T08:43:51","date_gmt":"2019-09-05T08:43:51","guid":{"rendered":"https:\/\/prodent.rs\/sr\/?p=8"},"modified":"2025-09-01T18:20:13","modified_gmt":"2025-09-01T18:20:13","slug":"kontakt","status":"publish","type":"page","link":"https:\/\/prodent.rs\/sr\/kontakt\/","title":{"rendered":"Kontakt"},"content":{"rendered":"<h1><span>Kontaktirajte nas<\/span><\/h1>\n<div>\n<p>Lako nas mo\u017eete prona\u0107i i do\u0107i kod nas na pregled ovde su svi potrebni podaci koji \u0107em to olak\u0161ati<\/p>\n<\/div>\n<ul>\n<li>\n<p><img decoding=\"async\" src=\"\/sr\/wp-content\/uploads\/yootheme\/icon-location.svg\" alt=\"\"><\/p>\n<h2>Lokacija<\/h2>\n<div>\n<p>Kani\u017ea<br \/>Ulica glavna br. 11<br \/>prvi sprat<\/p>\n<\/div>\n<\/li>\n<li>\n<p><img decoding=\"async\" src=\"\/sr\/wp-content\/uploads\/yootheme\/icon-contact.svg\" alt=\"\"><\/p>\n<h2>Kontakt<\/h2>\n<div>\n<p>063 862 5 962 (phone)<br \/>065 862 5 962 (phone)<br \/><a itemprop=\"url\" href=\"mailto:info@prodent.rs\" target=\"_self\"><span class=\"qodef-e-title-inner\"><span class=\"qodef-e-title-text\">info@prodent.rs<\/span><\/span><\/a><a href=\"mailto:info@example.com\"><\/a><\/p>\n<\/div>\n<\/li>\n<li>\n<p><img decoding=\"async\" src=\"\/sr\/wp-content\/uploads\/yootheme\/icon-office-hours.svg\" alt=\"\"><\/p>\n<h2>Radno vreme<\/h2>\n<div>\n<div class=\"uk-child-width-expand uk-grid-small\" uk-grid=\"\">\n<p>Ponedeljak, Sreda <br \/>14\u2009\u2013\u200919<\/p>\n<div>Utorak, \u010cetvrtak, Petak <br \/>8\u200a\u2009\u2013\u200913<\/div>\n<\/div>\n<\/div>\n<\/li>\n<li>\n<p><img decoding=\"async\" src=\"\/sr\/wp-content\/uploads\/yootheme\/icon-chat.svg\" alt=\"\"><\/p>\n<h2>Zaka\u017eite termin<\/h2>\n<div>\n<p>Telefonom ili na email<\/p>\n<\/div>\n<p><a href=\"mailto:info@prodent.rs\">Zaka\u017ei mejlom<\/a><\/p>\n<\/li>\n<\/ul>\n<div>\n<p>46.0638,20.0575<\/p>\n<\/div>\n<h2>Saznajte vi\u0161e iz prve ruke<\/h2>\n<div>\n<p>Upoznajte na\u0161 tim<\/p>\n<\/div>\n<p>\n    <a href=\"\/sr\/tamaskovac\/\">O nama<\/a>\n<\/p>\n<p><!--more--><br \/>\n<!-- {\"type\":\"layout\",\"children\":[{\"type\":\"section\",\"props\":{\"image_position\":\"center-center\",\"style\":\"default\",\"title_breakpoint\":\"xl\",\"title_position\":\"top-left\",\"title_rotation\":\"left\",\"vertical_align\":\"\",\"width\":\"\"},\"children\":[{\"type\":\"row\",\"children\":[{\"type\":\"column\",\"props\":{\"image_position\":\"center-center\",\"position_sticky_breakpoint\":\"m\"},\"children\":[{\"type\":\"headline\",\"props\":{\"content\":\"<span>Kontaktirajte nas<\\\/span>\",\"margin\":\"remove-vertical\",\"text_align\":\"center\",\"title_element\":\"h1\"}},{\"type\":\"text\",\"props\":{\"block_align\":\"center\",\"column_breakpoint\":\"m\",\"content\":\"\n\n<p>Lako nas mo\\u017eete prona\\u0107i i do\\u0107i kod nas na pregled ovde su svi potrebni podaci koji \\u0107em to olak\\u0161ati<\\\/p>\",\"margin\":\"default\",\"maxwidth\":\"xlarge\",\"text_align\":\"center\",\"text_style\":\"large\"}},{\"type\":\"grid\",\"props\":{\"content_column_breakpoint\":\"m\",\"filter_align\":\"left\",\"filter_all\":true,\"filter_grid_breakpoint\":\"m\",\"filter_grid_width\":\"auto\",\"filter_position\":\"top\",\"filter_style\":\"tab\",\"grid_default\":\"1\",\"grid_large\":\"4\",\"grid_medium\":\"\",\"grid_small\":\"2\",\"icon_width\":80,\"image_align\":\"left\",\"image_grid_breakpoint\":\"s\",\"image_grid_column_gap\":\"small\",\"image_grid_row_gap\":\"small\",\"image_grid_width\":\"auto\",\"image_loading\":true,\"image_svg_color\":\"emphasis\",\"image_svg_inline\":true,\"item_animation\":true,\"link_size\":\"small\",\"link_style\":\"default\",\"link_text\":\"Read more\",\"margin\":\"large\",\"meta_align\":\"below-title\",\"meta_element\":\"div\",\"meta_style\":\"text-meta\",\"parallax_easing\":\"1\",\"show_content\":true,\"show_image\":true,\"show_link\":true,\"show_meta\":true,\"show_title\":true,\"text_align\":\"left\",\"text_align_breakpoint\":\"s\",\"text_align_fallback\":\"center\",\"title_align\":\"top\",\"title_element\":\"h2\",\"title_grid_breakpoint\":\"m\",\"title_grid_width\":\"1-2\",\"title_hover_style\":\"reset\",\"title_style\":\"h3\"},\"children\":[{\"type\":\"grid_item\",\"props\":{\"content\":\"\n\n<p>Kani\\u017ea<br \\\/>Ulica glavna br. 11<br \\\/>prvi sprat<\\\/p>\",\"image\":\"wp-content\\\/uploads\\\/yootheme\\\/icon-location.svg\",\"title\":\"Lokacija\"}},{\"type\":\"grid_item\",\"props\":{\"content\":\"\n\n<p>063 862 5 962 (phone)<br \\\/>065 862 5 962 (phone)<br \\\/><a itemprop=\\\"url\\\" href=\\\"mailto:info@prodent.rs\\\" target=\\\"_self\\\"><span class=\\\"qodef-e-title-inner\\\"><span class=\\\"qodef-e-title-text\\\">info@prodent.rs<\\\/span><\\\/span><\\\/a><a href=\\\"mailto:info@example.com\\\"><\\\/a><\\\/p>\",\"image\":\"wp-content\\\/uploads\\\/yootheme\\\/icon-contact.svg\",\"title\":\"Kontakt\"}},{\"type\":\"grid_item\",\"props\":{\"content\":\"\n\n<div class=\\\"uk-child-width-expand uk-grid-small\\\" uk-grid=\\\"\\\">\\n\n\n<p>Ponedeljak, Sreda <br \\\/>14\\u2009\\u2013\\u200919<\\\/p>\\n\n\n<div>Utorak, \\u010cetvrtak, Petak <br \\\/>8\\u200a\\u2009\\u2013\\u200913<\\\/div>\\n<\\\/div>\",\"image\":\"wp-content\\\/uploads\\\/yootheme\\\/icon-office-hours.svg\",\"title\":\"Radno vreme\"}},{\"type\":\"grid_item\",\"props\":{\"content\":\"\n\n<p>Telefonom ili na email<\\\/p>\",\"image\":\"wp-content\\\/uploads\\\/yootheme\\\/icon-chat.svg\",\"link\":\"mailto:info@prodent.rs\",\"link_text\":\"Zaka\\u017ei mejlom\",\"title\":\"Zaka\\u017eite termin\"}}]}]}],\"props\":{\"column_gap\":\"collapse\",\"margin\":\"large\",\"margin_remove_top\":true,\"row_gap\":\"collapse\",\"width\":\"large\"}},{\"type\":\"row\",\"props\":{\"margin\":\"large\",\"margin_remove_top\":false,\"width\":\"large\"},\"children\":[{\"type\":\"column\",\"props\":{\"image_position\":\"center-center\",\"position_sticky_breakpoint\":\"m\"},\"children\":[{\"type\":\"map\",\"props\":{\"controls\":true,\"dragging\":true,\"height\":\"550\",\"image_svg_color\":\"emphasis\",\"link_style\":\"default\",\"link_text\":\"Read more\",\"margin\":\"default\",\"marker_icon\":\"wp-content\\\/uploads\\\/yootheme\\\/icon-map-marker.svg\",\"marker_icon_height\":\"38\",\"marker_icon_width\":\"42\",\"max_zoom\":18,\"meta_align\":\"below-title\",\"meta_element\":\"div\",\"meta_style\":\"text-meta\",\"min_zoom\":0,\"poi\":false,\"show_content\":true,\"show_image\":true,\"show_link\":true,\"show_meta\":true,\"show_title\":true,\"styler_lightness\":\"40\",\"styler_saturation\":\"-100\",\"title_element\":\"h3\",\"title_hover_style\":\"reset\",\"type\":\"roadmap\",\"zoom\":\"15\",\"zooming\":false},\"children\":[{\"type\":\"map_item\",\"props\":{\"location\":\"46.0638,20.0575\"}}]}]}]}],\"name\":\"Contact\"},{\"type\":\"section\",\"props\":{\"image\":\"wp-content\\\/uploads\\\/yootheme\\\/doctors-cta-bg.jpg\",\"image_position\":\"center-center\",\"image_size\":\"cover\",\"image_width\":\"2560\",\"padding\":\"large\",\"style\":\"default\",\"text_color\":\"light\",\"title_breakpoint\":\"xl\",\"title_position\":\"top-left\",\"title_rotation\":\"left\",\"vertical_align\":\"\",\"width\":\"expand\"},\"children\":[{\"type\":\"row\",\"children\":[{\"type\":\"column\",\"props\":{\"image_position\":\"center-center\",\"position_sticky_breakpoint\":\"m\"},\"children\":[{\"type\":\"headline\",\"props\":{\"content\":\"Saznajte vi\\u0161e iz prve ruke\",\"maxwidth\":\"xlarge\",\"text_align\":\"left\",\"text_align_breakpoint\":\"s\",\"text_align_fallback\":\"center\",\"title_element\":\"h2\",\"title_style\":\"h1\"}},{\"type\":\"text\",\"props\":{\"column_breakpoint\":\"m\",\"content\":\"\n\n<p>Upoznajte na\\u0161 tim<\\\/p>\",\"margin\":\"default\",\"maxwidth\":\"xlarge\",\"text_align\":\"left\",\"text_align_breakpoint\":\"s\",\"text_align_fallback\":\"center\",\"text_color\":\"emphasis\",\"text_style\":\"lead\"}},{\"type\":\"button\",\"props\":{\"button_size\":\"large\",\"grid_column_gap\":\"small\",\"grid_row_gap\":\"small\",\"margin\":\"medium\",\"text_align\":\"left\",\"text_align_breakpoint\":\"s\",\"text_align_fallback\":\"center\"},\"children\":[{\"type\":\"button_item\",\"props\":{\"button_style\":\"default\",\"content\":\"O nama\",\"icon_align\":\"left\",\"link\":\"tamaskovac\\\/\"}}]}]}],\"props\":{\"width\":\"large\"}}],\"name\":\"Call to Action\",\"modified\":\"2021-07-28T09:45:54.236Z\"}],\"version\":\"4.4.5\"} --><\/p>\n","protected":false},"excerpt":{"rendered":"<p>Kontaktirajte nas Lako nas mo\u017eete prona\u0107i i do\u0107i kod nas na pregled ovde su svi potrebni podaci koji \u0107em to olak\u0161ati Lokacija Kani\u017eaUlica glavna br. 11prvi sprat Kontakt 063 862 5 962 (phone)065 862 5 962 (phone)info@prodent.rs Radno vreme Ponedeljak, Sreda 14\u2009\u2013\u200919 Utorak, \u010cetvrtak, Petak 8\u200a\u2009\u2013\u200913 Zaka\u017eite termin Telefonom ili na email Zaka\u017ei mejlom 46.0638,20.0575 [&hellip;]<\/p>\n","protected":false},"author":1,"featured_media":2071,"parent":0,"menu_order":10,"comment_status":"open","ping_status":"open","template":"","meta":{"_acf_changed":false,"footnotes":""},"class_list":["post-8","page","type-page","status-publish","has-post-thumbnail","hentry"],"acf":[],"_links":{"self":[{"href":"https:\/\/prodent.rs\/sr\/wp-json\/wp\/v2\/pages\/8","targetHints":{"allow":["GET"]}}],"collection":[{"href":"https:\/\/prodent.rs\/sr\/wp-json\/wp\/v2\/pages"}],"about":[{"href":"https:\/\/prodent.rs\/sr\/wp-json\/wp\/v2\/types\/page"}],"author":[{"embeddable":true,"href":"https:\/\/prodent.rs\/sr\/wp-json\/wp\/v2\/users\/1"}],"replies":[{"embeddable":true,"href":"https:\/\/prodent.rs\/sr\/wp-json\/wp\/v2\/comments?post=8"}],"version-history":[{"count":14,"href":"https:\/\/prodent.rs\/sr\/wp-json\/wp\/v2\/pages\/8\/revisions"}],"predecessor-version":[{"id":2801,"href":"https:\/\/prodent.rs\/sr\/wp-json\/wp\/v2\/pages\/8\/revisions\/2801"}],"wp:featuredmedia":[{"embeddable":true,"href":"https:\/\/prodent.rs\/sr\/wp-json\/wp\/v2\/media\/2071"}],"wp:attachment":[{"href":"https:\/\/prodent.rs\/sr\/wp-json\/wp\/v2\/media?parent=8"}],"curies":[{"name":"wp","href":"https:\/\/api.w.org\/{rel}","templated":true}]}}