{"id":2685,"date":"2024-10-21T11:25:43","date_gmt":"2024-10-21T11:25:43","guid":{"rendered":"https:\/\/prodent.rs\/sr\/?page_id=2685"},"modified":"2025-01-09T15:49:18","modified_gmt":"2025-01-09T15:49:18","slug":"ostalo","status":"publish","type":"page","link":"https:\/\/prodent.rs\/sr\/ostalo\/","title":{"rendered":"Ostalo"},"content":{"rendered":"<p><img decoding=\"async\" src=\"\/sr\/wp-content\/uploads\/2024\/10\/icon-services-general-dentistry-nakit.svg\" alt=\"\"><\/p>\n<h1>Ostale usluge<\/h1>\n<div>\n<h3 class=\"sadrzajh2\">Nakit za zube<\/h3>\n<p>Bez bu\u0161enja! Bez injekcije! Bezbolno!<br \/>Bilo kad mo\u017ee da se ukloni bez \u0161tetnih posledica!<\/p>\n<\/div>\n<div>\n<h3 class=\"sadrzajh2\"><span>\u0160titnici za zube\/splintovi protiv \u0161kripanja<\/span><\/h3>\n<p>\u0160titnici za zube, poznati i kao splintovi, koriste se za za\u0161titu zuba od o\u0161te\u0107enja usled \u0161kripanja ili stiskanja zuba, poznatog kao bruksizam.<\/p>\n<p>Ovi splintovi se nose preko zuba, obi\u010dno tokom no\u0107i, i poma\u017eu u smanjenju pritiska i spre\u010davanju habanja zuba. Oni mogu biti izra\u0111eni po meri kod stomatologa ili kupljeni kao standardni proizvodi.<\/p>\n<\/div>\n<p><img decoding=\"async\" src=\"\/sr\/wp-content\/uploads\/2024\/10\/nakit.jpg\" alt=\"\"><br \/>\n<img decoding=\"async\" src=\"\/sr\/wp-content\/uploads\/2024\/10\/stitnici.jpg\" alt=\"\"><br \/>\n<img decoding=\"async\" src=\"\/sr\/wp-content\/uploads\/2024\/10\/stitnici-2.jpg\" alt=\"\"><\/p>\n<p><!--more--><br \/>\n<!-- {\"type\":\"layout\",\"children\":[{\"type\":\"section\",\"props\":{\"image_position\":\"center-center\",\"style\":\"default\",\"title_breakpoint\":\"xl\",\"title_position\":\"top-left\",\"title_rotation\":\"left\",\"vertical_align\":\"middle\",\"width\":\"default\"},\"children\":[{\"type\":\"row\",\"children\":[{\"type\":\"column\",\"props\":{\"image_position\":\"center-center\",\"position_sticky_breakpoint\":\"m\"},\"children\":[{\"type\":\"image\",\"props\":{\"image\":\"wp-content\\\/uploads\\\/2024\\\/10\\\/icon-services-general-dentistry-nakit.svg\",\"image_svg_color\":\"emphasis\",\"margin\":\"default\"}},{\"type\":\"headline\",\"props\":{\"content\":\"Ostale usluge\",\"title_element\":\"h1\"}}]}]},{\"type\":\"row\",\"props\":{\"layout\":\"1-2,1-2\"},\"children\":[{\"type\":\"column\",\"props\":{\"image_position\":\"center-center\",\"position_sticky_breakpoint\":\"m\",\"width_medium\":\"1-2\"},\"children\":[{\"type\":\"text\",\"props\":{\"column_breakpoint\":\"m\",\"content\":\"\n\n<h3 class=\\\"sadrzajh2\\\">Nakit za zube<\\\/h3>\\n\n\n<p>Bez bu\\u0161enja! Bez injekcije! Bezbolno!<br \\\/>Bilo kad mo\\u017ee da se ukloni bez \\u0161tetnih posledica!<\\\/p>\",\"margin\":\"default\"}}]},{\"type\":\"column\",\"props\":{\"image_position\":\"center-center\",\"position_sticky_breakpoint\":\"m\",\"width_medium\":\"1-2\"},\"children\":[{\"type\":\"text\",\"props\":{\"column_breakpoint\":\"m\",\"content\":\"\n\n<h3 class=\\\"sadrzajh2\\\"><span>\\u0160titnici za zube\\\/splintovi protiv \\u0161kripanja<\\\/span><\\\/h3>\\n\n\n<p>\\u0160titnici za zube, poznati i kao splintovi, koriste se za za\\u0161titu zuba od o\\u0161te\\u0107enja usled \\u0161kripanja ili stiskanja zuba, poznatog kao bruksizam.<\\\/p>\\n\n\n<p>Ovi splintovi se nose preko zuba, obi\\u010dno tokom no\\u0107i, i poma\\u017eu u smanjenju pritiska i spre\\u010davanju habanja zuba. Oni mogu biti izra\\u0111eni po meri kod stomatologa ili kupljeni kao standardni proizvodi.<\\\/p>\",\"margin\":\"\",\"margin_remove_top\":false}},{\"type\":\"headline\",\"props\":{\"title_element\":\"h1\"}},{\"type\":\"image\",\"props\":{\"image\":\"wp-content\\\/uploads\\\/2024\\\/10\\\/nakit.jpg\",\"image_svg_color\":\"emphasis\",\"margin\":\"default\"}}]}]},{\"type\":\"row\",\"props\":{\"layout\":\"1-2,1-2\"},\"children\":[{\"type\":\"column\",\"props\":{\"image_position\":\"center-center\",\"position_sticky_breakpoint\":\"m\",\"width_medium\":\"1-2\"},\"children\":[{\"type\":\"image\",\"props\":{\"image\":\"wp-content\\\/uploads\\\/2024\\\/10\\\/stitnici.jpg\",\"image_svg_color\":\"emphasis\",\"margin\":\"default\"}}]},{\"type\":\"column\",\"props\":{\"image_position\":\"center-center\",\"position_sticky_breakpoint\":\"m\",\"width_medium\":\"1-2\"},\"children\":[{\"type\":\"image\",\"props\":{\"image\":\"wp-content\\\/uploads\\\/2024\\\/10\\\/stitnici-2.jpg\",\"image_svg_color\":\"emphasis\",\"margin\":\"default\"}}]}]}]}],\"version\":\"4.4.5\"} --><\/p>\n","protected":false},"excerpt":{"rendered":"<p>Ostale usluge Nakit za zube Bez bu\u0161enja! Bez injekcije! Bezbolno!Bilo kad mo\u017ee da se ukloni bez \u0161tetnih posledica! \u0160titnici za zube\/splintovi protiv \u0161kripanja \u0160titnici za zube, poznati i kao splintovi, koriste se za za\u0161titu zuba od o\u0161te\u0107enja usled \u0161kripanja ili stiskanja zuba, poznatog kao bruksizam. Ovi splintovi se nose preko zuba, obi\u010dno tokom no\u0107i, i [&hellip;]<\/p>\n","protected":false},"author":1,"featured_media":0,"parent":0,"menu_order":0,"comment_status":"closed","ping_status":"closed","template":"","meta":{"_acf_changed":false,"footnotes":""},"class_list":["post-2685","page","type-page","status-publish","hentry"],"acf":[],"_links":{"self":[{"href":"https:\/\/prodent.rs\/sr\/wp-json\/wp\/v2\/pages\/2685","targetHints":{"allow":["GET"]}}],"collection":[{"href":"https:\/\/prodent.rs\/sr\/wp-json\/wp\/v2\/pages"}],"about":[{"href":"https:\/\/prodent.rs\/sr\/wp-json\/wp\/v2\/types\/page"}],"author":[{"embeddable":true,"href":"https:\/\/prodent.rs\/sr\/wp-json\/wp\/v2\/users\/1"}],"replies":[{"embeddable":true,"href":"https:\/\/prodent.rs\/sr\/wp-json\/wp\/v2\/comments?post=2685"}],"version-history":[{"count":4,"href":"https:\/\/prodent.rs\/sr\/wp-json\/wp\/v2\/pages\/2685\/revisions"}],"predecessor-version":[{"id":2794,"href":"https:\/\/prodent.rs\/sr\/wp-json\/wp\/v2\/pages\/2685\/revisions\/2794"}],"wp:attachment":[{"href":"https:\/\/prodent.rs\/sr\/wp-json\/wp\/v2\/media?parent=2685"}],"curies":[{"name":"wp","href":"https:\/\/api.w.org\/{rel}","templated":true}]}}