{"id":2660,"date":"2024-10-21T11:17:26","date_gmt":"2024-10-21T11:17:26","guid":{"rendered":"https:\/\/prodent.rs\/sr\/?page_id=2660"},"modified":"2025-01-09T15:48:11","modified_gmt":"2025-01-09T15:48:11","slug":"oralna-hirurgija","status":"publish","type":"page","link":"https:\/\/prodent.rs\/sr\/oralna-hirurgija\/","title":{"rendered":"Oralna hirurgija"},"content":{"rendered":"<p><img decoding=\"async\" src=\"\/sr\/wp-content\/uploads\/yootheme\/icon-services-emergency-care.svg\" alt=\"\"><\/p>\n<h1>Oralna hirurgija<\/h1>\n<div>\n<p>Oralna hirurgija nije tako odvojena grana stomatologije, kao \u0161to je op\u0161ta hirurgija odvojena od medicine, zato ve\u0107ina na\u0161ih intervencija mo\u017ee da se uradi u stomatolo\u0161koj stolici, bez potrebe da se pacijent uspava. Svaku intervenciju vr\u0161imo u lokalnoj anesteziji, a samo komplikovane slu\u010dajeve upu\u0107ujemo kod specijaliste iz oralne hirurgije. Ukratko o uslugama koje vr\u0161imo:<\/p>\n<ul>\n<li>va\u0111enje zuba (pod anestezijom kod dece i odraslih)<\/li>\n<li>komplikovano va\u0111enje zuba uklanjanje zaostalih korenova<\/li>\n<li>hirur\u0161ko va\u0111enje zuba<\/li>\n<li>hirur\u0161ko osloba\u0111anje umnjaka radi olak\u0161anja njihovog nicanja<\/li>\n<li>hemi- i disekcija zuba (va\u0111enje obolelog korena zuba, da bi se zdrav mogao iskoristiti u protetske svrhe)<\/li>\n<li>hirur\u0161ko zaustavljanje krvarenja<\/li>\n<li>terapija alveolita<\/li>\n<li>frenektomija (hirur\u0161ko uklanjanje prejake vezice usne, da bih omogu\u0107ili bolje sleganje proteze ili da bi se omogu\u0107ilo ortodontsko zatvaranje dijasteme izme\u0111u dva gornja inciziva)<\/li>\n<\/ul>\n<\/div>\n<ul>\n<li>\n<p>        <img decoding=\"async\" src=\"\/sr\/wp-content\/uploads\/2024\/10\/hirurgija1_b.jpg\" alt=\"\"><\/p>\n<h3>hirurgija1_b<\/h3>\n<\/li>\n<li>\n<p>        <img decoding=\"async\" src=\"\/sr\/wp-content\/uploads\/2024\/10\/hirurgija2_b.jpg\" alt=\"\"><\/p>\n<h3>hirurgija2_b<\/h3>\n<\/li>\n<\/ul>\n<div>\n<ul>\n<li>alveolotomija\/alveoloplastika (hirur\u0161ko izravnanje ko\u0161tanih neravnina bezube vilice)<\/li>\n<\/ul>\n<\/div>\n<ul>\n<li>\n<p>        <img decoding=\"async\" src=\"\/sr\/wp-content\/uploads\/2024\/10\/hirurgija3_b.jpg\" alt=\"\"><\/p>\n<h3>hirurgija3_b<\/h3>\n<\/li>\n<li>\n<p>        <img decoding=\"async\" src=\"\/sr\/wp-content\/uploads\/2024\/10\/hirurgija4_b.jpg\" alt=\"\"><\/p>\n<h3>hirurgija4_b<\/h3>\n<\/li>\n<li>\n<p>        <img decoding=\"async\" src=\"\/sr\/wp-content\/uploads\/2024\/10\/hirurgija5_b.jpg\" alt=\"\"><\/p>\n<h3>hirurgija5_b<\/h3>\n<\/li>\n<\/ul>\n<div>\n<ul>\n<li>apikotomija\/cistektomija (hirur\u0161ko uklanjanje hroni\u010dno zapaljenog vrha korena radi o\u010duvanja zuba)<\/li>\n<\/ul>\n<\/div>\n<ul>\n<li>\n<p>        <img decoding=\"async\" src=\"\/sr\/wp-content\/uploads\/2024\/10\/hirurgija6_b.jpg\" alt=\"\"><\/p>\n<h3>hirurgija6_b<\/h3>\n<\/li>\n<li>\n<p>        <img decoding=\"async\" src=\"\/sr\/wp-content\/uploads\/2024\/10\/hirurgija7_b.jpg\" alt=\"\"><\/p>\n<h3>hirurgija7_b<\/h3>\n<\/li>\n<li>\n<p>        <img decoding=\"async\" src=\"\/sr\/wp-content\/uploads\/2024\/10\/hirurgija8_b.jpg\" alt=\"\"><\/p>\n<h3>hirurgija8_b<\/h3>\n<\/li>\n<\/ul>\n<div>\n<ul>\n<li>sinus plastika (hirur\u0161ko zatvaranje komunikacije izme\u0111u usne duplje i sinusa koja je nastala po va\u0111enju zuba)<\/li>\n<li>hirur\u0161ko uklanjanje manjih promena sluzoko\u017ee<\/li>\n<li>estetska korekcija mekih tkiva radi pobolj\u0161anja izgleda npr. gotove krunice<\/li>\n<\/ul>\n<\/div>\n<ul>\n<li>\n<p>        <img decoding=\"async\" src=\"\/sr\/wp-content\/uploads\/2024\/10\/hirurgija9_b.jpg\" alt=\"\"><\/p>\n<h3>hirurgija9_b<\/h3>\n<\/li>\n<li>\n<p>        <img decoding=\"async\" src=\"\/sr\/wp-content\/uploads\/2024\/10\/hirurgija10_b.jpg\" alt=\"\"><\/p>\n<h3>hirurgija10_b<\/h3>\n<\/li>\n<li>\n<p>        <img decoding=\"async\" src=\"\/sr\/wp-content\/uploads\/2024\/10\/hirurgija11_b.jpg\" alt=\"\"><\/p>\n<h3>hirurgija11_b<\/h3>\n<\/li>\n<\/ul>\n<div>\n<ul>\n<li>vo\u0111ena ko\u0161tana regeneracija (upotreba ve\u0161ta\u010dke kosti i membrana radi nadokna\u0111ivanja izgubljene kosti)<\/li>\n<\/ul>\n<\/div>\n<ul>\n<li>\n<p>        <img decoding=\"async\" src=\"\/sr\/wp-content\/uploads\/2024\/10\/hirurgija12_b.jpg\" alt=\"\"><\/p>\n<h3>hirurgija12_b<\/h3>\n<\/li>\n<li>\n<p>        <img decoding=\"async\" src=\"\/sr\/wp-content\/uploads\/2024\/10\/hirurgija13_b.jpg\" alt=\"\"><\/p>\n<h3>hirurgija13_b<\/h3>\n<\/li>\n<li>\n<p>        <img decoding=\"async\" src=\"\/sr\/wp-content\/uploads\/2024\/10\/hirurgija14_b.jpg\" alt=\"\"><\/p>\n<h3>hirurgija14_b<\/h3>\n<\/li>\n<li>\n<p>        <img decoding=\"async\" src=\"\/sr\/wp-content\/uploads\/2024\/10\/hirurgija15_b.jpg\" alt=\"\"><\/p>\n<h3>hirurgija15_b<\/h3>\n<\/li>\n<li>\n<p>        <img decoding=\"async\" src=\"\/sr\/wp-content\/uploads\/2024\/10\/hirurgija16_b.jpg\" alt=\"\"><\/p>\n<h3>hirurgija16_b<\/h3>\n<\/li>\n<li>\n<p>        <img decoding=\"async\" src=\"\/sr\/wp-content\/uploads\/2024\/10\/hirurgija17_b.jpg\" alt=\"\"><\/p>\n<h3>hirurgija17_b<\/h3>\n<\/li>\n<\/ul>\n<div>\n<ul>\n<li>implantacija (ugra\u0111ivanje ve\u0161ta\u010dkog korena radi nadokna\u0111ivanja izgubljenog zuba)<\/li>\n<\/ul>\n<\/div>\n<ul>\n<li>\n<p>        <img decoding=\"async\" src=\"\/sr\/wp-content\/uploads\/2024\/10\/hirurgija18_b.jpg\" alt=\"\"><\/p>\n<h3>hirurgija18_b<\/h3>\n<\/li>\n<li>\n<p>        <img decoding=\"async\" src=\"\/sr\/wp-content\/uploads\/2024\/10\/hirurgija19_b.jpg\" alt=\"\"><\/p>\n<h3>hirurgija19_b<\/h3>\n<\/li>\n<li>\n<p>        <img decoding=\"async\" src=\"\/sr\/wp-content\/uploads\/2024\/10\/hirurgija20_b.jpg\" alt=\"\"><\/p>\n<h3>hirurgija20_b<\/h3>\n<\/li>\n<li>\n<p>        <img decoding=\"async\" src=\"\/sr\/wp-content\/uploads\/2024\/10\/hirurgija21_b.jpg\" alt=\"\"><\/p>\n<h3>hirurgija21_b<\/h3>\n<\/li>\n<\/ul>\n<p><!--more--><br \/>\n<!-- {\"type\":\"layout\",\"children\":[{\"type\":\"section\",\"props\":{\"image_position\":\"center-center\",\"style\":\"default\",\"title_breakpoint\":\"xl\",\"title_position\":\"top-left\",\"title_rotation\":\"left\",\"vertical_align\":\"middle\",\"width\":\"default\"},\"children\":[{\"type\":\"row\",\"children\":[{\"type\":\"column\",\"props\":{\"image_position\":\"center-center\",\"position_sticky_breakpoint\":\"m\"},\"children\":[{\"type\":\"image\",\"props\":{\"image\":\"wp-content\\\/uploads\\\/yootheme\\\/icon-services-emergency-care.svg\",\"image_svg_color\":\"emphasis\",\"margin\":\"default\"}},{\"type\":\"headline\",\"props\":{\"content\":\"Oralna hirurgija\",\"title_element\":\"h1\"}},{\"type\":\"text\",\"props\":{\"column_breakpoint\":\"m\",\"content\":\"\n\n<p>Oralna hirurgija nije tako odvojena grana stomatologije, kao \\u0161to je op\\u0161ta hirurgija odvojena od medicine, zato ve\\u0107ina na\\u0161ih intervencija mo\\u017ee da se uradi u stomatolo\\u0161koj stolici, bez potrebe da se pacijent uspava. Svaku intervenciju vr\\u0161imo u lokalnoj anesteziji, a samo komplikovane slu\\u010dajeve upu\\u0107ujemo kod specijaliste iz oralne hirurgije. Ukratko o uslugama koje vr\\u0161imo:<\\\/p>\\n\n\n<ul>\\n\n\n<li>va\\u0111enje zuba (pod anestezijom kod dece i odraslih)<\\\/li>\\n\n\n<li>komplikovano va\\u0111enje zuba uklanjanje zaostalih korenova<\\\/li>\\n\n\n<li>hirur\\u0161ko va\\u0111enje zuba<\\\/li>\\n\n\n<li>hirur\\u0161ko osloba\\u0111anje umnjaka radi olak\\u0161anja njihovog nicanja<\\\/li>\\n\n\n<li>hemi- i disekcija zuba (va\\u0111enje obolelog korena zuba, da bi se zdrav mogao iskoristiti u protetske svrhe)<\\\/li>\\n\n\n<li>hirur\\u0161ko zaustavljanje krvarenja<\\\/li>\\n\n\n<li>terapija alveolita<\\\/li>\\n\n\n<li>frenektomija (hirur\\u0161ko uklanjanje prejake vezice usne, da bih omogu\\u0107ili bolje sleganje proteze ili da bi se omogu\\u0107ilo ortodontsko zatvaranje dijasteme izme\\u0111u dva gornja inciziva)<\\\/li>\\n<\\\/ul>\",\"margin\":\"default\"}},{\"type\":\"gallery\",\"props\":{\"filter_align\":\"left\",\"filter_all\":true,\"filter_grid_breakpoint\":\"m\",\"filter_grid_width\":\"auto\",\"filter_position\":\"top\",\"filter_style\":\"tab\",\"grid_default\":\"1\",\"grid_medium\":\"3\",\"item_animation\":true,\"link_style\":\"default\",\"link_text\":\"Read more\",\"margin\":\"default\",\"meta_align\":\"below-title\",\"meta_element\":\"div\",\"meta_style\":\"text-meta\",\"overlay_hover\":true,\"overlay_mode\":\"cover\",\"overlay_position\":\"center\",\"overlay_style\":\"overlay-primary\",\"overlay_transition\":\"fade\",\"show_content\":true,\"show_hover_image\":true,\"show_hover_video\":true,\"show_link\":true,\"show_meta\":true,\"show_title\":false,\"text_align\":\"center\",\"text_color\":\"light\",\"title_element\":\"h3\",\"title_hover_style\":\"reset\"},\"children\":[{\"type\":\"gallery_item\",\"props\":{\"image\":\"wp-content\\\/uploads\\\/2024\\\/10\\\/hirurgija1_b.jpg\",\"title\":\"hirurgija1_b\"}},{\"type\":\"gallery_item\",\"props\":{\"image\":\"wp-content\\\/uploads\\\/2024\\\/10\\\/hirurgija2_b.jpg\",\"title\":\"hirurgija2_b\"}}]},{\"type\":\"text\",\"props\":{\"column_breakpoint\":\"m\",\"content\":\"\n\n<ul>\\n\n\n<li>alveolotomija\\\/alveoloplastika (hirur\\u0161ko izravnanje ko\\u0161tanih neravnina bezube vilice)<\\\/li>\\n<\\\/ul>\",\"margin\":\"default\"}},{\"type\":\"gallery\",\"props\":{\"filter_align\":\"left\",\"filter_all\":true,\"filter_grid_breakpoint\":\"m\",\"filter_grid_width\":\"auto\",\"filter_position\":\"top\",\"filter_style\":\"tab\",\"grid_default\":\"1\",\"grid_medium\":\"3\",\"item_animation\":true,\"link_style\":\"default\",\"link_text\":\"Read more\",\"margin\":\"default\",\"meta_align\":\"below-title\",\"meta_element\":\"div\",\"meta_style\":\"text-meta\",\"overlay_hover\":true,\"overlay_mode\":\"cover\",\"overlay_position\":\"center\",\"overlay_style\":\"overlay-primary\",\"overlay_transition\":\"fade\",\"show_content\":true,\"show_hover_image\":true,\"show_hover_video\":true,\"show_link\":true,\"show_meta\":true,\"show_title\":false,\"text_align\":\"center\",\"text_color\":\"light\",\"title_element\":\"h3\",\"title_hover_style\":\"reset\"},\"children\":[{\"type\":\"gallery_item\",\"props\":{\"image\":\"wp-content\\\/uploads\\\/2024\\\/10\\\/hirurgija3_b.jpg\",\"title\":\"hirurgija3_b\"}},{\"type\":\"gallery_item\",\"props\":{\"image\":\"wp-content\\\/uploads\\\/2024\\\/10\\\/hirurgija4_b.jpg\",\"title\":\"hirurgija4_b\"}},{\"type\":\"gallery_item\",\"props\":{\"image\":\"wp-content\\\/uploads\\\/2024\\\/10\\\/hirurgija5_b.jpg\",\"title\":\"hirurgija5_b\"}}]},{\"type\":\"text\",\"props\":{\"column_breakpoint\":\"m\",\"content\":\"\n\n<ul>\\n\n\n<li>apikotomija\\\/cistektomija (hirur\\u0161ko uklanjanje hroni\\u010dno zapaljenog vrha korena radi o\\u010duvanja zuba)<\\\/li>\\n<\\\/ul>\",\"margin\":\"default\"}},{\"type\":\"gallery\",\"props\":{\"filter_align\":\"left\",\"filter_all\":true,\"filter_grid_breakpoint\":\"m\",\"filter_grid_width\":\"auto\",\"filter_position\":\"top\",\"filter_style\":\"tab\",\"grid_default\":\"1\",\"grid_medium\":\"3\",\"item_animation\":true,\"link_style\":\"default\",\"link_text\":\"Read more\",\"margin\":\"default\",\"meta_align\":\"below-title\",\"meta_element\":\"div\",\"meta_style\":\"text-meta\",\"overlay_hover\":true,\"overlay_mode\":\"cover\",\"overlay_position\":\"center\",\"overlay_style\":\"overlay-primary\",\"overlay_transition\":\"fade\",\"show_content\":true,\"show_hover_image\":true,\"show_hover_video\":true,\"show_link\":true,\"show_meta\":true,\"show_title\":false,\"text_align\":\"center\",\"text_color\":\"light\",\"title_element\":\"h3\",\"title_hover_style\":\"reset\"},\"children\":[{\"type\":\"gallery_item\",\"props\":{\"image\":\"wp-content\\\/uploads\\\/2024\\\/10\\\/hirurgija6_b.jpg\",\"title\":\"hirurgija6_b\"}},{\"type\":\"gallery_item\",\"props\":{\"image\":\"wp-content\\\/uploads\\\/2024\\\/10\\\/hirurgija7_b.jpg\",\"title\":\"hirurgija7_b\"}},{\"type\":\"gallery_item\",\"props\":{\"image\":\"wp-content\\\/uploads\\\/2024\\\/10\\\/hirurgija8_b.jpg\",\"title\":\"hirurgija8_b\"}}]},{\"type\":\"text\",\"props\":{\"column_breakpoint\":\"m\",\"content\":\"\n\n<ul>\\n\n\n<li>sinus plastika (hirur\\u0161ko zatvaranje komunikacije izme\\u0111u usne duplje i sinusa koja je nastala po va\\u0111enju zuba)<\\\/li>\\n\n\n<li>hirur\\u0161ko uklanjanje manjih promena sluzoko\\u017ee<\\\/li>\\n\n\n<li>estetska korekcija mekih tkiva radi pobolj\\u0161anja izgleda npr. gotove krunice<\\\/li>\\n<\\\/ul>\",\"margin\":\"default\"}},{\"type\":\"gallery\",\"props\":{\"filter_align\":\"left\",\"filter_all\":true,\"filter_grid_breakpoint\":\"m\",\"filter_grid_width\":\"auto\",\"filter_position\":\"top\",\"filter_style\":\"tab\",\"grid_default\":\"1\",\"grid_medium\":\"3\",\"item_animation\":true,\"link_style\":\"default\",\"link_text\":\"Read more\",\"margin\":\"default\",\"meta_align\":\"below-title\",\"meta_element\":\"div\",\"meta_style\":\"text-meta\",\"overlay_hover\":true,\"overlay_mode\":\"cover\",\"overlay_position\":\"center\",\"overlay_style\":\"overlay-primary\",\"overlay_transition\":\"fade\",\"show_content\":true,\"show_hover_image\":true,\"show_hover_video\":true,\"show_link\":true,\"show_meta\":true,\"show_title\":false,\"text_align\":\"center\",\"text_color\":\"light\",\"title_element\":\"h3\",\"title_hover_style\":\"reset\"},\"children\":[{\"type\":\"gallery_item\",\"props\":{\"image\":\"wp-content\\\/uploads\\\/2024\\\/10\\\/hirurgija9_b.jpg\",\"title\":\"hirurgija9_b\"}},{\"type\":\"gallery_item\",\"props\":{\"image\":\"wp-content\\\/uploads\\\/2024\\\/10\\\/hirurgija10_b.jpg\",\"title\":\"hirurgija10_b\"}},{\"type\":\"gallery_item\",\"props\":{\"image\":\"wp-content\\\/uploads\\\/2024\\\/10\\\/hirurgija11_b.jpg\",\"title\":\"hirurgija11_b\"}}]},{\"type\":\"text\",\"props\":{\"column_breakpoint\":\"m\",\"content\":\"\n\n<ul>\\n\n\n<li>vo\\u0111ena ko\\u0161tana regeneracija (upotreba ve\\u0161ta\\u010dke kosti i membrana radi nadokna\\u0111ivanja izgubljene kosti)<\\\/li>\\n<\\\/ul>\",\"margin\":\"default\"}},{\"type\":\"gallery\",\"props\":{\"filter_align\":\"left\",\"filter_all\":true,\"filter_grid_breakpoint\":\"m\",\"filter_grid_width\":\"auto\",\"filter_position\":\"top\",\"filter_style\":\"tab\",\"grid_default\":\"1\",\"grid_medium\":\"3\",\"item_animation\":true,\"link_style\":\"default\",\"link_text\":\"Read more\",\"margin\":\"default\",\"meta_align\":\"below-title\",\"meta_element\":\"div\",\"meta_style\":\"text-meta\",\"overlay_hover\":true,\"overlay_mode\":\"cover\",\"overlay_position\":\"center\",\"overlay_style\":\"overlay-primary\",\"overlay_transition\":\"fade\",\"show_content\":true,\"show_hover_image\":true,\"show_hover_video\":true,\"show_link\":true,\"show_meta\":true,\"show_title\":false,\"text_align\":\"center\",\"text_color\":\"light\",\"title_element\":\"h3\",\"title_hover_style\":\"reset\"},\"children\":[{\"type\":\"gallery_item\",\"props\":{\"image\":\"wp-content\\\/uploads\\\/2024\\\/10\\\/hirurgija12_b.jpg\",\"title\":\"hirurgija12_b\"}},{\"type\":\"gallery_item\",\"props\":{\"image\":\"wp-content\\\/uploads\\\/2024\\\/10\\\/hirurgija13_b.jpg\",\"title\":\"hirurgija13_b\"}},{\"type\":\"gallery_item\",\"props\":{\"image\":\"wp-content\\\/uploads\\\/2024\\\/10\\\/hirurgija14_b.jpg\",\"title\":\"hirurgija14_b\"}},{\"type\":\"gallery_item\",\"props\":{\"image\":\"wp-content\\\/uploads\\\/2024\\\/10\\\/hirurgija15_b.jpg\",\"title\":\"hirurgija15_b\"}},{\"type\":\"gallery_item\",\"props\":{\"image\":\"wp-content\\\/uploads\\\/2024\\\/10\\\/hirurgija16_b.jpg\",\"title\":\"hirurgija16_b\"}},{\"type\":\"gallery_item\",\"props\":{\"image\":\"wp-content\\\/uploads\\\/2024\\\/10\\\/hirurgija17_b.jpg\",\"title\":\"hirurgija17_b\"}}]},{\"type\":\"text\",\"props\":{\"column_breakpoint\":\"m\",\"content\":\"\n\n<ul>\\n\n\n<li>implantacija (ugra\\u0111ivanje ve\\u0161ta\\u010dkog korena radi nadokna\\u0111ivanja izgubljenog zuba)<\\\/li>\\n<\\\/ul>\",\"margin\":\"default\"}},{\"type\":\"gallery\",\"props\":{\"filter_align\":\"left\",\"filter_all\":true,\"filter_grid_breakpoint\":\"m\",\"filter_grid_width\":\"auto\",\"filter_position\":\"top\",\"filter_style\":\"tab\",\"grid_default\":\"1\",\"grid_large\":\"4\",\"grid_medium\":\"4\",\"item_animation\":true,\"link_style\":\"default\",\"link_text\":\"Read more\",\"margin\":\"default\",\"meta_align\":\"below-title\",\"meta_element\":\"div\",\"meta_style\":\"text-meta\",\"overlay_hover\":true,\"overlay_mode\":\"cover\",\"overlay_position\":\"center\",\"overlay_style\":\"overlay-primary\",\"overlay_transition\":\"fade\",\"show_content\":true,\"show_hover_image\":true,\"show_hover_video\":true,\"show_link\":true,\"show_meta\":true,\"show_title\":false,\"text_align\":\"center\",\"text_color\":\"light\",\"title_element\":\"h3\",\"title_hover_style\":\"reset\"},\"children\":[{\"type\":\"gallery_item\",\"props\":{\"image\":\"wp-content\\\/uploads\\\/2024\\\/10\\\/hirurgija18_b.jpg\",\"title\":\"hirurgija18_b\"}},{\"type\":\"gallery_item\",\"props\":{\"image\":\"wp-content\\\/uploads\\\/2024\\\/10\\\/hirurgija19_b.jpg\",\"title\":\"hirurgija19_b\"}},{\"type\":\"gallery_item\",\"props\":{\"image\":\"wp-content\\\/uploads\\\/2024\\\/10\\\/hirurgija20_b.jpg\",\"title\":\"hirurgija20_b\"}},{\"type\":\"gallery_item\",\"props\":{\"image\":\"wp-content\\\/uploads\\\/2024\\\/10\\\/hirurgija21_b.jpg\",\"title\":\"hirurgija21_b\"}}]}]}]}]}],\"version\":\"4.4.5\"} --><\/p>\n","protected":false},"excerpt":{"rendered":"<p>Oralna hirurgija Oralna hirurgija nije tako odvojena grana stomatologije, kao \u0161to je op\u0161ta hirurgija odvojena od medicine, zato ve\u0107ina na\u0161ih intervencija mo\u017ee da se uradi u stomatolo\u0161koj stolici, bez potrebe da se pacijent uspava. Svaku intervenciju vr\u0161imo u lokalnoj anesteziji, a samo komplikovane slu\u010dajeve upu\u0107ujemo kod specijaliste iz oralne hirurgije. Ukratko o uslugama koje vr\u0161imo: [&hellip;]<\/p>\n","protected":false},"author":1,"featured_media":0,"parent":0,"menu_order":0,"comment_status":"closed","ping_status":"closed","template":"","meta":{"_acf_changed":false,"footnotes":""},"class_list":["post-2660","page","type-page","status-publish","hentry"],"acf":[],"_links":{"self":[{"href":"https:\/\/prodent.rs\/sr\/wp-json\/wp\/v2\/pages\/2660","targetHints":{"allow":["GET"]}}],"collection":[{"href":"https:\/\/prodent.rs\/sr\/wp-json\/wp\/v2\/pages"}],"about":[{"href":"https:\/\/prodent.rs\/sr\/wp-json\/wp\/v2\/types\/page"}],"author":[{"embeddable":true,"href":"https:\/\/prodent.rs\/sr\/wp-json\/wp\/v2\/users\/1"}],"replies":[{"embeddable":true,"href":"https:\/\/prodent.rs\/sr\/wp-json\/wp\/v2\/comments?post=2660"}],"version-history":[{"count":4,"href":"https:\/\/prodent.rs\/sr\/wp-json\/wp\/v2\/pages\/2660\/revisions"}],"predecessor-version":[{"id":2793,"href":"https:\/\/prodent.rs\/sr\/wp-json\/wp\/v2\/pages\/2660\/revisions\/2793"}],"wp:attachment":[{"href":"https:\/\/prodent.rs\/sr\/wp-json\/wp\/v2\/media?parent=2660"}],"curies":[{"name":"wp","href":"https:\/\/api.w.org\/{rel}","templated":true}]}}