{"id":2629,"date":"2024-10-21T11:07:36","date_gmt":"2024-10-21T11:07:36","guid":{"rendered":"https:\/\/prodent.rs\/sr\/?page_id=2629"},"modified":"2025-01-09T15:46:20","modified_gmt":"2025-01-09T15:46:20","slug":"ispuni","status":"publish","type":"page","link":"https:\/\/prodent.rs\/sr\/ispuni\/","title":{"rendered":"Ispuni"},"content":{"rendered":"<p><img decoding=\"async\" src=\"\/sr\/wp-content\/uploads\/yootheme\/icon-services-dental-surgery.svg\" alt=\"\"><\/p>\n<h1>Ispuni<\/h1>\n<div>\n<p>Po uklanjanju karijesnih masa, ispunom se nadokna\u0111uje izgubljeni deo zuba, u estetskom i funkcionalnom smislu. Po\u0161to je uklanjanje karijesnih masa bolan proces kod dubljih kaviteta,<span>\u00a0<\/span><span class=\"sadrzajh2\">zato isto vr\u0161imo samo pod lokalnom anestezijom!<\/span><\/p>\n<p>Prate\u0107i na\u010dela estetske stomatologije XXI. veka, u na\u0161oj ordinaciji veoma retko se izra\u0111uje amalgamski ispun, i to samo u onim slu\u010dajevima, kad je beli ispun iz vi\u0161e razloga kontraindikovan. Neka slede\u0107e slike budu dokaz, da i ovakav ispun mo\u017ee biti lep, iako nije nevidljiv!<\/p>\n<\/div>\n<ul>\n<li>\n<p>        <img decoding=\"async\" src=\"\/sr\/wp-content\/uploads\/2024\/10\/ispuni1_b.jpg\" alt=\"\"><\/p>\n<h3>ispuni1_b<\/h3>\n<\/li>\n<li>\n<p>        <img decoding=\"async\" src=\"\/sr\/wp-content\/uploads\/2024\/10\/ispuni2_b.jpg\" alt=\"\"><\/p>\n<h3>ispuni2_b<\/h3>\n<\/li>\n<li>\n<p>        <img decoding=\"async\" src=\"\/sr\/wp-content\/uploads\/2024\/10\/ispuni3_b.jpg\" alt=\"\"><\/p>\n<h3>ispuni3_b<\/h3>\n<\/li>\n<\/ul>\n<div>\n<p>Jedan od za\u0161titnih znakova na\u0161e ordinacije su beli ispuni, koji se izra\u0111uju maksimalno prate\u0107i na\u010dela estetske stomatologije. Mi umesto belih ispuna \u201ejezeraca\u201d, skoro potpuno nevidljivo nadokna\u0111ujemo karijesom izgubljeni deo zuba. U stvari zubi se kod nas ne plombiraju, nego se estetski i funkcionalno rekonstrui\u0161u. Evo nekoliko dokaza, da ova nije prazna pri\u010da:<\/p>\n<p class=\"sadrzajh2\"><strong>Zadnji ispuni:<\/strong><\/p>\n<\/div>\n<ul>\n<li>\n<p>        <img decoding=\"async\" src=\"\/sr\/wp-content\/uploads\/2024\/10\/ispuni4_b.jpg\" alt=\"\"><\/p>\n<h3>ispuni4_b<\/h3>\n<\/li>\n<li>\n<p>        <img decoding=\"async\" src=\"\/sr\/wp-content\/uploads\/2024\/10\/ispuni5_b.jpg\" alt=\"\"><\/p>\n<h3>ispuni5_b<\/h3>\n<\/li>\n<li>\n<p>        <img decoding=\"async\" src=\"\/sr\/wp-content\/uploads\/2024\/10\/ispuni6_b.jpg\" alt=\"\"><\/p>\n<h3>ispuni6_b<\/h3>\n<\/li>\n<li>\n<p>        <img decoding=\"async\" src=\"\/sr\/wp-content\/uploads\/2024\/10\/ispuni7_b.jpg\" alt=\"\"><\/p>\n<h3>ispuni7_b<\/h3>\n<\/li>\n<li>\n<p>        <img decoding=\"async\" src=\"\/sr\/wp-content\/uploads\/2024\/10\/ispuni8_b.jpg\" alt=\"\"><\/p>\n<h3>ispuni8_b<\/h3>\n<\/li>\n<li>\n<p>        <img decoding=\"async\" src=\"\/sr\/wp-content\/uploads\/2024\/10\/ispuni9_b.jpg\" alt=\"\"><\/p>\n<h3>ispuni9_b<\/h3>\n<\/li>\n<\/ul>\n<div>\n<p><strong>Zadnje nadogradnje:<\/strong><\/p>\n<\/div>\n<ul>\n<li>\n<p>        <img decoding=\"async\" src=\"\/sr\/wp-content\/uploads\/2024\/10\/ispuni10_b.jpg\" alt=\"\"><\/p>\n<h3>ispuni10_b<\/h3>\n<\/li>\n<li>\n<p>        <img decoding=\"async\" src=\"\/sr\/wp-content\/uploads\/2024\/10\/ispuni11_b.jpg\" alt=\"\"><\/p>\n<h3>ispuni11_b<\/h3>\n<\/li>\n<li>\n<p>        <img decoding=\"async\" src=\"\/sr\/wp-content\/uploads\/2024\/10\/ispuni12_b.jpg\" alt=\"\"><\/p>\n<h3>ispuni12_b<\/h3>\n<\/li>\n<li>\n<p>        <img decoding=\"async\" src=\"\/sr\/wp-content\/uploads\/2024\/10\/ispuni13_b.jpg\" alt=\"\"><\/p>\n<h3>ispuni13_b<\/h3>\n<\/li>\n<li>\n<p>        <img decoding=\"async\" src=\"\/sr\/wp-content\/uploads\/2024\/10\/ispuni14_b.jpg\" alt=\"\"><\/p>\n<h3>ispuni14_b<\/h3>\n<\/li>\n<li>\n<p>        <img decoding=\"async\" src=\"\/sr\/wp-content\/uploads\/2024\/10\/ispuni15_b.jpg\" alt=\"\"><\/p>\n<h3>ispuni15_b<\/h3>\n<\/li>\n<\/ul>\n<div>\n<p><strong>Prednji ispuni:<\/strong><\/p>\n<\/div>\n<ul>\n<li>\n<p>        <img decoding=\"async\" src=\"\/sr\/wp-content\/uploads\/2024\/10\/ispuni16_b.jpg\" alt=\"\"><\/p>\n<h3>ispuni16_b<\/h3>\n<\/li>\n<li>\n<p>        <img decoding=\"async\" src=\"\/sr\/wp-content\/uploads\/2024\/10\/ispuni17_b.jpg\" alt=\"\"><\/p>\n<h3>ispuni17_b<\/h3>\n<\/li>\n<li>\n<p>        <img decoding=\"async\" src=\"\/sr\/wp-content\/uploads\/2024\/10\/ispuni18_b.jpg\" alt=\"\"><\/p>\n<h3>ispuni18_b<\/h3>\n<\/li>\n<li>\n<p>        <img decoding=\"async\" src=\"\/sr\/wp-content\/uploads\/2024\/10\/ispuni19_b.jpg\" alt=\"\"><\/p>\n<h3>ispuni19_b<\/h3>\n<\/li>\n<li>\n<p>        <img decoding=\"async\" src=\"\/sr\/wp-content\/uploads\/2024\/10\/ispuni20_b.jpg\" alt=\"\"><\/p>\n<h3>ispuni20_b<\/h3>\n<\/li>\n<li>\n<p>        <img decoding=\"async\" src=\"\/sr\/wp-content\/uploads\/2024\/10\/ispuni21_b.jpg\" alt=\"\"><\/p>\n<h3>ispuni21_b<\/h3>\n<\/li>\n<\/ul>\n<div>\n<p><strong>Prednje nadogradnje (direktne fasete):<\/strong><\/p>\n<\/div>\n<ul>\n<li>\n<p>        <img decoding=\"async\" src=\"\/sr\/wp-content\/uploads\/2024\/10\/ispuni22_b.jpg\" alt=\"\"><\/p>\n<h3>ispuni22_b<\/h3>\n<\/li>\n<li>\n<p>        <img decoding=\"async\" src=\"\/sr\/wp-content\/uploads\/2024\/10\/ispuni23_b.jpg\" alt=\"\"><\/p>\n<h3>ispuni23_b<\/h3>\n<\/li>\n<li>\n<p>        <img decoding=\"async\" src=\"\/sr\/wp-content\/uploads\/2024\/10\/ispuni24_b.jpg\" alt=\"\"><\/p>\n<h3>ispuni24_b<\/h3>\n<\/li>\n<li>\n<p>        <img decoding=\"async\" src=\"\/sr\/wp-content\/uploads\/2024\/10\/ispuni25_b.jpg\" alt=\"\"><\/p>\n<h3>ispuni25_b<\/h3>\n<\/li>\n<li>\n<p>        <img decoding=\"async\" src=\"\/sr\/wp-content\/uploads\/2024\/10\/ispuni26_b.jpg\" alt=\"\"><\/p>\n<h3>ispuni26_b<\/h3>\n<\/li>\n<li>\n<p>        <img decoding=\"async\" src=\"\/sr\/wp-content\/uploads\/2024\/10\/ispuni27_b.jpg\" alt=\"\"><\/p>\n<h3>ispuni27_b<\/h3>\n<\/li>\n<\/ul>\n<div>\n<p><span>Da bi ovakvi ispuni ostali gore vi\u0111eni, neophodno ih je redovno odr\u017eavati kod ku\u0107e, a redovno i kod stolmatologa.<\/span><\/p>\n<\/div>\n<p><!--more--><br \/>\n<!-- {\"type\":\"layout\",\"children\":[{\"type\":\"section\",\"props\":{\"image_position\":\"center-center\",\"style\":\"default\",\"title_breakpoint\":\"xl\",\"title_position\":\"top-left\",\"title_rotation\":\"left\",\"vertical_align\":\"middle\",\"width\":\"default\"},\"children\":[{\"type\":\"row\",\"children\":[{\"type\":\"column\",\"props\":{\"image_position\":\"center-center\",\"position_sticky_breakpoint\":\"m\"},\"children\":[{\"type\":\"image\",\"props\":{\"image\":\"wp-content\\\/uploads\\\/yootheme\\\/icon-services-dental-surgery.svg\",\"image_svg_color\":\"emphasis\",\"margin\":\"default\"}},{\"type\":\"headline\",\"props\":{\"content\":\"Ispuni\",\"title_element\":\"h1\"}},{\"type\":\"text\",\"props\":{\"column_breakpoint\":\"m\",\"content\":\"\n\n<p>Po uklanjanju karijesnih masa, ispunom se nadokna\\u0111uje izgubljeni deo zuba, u estetskom i funkcionalnom smislu. Po\\u0161to je uklanjanje karijesnih masa bolan proces kod dubljih kaviteta,<span>\\u00a0<\\\/span><span class=\\\"sadrzajh2\\\">zato isto vr\\u0161imo samo pod lokalnom anestezijom!<\\\/span><\\\/p>\\n\n\n<p><br \\\/>Prate\\u0107i na\\u010dela estetske stomatologije XXI. veka, u na\\u0161oj ordinaciji veoma retko se izra\\u0111uje amalgamski ispun, i to samo u onim slu\\u010dajevima, kad je beli ispun iz vi\\u0161e razloga kontraindikovan. Neka slede\\u0107e slike budu dokaz, da i ovakav ispun mo\\u017ee biti lep, iako nije nevidljiv!<\\\/p>\",\"margin\":\"default\"}},{\"type\":\"gallery\",\"props\":{\"filter_align\":\"left\",\"filter_all\":true,\"filter_grid_breakpoint\":\"m\",\"filter_grid_width\":\"auto\",\"filter_position\":\"top\",\"filter_style\":\"tab\",\"grid_default\":\"1\",\"grid_medium\":\"3\",\"item_animation\":true,\"link_style\":\"default\",\"link_text\":\"Read more\",\"margin\":\"default\",\"meta_align\":\"below-title\",\"meta_element\":\"div\",\"meta_style\":\"text-meta\",\"overlay_hover\":true,\"overlay_mode\":\"cover\",\"overlay_position\":\"center\",\"overlay_style\":\"overlay-primary\",\"overlay_transition\":\"fade\",\"show_content\":true,\"show_hover_image\":true,\"show_hover_video\":true,\"show_link\":true,\"show_meta\":true,\"show_title\":false,\"text_align\":\"center\",\"text_color\":\"light\",\"title_element\":\"h3\",\"title_hover_style\":\"reset\"},\"children\":[{\"type\":\"gallery_item\",\"props\":{\"image\":\"wp-content\\\/uploads\\\/2024\\\/10\\\/ispuni1_b.jpg\",\"title\":\"ispuni1_b\"}},{\"type\":\"gallery_item\",\"props\":{\"image\":\"wp-content\\\/uploads\\\/2024\\\/10\\\/ispuni2_b.jpg\",\"title\":\"ispuni2_b\"}},{\"type\":\"gallery_item\",\"props\":{\"image\":\"wp-content\\\/uploads\\\/2024\\\/10\\\/ispuni3_b.jpg\",\"title\":\"ispuni3_b\"}}]},{\"type\":\"text\",\"props\":{\"column_breakpoint\":\"m\",\"content\":\"\n\n<p>Jedan od za\\u0161titnih znakova na\\u0161e ordinacije su beli ispuni, koji se izra\\u0111uju maksimalno prate\\u0107i na\\u010dela estetske stomatologije. Mi umesto belih ispuna \\u201ejezeraca\\u201d, skoro potpuno nevidljivo nadokna\\u0111ujemo karijesom izgubljeni deo zuba. U stvari zubi se kod nas ne plombiraju, nego se estetski i funkcionalno rekonstrui\\u0161u. Evo nekoliko dokaza, da ova nije prazna pri\\u010da:<\\\/p>\\n\n\n<p class=\\\"sadrzajh2\\\"><strong>Zadnji ispuni:<\\\/strong><\\\/p>\",\"margin\":\"default\"}},{\"type\":\"gallery\",\"props\":{\"filter_align\":\"left\",\"filter_all\":true,\"filter_grid_breakpoint\":\"m\",\"filter_grid_width\":\"auto\",\"filter_position\":\"top\",\"filter_style\":\"tab\",\"grid_default\":\"1\",\"grid_medium\":\"3\",\"item_animation\":true,\"link_style\":\"default\",\"link_text\":\"Read more\",\"margin\":\"default\",\"meta_align\":\"below-title\",\"meta_element\":\"div\",\"meta_style\":\"text-meta\",\"overlay_hover\":true,\"overlay_mode\":\"cover\",\"overlay_position\":\"center\",\"overlay_style\":\"overlay-primary\",\"overlay_transition\":\"fade\",\"show_content\":true,\"show_hover_image\":true,\"show_hover_video\":true,\"show_link\":true,\"show_meta\":true,\"show_title\":false,\"text_align\":\"center\",\"text_color\":\"light\",\"title_element\":\"h3\",\"title_hover_style\":\"reset\"},\"children\":[{\"type\":\"gallery_item\",\"props\":{\"image\":\"wp-content\\\/uploads\\\/2024\\\/10\\\/ispuni4_b.jpg\",\"title\":\"ispuni4_b\"}},{\"type\":\"gallery_item\",\"props\":{\"image\":\"wp-content\\\/uploads\\\/2024\\\/10\\\/ispuni5_b.jpg\",\"title\":\"ispuni5_b\"}},{\"type\":\"gallery_item\",\"props\":{\"image\":\"wp-content\\\/uploads\\\/2024\\\/10\\\/ispuni6_b.jpg\",\"title\":\"ispuni6_b\"}},{\"type\":\"gallery_item\",\"props\":{\"image\":\"wp-content\\\/uploads\\\/2024\\\/10\\\/ispuni7_b.jpg\",\"title\":\"ispuni7_b\"}},{\"type\":\"gallery_item\",\"props\":{\"image\":\"wp-content\\\/uploads\\\/2024\\\/10\\\/ispuni8_b.jpg\",\"title\":\"ispuni8_b\"}},{\"type\":\"gallery_item\",\"props\":{\"image\":\"wp-content\\\/uploads\\\/2024\\\/10\\\/ispuni9_b.jpg\",\"title\":\"ispuni9_b\"}}]},{\"type\":\"text\",\"props\":{\"column_breakpoint\":\"m\",\"content\":\"\n\n<p><strong>Zadnje nadogradnje:<\\\/strong><\\\/p>\",\"margin\":\"default\"}},{\"type\":\"gallery\",\"props\":{\"filter_align\":\"left\",\"filter_all\":true,\"filter_grid_breakpoint\":\"m\",\"filter_grid_width\":\"auto\",\"filter_position\":\"top\",\"filter_style\":\"tab\",\"grid_default\":\"1\",\"grid_medium\":\"3\",\"item_animation\":true,\"link_style\":\"default\",\"link_text\":\"Read more\",\"margin\":\"default\",\"meta_align\":\"below-title\",\"meta_element\":\"div\",\"meta_style\":\"text-meta\",\"overlay_hover\":true,\"overlay_mode\":\"cover\",\"overlay_position\":\"center\",\"overlay_style\":\"overlay-primary\",\"overlay_transition\":\"fade\",\"show_content\":true,\"show_hover_image\":true,\"show_hover_video\":true,\"show_link\":true,\"show_meta\":true,\"show_title\":false,\"text_align\":\"center\",\"text_color\":\"light\",\"title_element\":\"h3\",\"title_hover_style\":\"reset\"},\"children\":[{\"type\":\"gallery_item\",\"props\":{\"image\":\"wp-content\\\/uploads\\\/2024\\\/10\\\/ispuni10_b.jpg\",\"title\":\"ispuni10_b\"}},{\"type\":\"gallery_item\",\"props\":{\"image\":\"wp-content\\\/uploads\\\/2024\\\/10\\\/ispuni11_b.jpg\",\"title\":\"ispuni11_b\"}},{\"type\":\"gallery_item\",\"props\":{\"image\":\"wp-content\\\/uploads\\\/2024\\\/10\\\/ispuni12_b.jpg\",\"title\":\"ispuni12_b\"}},{\"type\":\"gallery_item\",\"props\":{\"image\":\"wp-content\\\/uploads\\\/2024\\\/10\\\/ispuni13_b.jpg\",\"title\":\"ispuni13_b\"}},{\"type\":\"gallery_item\",\"props\":{\"image\":\"wp-content\\\/uploads\\\/2024\\\/10\\\/ispuni14_b.jpg\",\"title\":\"ispuni14_b\"}},{\"type\":\"gallery_item\",\"props\":{\"image\":\"wp-content\\\/uploads\\\/2024\\\/10\\\/ispuni15_b.jpg\",\"title\":\"ispuni15_b\"}}]},{\"type\":\"text\",\"props\":{\"column_breakpoint\":\"m\",\"content\":\"\n\n<p><strong>Prednji ispuni:<\\\/strong><\\\/p>\",\"margin\":\"default\"}},{\"type\":\"gallery\",\"props\":{\"filter_align\":\"left\",\"filter_all\":true,\"filter_grid_breakpoint\":\"m\",\"filter_grid_width\":\"auto\",\"filter_position\":\"top\",\"filter_style\":\"tab\",\"grid_default\":\"1\",\"grid_medium\":\"3\",\"item_animation\":true,\"link_style\":\"default\",\"link_text\":\"Read more\",\"margin\":\"default\",\"meta_align\":\"below-title\",\"meta_element\":\"div\",\"meta_style\":\"text-meta\",\"overlay_hover\":true,\"overlay_mode\":\"cover\",\"overlay_position\":\"center\",\"overlay_style\":\"overlay-primary\",\"overlay_transition\":\"fade\",\"show_content\":true,\"show_hover_image\":true,\"show_hover_video\":true,\"show_link\":true,\"show_meta\":true,\"show_title\":false,\"text_align\":\"center\",\"text_color\":\"light\",\"title_element\":\"h3\",\"title_hover_style\":\"reset\"},\"children\":[{\"type\":\"gallery_item\",\"props\":{\"image\":\"wp-content\\\/uploads\\\/2024\\\/10\\\/ispuni16_b.jpg\",\"title\":\"ispuni16_b\"}},{\"type\":\"gallery_item\",\"props\":{\"image\":\"wp-content\\\/uploads\\\/2024\\\/10\\\/ispuni17_b.jpg\",\"title\":\"ispuni17_b\"}},{\"type\":\"gallery_item\",\"props\":{\"image\":\"wp-content\\\/uploads\\\/2024\\\/10\\\/ispuni18_b.jpg\",\"title\":\"ispuni18_b\"}},{\"type\":\"gallery_item\",\"props\":{\"image\":\"wp-content\\\/uploads\\\/2024\\\/10\\\/ispuni19_b.jpg\",\"title\":\"ispuni19_b\"}},{\"type\":\"gallery_item\",\"props\":{\"image\":\"wp-content\\\/uploads\\\/2024\\\/10\\\/ispuni20_b.jpg\",\"title\":\"ispuni20_b\"}},{\"type\":\"gallery_item\",\"props\":{\"image\":\"wp-content\\\/uploads\\\/2024\\\/10\\\/ispuni21_b.jpg\",\"title\":\"ispuni21_b\"}}]},{\"type\":\"text\",\"props\":{\"column_breakpoint\":\"m\",\"content\":\"\n\n<p><strong>Prednje nadogradnje (direktne fasete):<\\\/strong><\\\/p>\",\"margin\":\"default\"}},{\"type\":\"gallery\",\"props\":{\"filter_align\":\"left\",\"filter_all\":true,\"filter_grid_breakpoint\":\"m\",\"filter_grid_width\":\"auto\",\"filter_position\":\"top\",\"filter_style\":\"tab\",\"grid_default\":\"1\",\"grid_medium\":\"3\",\"item_animation\":true,\"link_style\":\"default\",\"link_text\":\"Read more\",\"margin\":\"default\",\"meta_align\":\"below-title\",\"meta_element\":\"div\",\"meta_style\":\"text-meta\",\"overlay_hover\":true,\"overlay_mode\":\"cover\",\"overlay_position\":\"center\",\"overlay_style\":\"overlay-primary\",\"overlay_transition\":\"fade\",\"show_content\":true,\"show_hover_image\":true,\"show_hover_video\":true,\"show_link\":true,\"show_meta\":true,\"show_title\":false,\"text_align\":\"center\",\"text_color\":\"light\",\"title_element\":\"h3\",\"title_hover_style\":\"reset\"},\"children\":[{\"type\":\"gallery_item\",\"props\":{\"image\":\"wp-content\\\/uploads\\\/2024\\\/10\\\/ispuni22_b.jpg\",\"title\":\"ispuni22_b\"}},{\"type\":\"gallery_item\",\"props\":{\"image\":\"wp-content\\\/uploads\\\/2024\\\/10\\\/ispuni23_b.jpg\",\"title\":\"ispuni23_b\"}},{\"type\":\"gallery_item\",\"props\":{\"image\":\"wp-content\\\/uploads\\\/2024\\\/10\\\/ispuni24_b.jpg\",\"title\":\"ispuni24_b\"}},{\"type\":\"gallery_item\",\"props\":{\"image\":\"wp-content\\\/uploads\\\/2024\\\/10\\\/ispuni25_b.jpg\",\"title\":\"ispuni25_b\"}},{\"type\":\"gallery_item\",\"props\":{\"image\":\"wp-content\\\/uploads\\\/2024\\\/10\\\/ispuni26_b.jpg\",\"title\":\"ispuni26_b\"}},{\"type\":\"gallery_item\",\"props\":{\"image\":\"wp-content\\\/uploads\\\/2024\\\/10\\\/ispuni27_b.jpg\",\"title\":\"ispuni27_b\"}}]},{\"type\":\"text\",\"props\":{\"column_breakpoint\":\"m\",\"content\":\"\n\n<p><span>Da bi ovakvi ispuni ostali gore vi\\u0111eni, neophodno ih je redovno odr\\u017eavati kod ku\\u0107e, a redovno i kod stolmatologa.<\\\/span><\\\/p>\",\"margin\":\"default\"}}]}]}]}],\"version\":\"4.4.5\"} --><\/p>\n","protected":false},"excerpt":{"rendered":"<p>Ispuni Po uklanjanju karijesnih masa, ispunom se nadokna\u0111uje izgubljeni deo zuba, u estetskom i funkcionalnom smislu. Po\u0161to je uklanjanje karijesnih masa bolan proces kod dubljih kaviteta,\u00a0zato isto vr\u0161imo samo pod lokalnom anestezijom! Prate\u0107i na\u010dela estetske stomatologije XXI. veka, u na\u0161oj ordinaciji veoma retko se izra\u0111uje amalgamski ispun, i to samo u onim slu\u010dajevima, kad je [&hellip;]<\/p>\n","protected":false},"author":1,"featured_media":0,"parent":0,"menu_order":0,"comment_status":"closed","ping_status":"closed","template":"","meta":{"_acf_changed":false,"footnotes":""},"class_list":["post-2629","page","type-page","status-publish","hentry"],"acf":[],"_links":{"self":[{"href":"https:\/\/prodent.rs\/sr\/wp-json\/wp\/v2\/pages\/2629","targetHints":{"allow":["GET"]}}],"collection":[{"href":"https:\/\/prodent.rs\/sr\/wp-json\/wp\/v2\/pages"}],"about":[{"href":"https:\/\/prodent.rs\/sr\/wp-json\/wp\/v2\/types\/page"}],"author":[{"embeddable":true,"href":"https:\/\/prodent.rs\/sr\/wp-json\/wp\/v2\/users\/1"}],"replies":[{"embeddable":true,"href":"https:\/\/prodent.rs\/sr\/wp-json\/wp\/v2\/comments?post=2629"}],"version-history":[{"count":4,"href":"https:\/\/prodent.rs\/sr\/wp-json\/wp\/v2\/pages\/2629\/revisions"}],"predecessor-version":[{"id":2791,"href":"https:\/\/prodent.rs\/sr\/wp-json\/wp\/v2\/pages\/2629\/revisions\/2791"}],"wp:attachment":[{"href":"https:\/\/prodent.rs\/sr\/wp-json\/wp\/v2\/media?parent=2629"}],"curies":[{"name":"wp","href":"https:\/\/api.w.org\/{rel}","templated":true}]}}