{"id":2614,"date":"2024-10-21T11:07:22","date_gmt":"2024-10-21T11:07:22","guid":{"rendered":"https:\/\/prodent.rs\/sr\/?page_id=2614"},"modified":"2025-01-09T15:47:18","modified_gmt":"2025-01-09T15:47:18","slug":"lecenje-korena","status":"publish","type":"page","link":"https:\/\/prodent.rs\/sr\/lecenje-korena\/","title":{"rendered":"Le\u010denje korena"},"content":{"rendered":"<p><img decoding=\"async\" src=\"\/sr\/wp-content\/uploads\/yootheme\/icon-services-endodontics.svg\" alt=\"\"><\/p>\n<h1>Le\u010denje korena<\/h1>\n<div>\n<p>Skoro svaki zub sa zapaljenjem ili gangrenom \u017eivca je preporu\u010dljivo le\u010diti.<\/p>\n<p><strong><span class=\"sadrzajh2\">\u0160ta zna\u010di le\u010denje kanala korena?<\/span><\/strong><span>\u00a0<br \/><\/span>\u0160irenje, dezinfekciju i definitivno punjenje kanala, koji se nalazi u korenu zuba.<\/p>\n<p><strong><span class=\"sadrzajh2\">Za\u0161to je zna\u010dajno da bude kvalitetno?<\/span><\/strong><\/p>\n<p>Ovom terapijom obezbe\u0111ujemo, da oboleli zub dugotrajno ostaje u ustima (\u010dak do\u017eivotno). Dugotrajan ishod kod onog zuba, koji je ve\u0107 bio podvrgnut takvoj terapiji, nikad nije siguran. Iz tih razloga, vi\u0161e se isplati, odmah prvi put izvr\u0161iti kvalitetno le\u010denje kanala.<\/p>\n<p><strong><span class=\"sadrzajh2\">Da li je bolna intervencija?<\/span><\/strong><\/p>\n<p>Ne, jer ga vr\u0161imo<span>\u00a0<\/span><span class=\"sadrzajh2\">samo u lokalnoj anesteziji!<\/span><\/p>\n<p><strong><span class=\"sadrzajh2\">\u0160ta obezbe\u0111uje kvalitet?<\/span><\/strong><\/p>\n<p>Kori\u0161\u0107enjem rendgena smo obezbedili da uveliko smanjimo broj mogu\u0107ih komplikacija. Kraj kanala se odre\u0111uje pomo\u0107u jednog finog elektri\u010dnog mernog ure\u0111aja (apex lokatora), koji smanjuje broj neophodnih snimaka i tako se uveliko smanjuje ozra\u010denost pacijenta.<\/p>\n<p><strong><span class=\"sadrzajh2\">Uf, pa to zahteva puno vremena i posete!<\/span><\/strong><\/p>\n<p>Neta\u010dno! Upotrebom jako kvalitetnih sredstava za ispiranje kanala smo obezbedili da \u010dak 95 % svih le\u010denja zavr\u0161imo jednoseansno, a i ostatak od 5 % zahteva samo dve posete. Zaboravite vi\u0161emese\u010dna le\u010denja sa \u010destim promenama ulo\u017eaka!<\/p>\n<\/div>\n<ul>\n<li>\n<p>        <img decoding=\"async\" src=\"\/sr\/wp-content\/uploads\/2024\/10\/lecenje-sl1_b.jpg\" alt=\"\"><\/p>\n<h3>lecenje-sl1_b<\/h3>\n<\/li>\n<li>\n<p>        <img decoding=\"async\" src=\"\/sr\/wp-content\/uploads\/2024\/10\/lecenje-sl2_b.jpg\" alt=\"\"><\/p>\n<h3>lecenje-sl2_b<\/h3>\n<\/li>\n<li>\n<p>        <img decoding=\"async\" src=\"\/sr\/wp-content\/uploads\/2024\/10\/lecenje-sl3_b.jpg\" alt=\"\"><\/p>\n<h3>lecenje-sl3_b<\/h3>\n<\/li>\n<li>\n<p>        <img decoding=\"async\" src=\"\/sr\/wp-content\/uploads\/2024\/10\/lecenje-sl4_b.jpg\" alt=\"\"><\/p>\n<h3>lecenje-sl4_b<\/h3>\n<\/li>\n<\/ul>\n<div>\n<p class=\"sadrzajh2\"><strong>Da li se prebojava svaki le\u010den zub?<\/strong><\/p>\n<p>Ne, samo se uo\u010dava kod nepravilno le\u010denih! U takvom slu\u010daju preporu\u010dujemo ponovno le\u010denje datog zuba, a potom beljenjem zuba, koje se vr\u0161i u na\u0161oj ordinaciji, mo\u017ee da se vrati stari sjaj va\u0161eg zuba. Evo jedan primer:<\/p>\n<\/div>\n<ul>\n<li>\n<p>        <img decoding=\"async\" src=\"\/sr\/wp-content\/uploads\/2024\/10\/lecenje-sl6_b.jpg\" alt=\"\"><\/p>\n<\/li>\n<li>\n<p>        <img decoding=\"async\" src=\"\/sr\/wp-content\/uploads\/2024\/10\/lecenje-sl5_b.jpg\" alt=\"\"><\/p>\n<\/li>\n<\/ul>\n<div>\n<p class=\"sadrzajh2\"><strong>Da li su stvarno le\u010deni zubi slabiji?<\/strong><\/p>\n<p>Do le\u010denja u najve\u0107em broju slu\u010dajeva dovode ve\u0107i kvarovi, ali i mi moramo malo vi\u0161e ukloniti od zuba da bih mogli kvalitetno izvesti le\u010denje. Zbog toga su zubi oslabljeni i u ve\u0107ini slu\u010dajeva je preporu\u010dljivo oja\u010dati takve zube. U ovakve svrhe koristimo isklju\u010divo kompozitne ko\u010di\u0107e oja\u010dane staklenim vlaknima (FRC), jer njihov elasticitet najvi\u0161e odgovara onim od zuba i zbog toga je mnogo manja mogu\u0107nost, nego kod metalnih ko\u010di\u0107a da dovode do preloma korena. O njihovoj estetskoj nadmo\u0107nosti nema smisla ni pri\u010dati. Uverite se u to na osnovu slede\u0107ih slika i zaboravite sive desni zbog metalnih ko\u010di\u0107a!<\/p>\n<\/div>\n<ul>\n<li>\n<p>        <img decoding=\"async\" src=\"\/sr\/wp-content\/uploads\/2024\/10\/lecenje-sl7_b.jpg\" alt=\"\"><\/p>\n<h3>lecenje-sl7_b<\/h3>\n<\/li>\n<li>\n<p>        <img decoding=\"async\" src=\"\/sr\/wp-content\/uploads\/2024\/10\/lecenje-sl8_b.jpg\" alt=\"\"><\/p>\n<h3>lecenje-sl8_b<\/h3>\n<\/li>\n<li>\n<p>        <img decoding=\"async\" src=\"\/sr\/wp-content\/uploads\/2024\/10\/lecenje-sl9_b.jpg\" alt=\"\"><\/p>\n<h3>lecenje-sl9_b<\/h3>\n<\/li>\n<li>\n<p>        <img decoding=\"async\" src=\"\/sr\/wp-content\/uploads\/2024\/10\/lecenje-sl10_b.jpg\" alt=\"\"><\/p>\n<h3>lecenje-sl10_b<\/h3>\n<\/li>\n<li>\n<p>        <img decoding=\"async\" src=\"\/sr\/wp-content\/uploads\/2024\/10\/lecenje-sl11_b.jpg\" alt=\"\"><\/p>\n<h3>lecenje-sl11_b<\/h3>\n<\/li>\n<li>\n<p>        <img decoding=\"async\" src=\"\/sr\/wp-content\/uploads\/2024\/10\/lecenje-sl12_b.jpg\" alt=\"\"><\/p>\n<h3>lecenje-sl12_b<\/h3>\n<\/li>\n<\/ul>\n<p><!--more--><br \/>\n<!-- {\"type\":\"layout\",\"children\":[{\"type\":\"section\",\"props\":{\"image_position\":\"center-center\",\"style\":\"default\",\"title_breakpoint\":\"xl\",\"title_position\":\"top-left\",\"title_rotation\":\"left\",\"vertical_align\":\"middle\",\"width\":\"default\"},\"children\":[{\"type\":\"row\",\"children\":[{\"type\":\"column\",\"props\":{\"image_position\":\"center-center\",\"position_sticky_breakpoint\":\"m\"},\"children\":[{\"type\":\"image\",\"props\":{\"image\":\"wp-content\\\/uploads\\\/yootheme\\\/icon-services-endodontics.svg\",\"image_svg_color\":\"emphasis\",\"margin\":\"default\"}},{\"type\":\"headline\",\"props\":{\"content\":\"Le\\u010denje korena\",\"title_element\":\"h1\"}},{\"type\":\"text\",\"props\":{\"column_breakpoint\":\"m\",\"content\":\"\n\n<p>Skoro svaki zub sa zapaljenjem ili gangrenom \\u017eivca je preporu\\u010dljivo le\\u010diti.<\\\/p>\\n\n\n<p><br \\\/><strong><span class=\\\"sadrzajh2\\\">\\u0160ta zna\\u010di le\\u010denje kanala korena?<\\\/span><\\\/strong><span>\\u00a0<br \\\/><\\\/span>\\u0160irenje, dezinfekciju i definitivno punjenje kanala, koji se nalazi u korenu zuba.<\\\/p>\\n\n\n<p><br \\\/><strong><span class=\\\"sadrzajh2\\\">Za\\u0161to je zna\\u010dajno da bude kvalitetno?<\\\/span><\\\/strong><\\\/p>\\n\n\n<p>Ovom terapijom obezbe\\u0111ujemo, da oboleli zub dugotrajno ostaje u ustima (\\u010dak do\\u017eivotno). Dugotrajan ishod kod onog zuba, koji je ve\\u0107 bio podvrgnut takvoj terapiji, nikad nije siguran. Iz tih razloga, vi\\u0161e se isplati, odmah prvi put izvr\\u0161iti kvalitetno le\\u010denje kanala.<\\\/p>\\n\n\n<p><br \\\/><strong><span class=\\\"sadrzajh2\\\">Da li je bolna intervencija?<\\\/span><\\\/strong><\\\/p>\\n\n\n<p>Ne, jer ga vr\\u0161imo<span>\\u00a0<\\\/span><span class=\\\"sadrzajh2\\\">samo u lokalnoj anesteziji!<\\\/span><\\\/p>\\n\n\n<p><br \\\/><strong><span class=\\\"sadrzajh2\\\">\\u0160ta obezbe\\u0111uje kvalitet?<\\\/span><\\\/strong><\\\/p>\\n\n\n<p>Kori\\u0161\\u0107enjem rendgena smo obezbedili da uveliko smanjimo broj mogu\\u0107ih komplikacija. Kraj kanala se odre\\u0111uje pomo\\u0107u jednog finog elektri\\u010dnog mernog ure\\u0111aja (apex lokatora), koji smanjuje broj neophodnih snimaka i tako se uveliko smanjuje ozra\\u010denost pacijenta.<\\\/p>\\n\n\n<p><br \\\/><strong><span class=\\\"sadrzajh2\\\">Uf, pa to zahteva puno vremena i posete!<\\\/span><\\\/strong><\\\/p>\\n\n\n<p>Neta\\u010dno! Upotrebom jako kvalitetnih sredstava za ispiranje kanala smo obezbedili da \\u010dak 95 % svih le\\u010denja zavr\\u0161imo jednoseansno, a i ostatak od 5 % zahteva samo dve posete. Zaboravite vi\\u0161emese\\u010dna le\\u010denja sa \\u010destim promenama ulo\\u017eaka!<\\\/p>\",\"margin\":\"default\"}},{\"type\":\"gallery\",\"props\":{\"filter\":false,\"filter_align\":\"left\",\"filter_all\":true,\"filter_grid_breakpoint\":\"m\",\"filter_grid_width\":\"auto\",\"filter_position\":\"top\",\"filter_style\":\"tab\",\"grid_column_align\":false,\"grid_default\":\"auto\",\"grid_divider\":false,\"grid_large\":\"4\",\"grid_medium\":\"4\",\"grid_parallax_justify\":false,\"grid_row_align\":false,\"image_loading\":false,\"image_transition_border\":false,\"item_animation\":true,\"lightbox\":true,\"lightbox_image_orientation\":false,\"link_style\":\"default\",\"link_text\":\"detaljnije\",\"margin\":\"default\",\"meta_align\":\"below-title\",\"meta_element\":\"div\",\"meta_style\":\"text-meta\",\"overlay_hover\":false,\"overlay_link\":false,\"overlay_mode\":\"cover\",\"overlay_position\":\"center\",\"overlay_style\":\"overlay-primary\",\"overlay_transition\":\"fade\",\"show_content\":true,\"show_hover_image\":true,\"show_hover_video\":true,\"show_link\":true,\"show_meta\":true,\"show_title\":false,\"text_align\":\"center\",\"text_color\":\"light\",\"title_element\":\"h3\",\"title_hover_style\":\"reset\"},\"children\":[{\"type\":\"gallery_item\",\"props\":{\"image\":\"wp-content\\\/uploads\\\/2024\\\/10\\\/lecenje-sl1_b.jpg\",\"title\":\"lecenje-sl1_b\"}},{\"type\":\"gallery_item\",\"props\":{\"image\":\"wp-content\\\/uploads\\\/2024\\\/10\\\/lecenje-sl2_b.jpg\",\"title\":\"lecenje-sl2_b\"}},{\"type\":\"gallery_item\",\"props\":{\"image\":\"wp-content\\\/uploads\\\/2024\\\/10\\\/lecenje-sl3_b.jpg\",\"title\":\"lecenje-sl3_b\"}},{\"type\":\"gallery_item\",\"props\":{\"image\":\"wp-content\\\/uploads\\\/2024\\\/10\\\/lecenje-sl4_b.jpg\",\"title\":\"lecenje-sl4_b\"}}]},{\"type\":\"text\",\"props\":{\"column_breakpoint\":\"m\",\"content\":\"\n\n<p class=\\\"sadrzajh2\\\"><strong>Da li se prebojava svaki le\\u010den zub?<\\\/strong><\\\/p>\\n\n\n<p>Ne, samo se uo\\u010dava kod nepravilno le\\u010denih! U takvom slu\\u010daju preporu\\u010dujemo ponovno le\\u010denje datog zuba, a potom beljenjem zuba, koje se vr\\u0161i u na\\u0161oj ordinaciji, mo\\u017ee da se vrati stari sjaj va\\u0161eg zuba. Evo jedan primer:<\\\/p>\",\"margin\":\"default\"}},{\"type\":\"gallery\",\"props\":{\"filter_align\":\"left\",\"filter_all\":true,\"filter_grid_breakpoint\":\"m\",\"filter_grid_width\":\"auto\",\"filter_position\":\"top\",\"filter_style\":\"tab\",\"grid_column_align\":true,\"grid_default\":\"1\",\"grid_medium\":\"3\",\"item_animation\":true,\"link_style\":\"default\",\"link_text\":\"Read more\",\"margin\":\"default\",\"meta_align\":\"below-title\",\"meta_element\":\"div\",\"meta_style\":\"text-meta\",\"overlay_hover\":true,\"overlay_mode\":\"cover\",\"overlay_position\":\"center\",\"overlay_style\":\"overlay-primary\",\"overlay_transition\":\"fade\",\"show_content\":true,\"show_hover_image\":true,\"show_hover_video\":true,\"show_link\":true,\"show_meta\":true,\"show_title\":false,\"text_align\":\"center\",\"text_color\":\"light\",\"title_element\":\"h3\",\"title_hover_style\":\"reset\"},\"children\":[{\"type\":\"gallery_item\",\"props\":{\"image\":\"wp-content\\\/uploads\\\/2024\\\/10\\\/lecenje-sl6_b.jpg\"}},{\"type\":\"gallery_item\",\"props\":{\"image\":\"wp-content\\\/uploads\\\/2024\\\/10\\\/lecenje-sl5_b.jpg\"}}]},{\"type\":\"text\",\"props\":{\"column_breakpoint\":\"m\",\"content\":\"\n\n<p class=\\\"sadrzajh2\\\"><strong>Da li su stvarno le\\u010deni zubi slabiji?<\\\/strong><\\\/p>\\n\n\n<p>Do le\\u010denja u najve\\u0107em broju slu\\u010dajeva dovode ve\\u0107i kvarovi, ali i mi moramo malo vi\\u0161e ukloniti od zuba da bih mogli kvalitetno izvesti le\\u010denje. Zbog toga su zubi oslabljeni i u ve\\u0107ini slu\\u010dajeva je preporu\\u010dljivo oja\\u010dati takve zube. U ovakve svrhe koristimo isklju\\u010divo kompozitne ko\\u010di\\u0107e oja\\u010dane staklenim vlaknima (FRC), jer njihov elasticitet najvi\\u0161e odgovara onim od zuba i zbog toga je mnogo manja mogu\\u0107nost, nego kod metalnih ko\\u010di\\u0107a da dovode do preloma korena. O njihovoj estetskoj nadmo\\u0107nosti nema smisla ni pri\\u010dati. Uverite se u to na osnovu slede\\u0107ih slika i zaboravite sive desni zbog metalnih ko\\u010di\\u0107a!<\\\/p>\",\"margin\":\"default\"}},{\"type\":\"gallery\",\"props\":{\"filter_align\":\"left\",\"filter_all\":true,\"filter_grid_breakpoint\":\"m\",\"filter_grid_width\":\"auto\",\"filter_position\":\"top\",\"filter_style\":\"tab\",\"grid_default\":\"1\",\"grid_large\":\"3\",\"grid_medium\":\"3\",\"item_animation\":true,\"link_style\":\"default\",\"link_text\":\"Read more\",\"margin\":\"default\",\"meta_align\":\"below-title\",\"meta_element\":\"div\",\"meta_style\":\"text-meta\",\"overlay_hover\":true,\"overlay_mode\":\"cover\",\"overlay_position\":\"center\",\"overlay_style\":\"overlay-primary\",\"overlay_transition\":\"fade\",\"show_content\":true,\"show_hover_image\":true,\"show_hover_video\":true,\"show_link\":true,\"show_meta\":true,\"show_title\":true,\"text_align\":\"center\",\"text_color\":\"light\",\"title_element\":\"h3\",\"title_hover_style\":\"reset\"},\"children\":[{\"type\":\"gallery_item\",\"props\":{\"image\":\"wp-content\\\/uploads\\\/2024\\\/10\\\/lecenje-sl7_b.jpg\",\"title\":\"lecenje-sl7_b\"}},{\"type\":\"gallery_item\",\"props\":{\"image\":\"wp-content\\\/uploads\\\/2024\\\/10\\\/lecenje-sl8_b.jpg\",\"title\":\"lecenje-sl8_b\"}},{\"type\":\"gallery_item\",\"props\":{\"image\":\"wp-content\\\/uploads\\\/2024\\\/10\\\/lecenje-sl9_b.jpg\",\"title\":\"lecenje-sl9_b\"}},{\"type\":\"gallery_item\",\"props\":{\"image\":\"wp-content\\\/uploads\\\/2024\\\/10\\\/lecenje-sl10_b.jpg\",\"title\":\"lecenje-sl10_b\"}},{\"type\":\"gallery_item\",\"props\":{\"image\":\"wp-content\\\/uploads\\\/2024\\\/10\\\/lecenje-sl11_b.jpg\",\"title\":\"lecenje-sl11_b\"}},{\"type\":\"gallery_item\",\"props\":{\"image\":\"wp-content\\\/uploads\\\/2024\\\/10\\\/lecenje-sl12_b.jpg\",\"title\":\"lecenje-sl12_b\"}}]}]}]}]}],\"version\":\"4.4.5\"} --><\/p>\n","protected":false},"excerpt":{"rendered":"<p>Le\u010denje korena Skoro svaki zub sa zapaljenjem ili gangrenom \u017eivca je preporu\u010dljivo le\u010diti. \u0160ta zna\u010di le\u010denje kanala korena?\u00a0\u0160irenje, dezinfekciju i definitivno punjenje kanala, koji se nalazi u korenu zuba. Za\u0161to je zna\u010dajno da bude kvalitetno? Ovom terapijom obezbe\u0111ujemo, da oboleli zub dugotrajno ostaje u ustima (\u010dak do\u017eivotno). Dugotrajan ishod kod onog zuba, koji je ve\u0107 [&hellip;]<\/p>\n","protected":false},"author":1,"featured_media":0,"parent":0,"menu_order":0,"comment_status":"closed","ping_status":"closed","template":"","meta":{"_acf_changed":false,"footnotes":""},"class_list":["post-2614","page","type-page","status-publish","hentry"],"acf":[],"_links":{"self":[{"href":"https:\/\/prodent.rs\/sr\/wp-json\/wp\/v2\/pages\/2614","targetHints":{"allow":["GET"]}}],"collection":[{"href":"https:\/\/prodent.rs\/sr\/wp-json\/wp\/v2\/pages"}],"about":[{"href":"https:\/\/prodent.rs\/sr\/wp-json\/wp\/v2\/types\/page"}],"author":[{"embeddable":true,"href":"https:\/\/prodent.rs\/sr\/wp-json\/wp\/v2\/users\/1"}],"replies":[{"embeddable":true,"href":"https:\/\/prodent.rs\/sr\/wp-json\/wp\/v2\/comments?post=2614"}],"version-history":[{"count":3,"href":"https:\/\/prodent.rs\/sr\/wp-json\/wp\/v2\/pages\/2614\/revisions"}],"predecessor-version":[{"id":2792,"href":"https:\/\/prodent.rs\/sr\/wp-json\/wp\/v2\/pages\/2614\/revisions\/2792"}],"wp:attachment":[{"href":"https:\/\/prodent.rs\/sr\/wp-json\/wp\/v2\/media?parent=2614"}],"curies":[{"name":"wp","href":"https:\/\/api.w.org\/{rel}","templated":true}]}}