{"id":2449,"date":"2024-10-17T09:46:21","date_gmt":"2024-10-17T09:46:21","guid":{"rendered":"https:\/\/prodent.rs\/sr\/?page_id=2449"},"modified":"2025-01-09T15:45:11","modified_gmt":"2025-01-09T15:45:11","slug":"bolesti-usta-parodontopatije","status":"publish","type":"page","link":"https:\/\/prodent.rs\/sr\/bolesti-usta-parodontopatije\/","title":{"rendered":"Bolesti usta &#8211; Parodontopatije"},"content":{"rendered":"<p><img decoding=\"async\" src=\"\/sr\/wp-content\/uploads\/yootheme\/icon-services-implant-dentistry.svg\" alt=\"\"><\/p>\n<h1><span>Bolesti usta &#8211; Parodontopatije<\/span><\/h1>\n<div>\n<p class=\"sadrzajh2\"><strong>\u0160ta se pod tim podrazmeva?<\/strong><\/p>\n<p>Oboljenja onih tkiva, koja odr\u017eavaju zub u vilici (desni, kost, koren i periodoncijum).<\/p>\n<p><strong><span class=\"sadrzajh2\">Za\u0161to se pla\u0161iti od njih?<\/span><\/strong><\/p>\n<p>Postepeno dovode do labavljenja i gubitka zuba<\/p>\n<p class=\"sadrzajh2\"><strong>Koji su znaci, koje pacijent sam mo\u017ee videti?<\/strong><\/p>\n<p>Krvarenje desni (npr. u toku pranja zuba), uve\u0107ane i crvene desni, zubni kamenac, pojava osetljivosti vrata zuba i karijes istog predela, postepeno labavljenje i migracija zuba.<\/p>\n<\/div>\n<p><img decoding=\"async\" src=\"\/sr\/wp-content\/uploads\/2024\/10\/bolestzuba.jpg\" alt=\"\"><\/p>\n<ul>\n<li>\n<p>        <img decoding=\"async\" src=\"\/sr\/wp-content\/uploads\/2024\/10\/bolusta1_b.jpg\" alt=\"\"><\/p>\n<\/li>\n<li>\n<p>        <img decoding=\"async\" src=\"\/sr\/wp-content\/uploads\/2024\/10\/bolusta2_b.jpg\" alt=\"\"><\/p>\n<\/li>\n<li>\n<p>        <img decoding=\"async\" src=\"\/sr\/wp-content\/uploads\/2024\/10\/bolusta3_b.jpg\" alt=\"\"><\/p>\n<\/li>\n<li>\n<p>        <img decoding=\"async\" src=\"\/sr\/wp-content\/uploads\/2024\/10\/bolusta5_b.jpg\" alt=\"\"><\/p>\n<\/li>\n<li>\n<p>        <img decoding=\"async\" src=\"\/sr\/wp-content\/uploads\/2024\/10\/bolusta4_b.jpg\" alt=\"\"><\/p>\n<\/li>\n<li>\n<p>        <img decoding=\"async\" src=\"\/sr\/wp-content\/uploads\/2024\/10\/bolusta6_b.jpg\" alt=\"\"><\/p>\n<\/li>\n<\/ul>\n<div>\n<p><strong><span class=\"sadrzajh2\">\u0160ta je najve\u0107i problem?<\/span><\/strong><\/p>\n<p>Bol se javlja samo u nekim ili u poslednjim fazama oboljenja, zbog \u010dega se pacijenti obi\u010dno kasno jave, u odmakloj fazi bolesti.<\/p>\n<p class=\"sadrzajh2\"><strong>Kako spre\u010diti?<\/strong><\/p>\n<ul>\n<li>redovno uklanjanje zubnog kamenca i drugih naslaga (na 3-6 meseci),<\/li>\n<li>pravilno i redovno pranje zuba ( najmanje 2&#215;3 min. dnevno),<\/li>\n<li>redovno \u010di\u0161\u0107enje me\u0111uzubnih prostora (najmanje 1x dnevno)<\/li>\n<\/ul>\n<\/div>\n<ul>\n<li>\n<p>        <img decoding=\"async\" src=\"\/sr\/wp-content\/uploads\/2024\/10\/bolusta7_b.jpg\" alt=\"\"><\/p>\n<\/li>\n<li>\n<p>        <img decoding=\"async\" src=\"\/sr\/wp-content\/uploads\/2024\/10\/bolusta8_b.jpg\" alt=\"\"><\/p>\n<\/li>\n<li>\n<p>        <img decoding=\"async\" src=\"\/sr\/wp-content\/uploads\/2024\/10\/bolusta9_b.jpg\" alt=\"\"><\/p>\n<\/li>\n<li>\n<p>        <img decoding=\"async\" src=\"\/sr\/wp-content\/uploads\/2024\/10\/bolusta10_b.jpg\" alt=\"\"><\/p>\n<\/li>\n<li>\n<p>        <img decoding=\"async\" src=\"\/sr\/wp-content\/uploads\/2024\/10\/bolusta11_b.jpg\" alt=\"\"><\/p>\n<\/li>\n<\/ul>\n<h1>\n<p><span class=\"sadrzajh2\">Kako le\u010diti?<\/span><\/p>\n<\/h1>\n<div>\n<p>U po\u010detnim fazama oboljenja terapija je uklanjanje zubnog kamenca i naslaga, kireta\u017ea d\u017eepova, obuka u odr\u017eavanju oralne higijene, a kasnije dolaze u obzir i razne hirur\u0161ke intervencije, kao i medikamentozna terapija.<\/p>\n<\/div>\n<p><!--more--><br \/>\n<!-- {\"type\":\"layout\",\"children\":[{\"type\":\"section\",\"props\":{\"image_position\":\"center-center\",\"style\":\"default\",\"title_breakpoint\":\"xl\",\"title_position\":\"top-left\",\"title_rotation\":\"left\",\"vertical_align\":\"middle\",\"width\":\"default\"},\"children\":[{\"type\":\"row\",\"children\":[{\"type\":\"column\",\"props\":{\"image_position\":\"center-center\",\"position_sticky_breakpoint\":\"m\"},\"children\":[{\"type\":\"image\",\"props\":{\"image\":\"wp-content\\\/uploads\\\/yootheme\\\/icon-services-implant-dentistry.svg\",\"image_svg_color\":\"emphasis\",\"margin\":\"default\"}},{\"type\":\"headline\",\"props\":{\"content\":\"<span>Bolesti usta - Parodontopatije<\\\/span>\",\"title_element\":\"h1\"}},{\"type\":\"text\",\"props\":{\"column_breakpoint\":\"m\",\"content\":\"\n\n<p class=\\\"sadrzajh2\\\"><strong>\\u0160ta se pod tim podrazmeva?<\\\/strong><\\\/p>\\n\n\n<p>Oboljenja onih tkiva, koja odr\\u017eavaju zub u vilici (desni, kost, koren i periodoncijum).<\\\/p>\\n\n\n<p><strong><span class=\\\"sadrzajh2\\\">Za\\u0161to se pla\\u0161iti od njih?<\\\/span><\\\/strong><\\\/p>\\n\n\n<p>Postepeno dovode do labavljenja i gubitka zuba<\\\/p>\\n\n\n<p class=\\\"sadrzajh2\\\"><strong>Koji su znaci, koje pacijent sam mo\\u017ee videti?<\\\/strong><\\\/p>\\n\n\n<p>Krvarenje desni (npr. u toku pranja zuba), uve\\u0107ane i crvene desni, zubni kamenac, pojava osetljivosti vrata zuba i karijes istog predela, postepeno labavljenje i migracija zuba.<\\\/p>\",\"margin\":\"default\"}},{\"type\":\"image\",\"props\":{\"image\":\"wp-content\\\/uploads\\\/2024\\\/10\\\/bolestzuba.jpg\",\"image_svg_color\":\"emphasis\",\"margin\":\"default\"}}]}]}]},{\"type\":\"section\",\"props\":{\"image_position\":\"center-center\",\"style\":\"default\",\"title\":\"Galerija 1\",\"title_breakpoint\":\"xl\",\"title_position\":\"top-left\",\"title_rotation\":\"left\",\"vertical_align\":\"middle\",\"width\":\"default\"},\"children\":[{\"type\":\"row\",\"children\":[{\"type\":\"column\",\"props\":{\"image_position\":\"center-center\",\"position_sticky_breakpoint\":\"m\"},\"children\":[{\"type\":\"gallery\",\"props\":{\"filter_align\":\"left\",\"filter_all\":true,\"filter_grid_breakpoint\":\"m\",\"filter_grid_width\":\"auto\",\"filter_position\":\"top\",\"filter_style\":\"tab\",\"grid_default\":\"1\",\"grid_medium\":\"3\",\"item_animation\":true,\"link_style\":\"default\",\"link_text\":\"Detaljnije\",\"margin\":\"default\",\"meta_align\":\"below-title\",\"meta_element\":\"div\",\"meta_style\":\"text-meta\",\"overlay_hover\":true,\"overlay_mode\":\"cover\",\"overlay_position\":\"center\",\"overlay_style\":\"overlay-primary\",\"overlay_transition\":\"fade\",\"show_content\":true,\"show_hover_image\":true,\"show_hover_video\":true,\"show_link\":true,\"show_meta\":true,\"show_title\":true,\"text_align\":\"center\",\"text_color\":\"light\",\"title_element\":\"h3\",\"title_hover_style\":\"reset\"},\"children\":[{\"type\":\"gallery_item\",\"props\":{\"image\":\"wp-content\\\/uploads\\\/2024\\\/10\\\/bolusta1_b.jpg\"}},{\"type\":\"gallery_item\",\"props\":{\"image\":\"wp-content\\\/uploads\\\/2024\\\/10\\\/bolusta2_b.jpg\"}},{\"type\":\"gallery_item\",\"props\":{\"image\":\"wp-content\\\/uploads\\\/2024\\\/10\\\/bolusta3_b.jpg\"}},{\"type\":\"gallery_item\",\"props\":{\"image\":\"wp-content\\\/uploads\\\/2024\\\/10\\\/bolusta5_b.jpg\"}},{\"type\":\"gallery_item\",\"props\":{\"image\":\"wp-content\\\/uploads\\\/2024\\\/10\\\/bolusta4_b.jpg\"}},{\"type\":\"gallery_item\",\"props\":{\"image\":\"wp-content\\\/uploads\\\/2024\\\/10\\\/bolusta6_b.jpg\"}}]}]}]}]},{\"type\":\"section\",\"props\":{\"image_position\":\"center-center\",\"style\":\"default\",\"title_breakpoint\":\"xl\",\"title_position\":\"top-left\",\"title_rotation\":\"left\",\"vertical_align\":\"middle\",\"width\":\"default\"},\"children\":[{\"type\":\"row\",\"children\":[{\"type\":\"column\",\"props\":{\"image_position\":\"center-center\",\"position_sticky_breakpoint\":\"m\"},\"children\":[{\"type\":\"text\",\"props\":{\"column_breakpoint\":\"m\",\"content\":\"\n\n<p><strong><span class=\\\"sadrzajh2\\\">\\u0160ta je najve\\u0107i problem?<\\\/span><\\\/strong><\\\/p>\\n\n\n<p>Bol se javlja samo u nekim ili u poslednjim fazama oboljenja, zbog \\u010dega se pacijenti obi\\u010dno kasno jave, u odmakloj fazi bolesti.<\\\/p>\\n\n\n<p class=\\\"sadrzajh2\\\"><strong>Kako spre\\u010diti?<\\\/strong><\\\/p>\\n\n\n<ul>\\n\n\n<li>redovno uklanjanje zubnog kamenca i drugih naslaga (na 3-6 meseci),<\\\/li>\\n\n\n<li>pravilno i redovno pranje zuba ( najmanje 2x3 min. dnevno),<\\\/li>\\n\n\n<li>redovno \\u010di\\u0161\\u0107enje me\\u0111uzubnih prostora (najmanje 1x dnevno)<\\\/li>\\n<\\\/ul>\",\"margin\":\"default\"}}]}]}]},{\"type\":\"section\",\"props\":{\"image_position\":\"center-center\",\"style\":\"default\",\"title_breakpoint\":\"xl\",\"title_position\":\"top-left\",\"title_rotation\":\"left\",\"vertical_align\":\"middle\",\"width\":\"default\"},\"children\":[{\"type\":\"row\",\"children\":[{\"type\":\"column\",\"props\":{\"image_position\":\"center-center\",\"position_sticky_breakpoint\":\"m\"},\"children\":[{\"type\":\"gallery\",\"props\":{\"filter_align\":\"left\",\"filter_all\":true,\"filter_grid_breakpoint\":\"m\",\"filter_grid_width\":\"auto\",\"filter_position\":\"top\",\"filter_style\":\"tab\",\"grid_default\":\"1\",\"grid_medium\":\"5\",\"item_animation\":true,\"link_style\":\"default\",\"link_text\":\"Read more\",\"margin\":\"default\",\"meta_align\":\"below-title\",\"meta_element\":\"div\",\"meta_style\":\"text-meta\",\"overlay_hover\":true,\"overlay_mode\":\"cover\",\"overlay_position\":\"center\",\"overlay_style\":\"overlay-primary\",\"overlay_transition\":\"fade\",\"show_content\":true,\"show_hover_image\":true,\"show_hover_video\":true,\"show_link\":true,\"show_meta\":true,\"show_title\":true,\"text_align\":\"center\",\"text_color\":\"light\",\"title_element\":\"h3\",\"title_hover_style\":\"reset\"},\"children\":[{\"type\":\"gallery_item\",\"props\":{\"image\":\"wp-content\\\/uploads\\\/2024\\\/10\\\/bolusta7_b.jpg\"}},{\"type\":\"gallery_item\",\"props\":{\"image\":\"wp-content\\\/uploads\\\/2024\\\/10\\\/bolusta8_b.jpg\"}},{\"type\":\"gallery_item\",\"props\":{\"image\":\"wp-content\\\/uploads\\\/2024\\\/10\\\/bolusta9_b.jpg\"}},{\"type\":\"gallery_item\",\"props\":{\"image\":\"wp-content\\\/uploads\\\/2024\\\/10\\\/bolusta10_b.jpg\"}},{\"type\":\"gallery_item\",\"props\":{\"image\":\"wp-content\\\/uploads\\\/2024\\\/10\\\/bolusta11_b.jpg\"}}]}]}]}]},{\"type\":\"section\",\"props\":{\"image_position\":\"center-center\",\"style\":\"default\",\"title_breakpoint\":\"xl\",\"title_position\":\"top-left\",\"title_rotation\":\"left\",\"vertical_align\":\"middle\",\"width\":\"default\"},\"children\":[{\"type\":\"row\",\"children\":[{\"type\":\"column\",\"props\":{\"image_position\":\"center-center\",\"position_sticky_breakpoint\":\"m\"},\"children\":[{\"type\":\"headline\",\"props\":{\"content\":\"\n\n<p><span class=\\\"sadrzajh2\\\">Kako le\\u010diti?<\\\/span><\\\/p>\",\"title_element\":\"h1\"}},{\"type\":\"text\",\"props\":{\"column_breakpoint\":\"m\",\"content\":\"\n\n<p>U po\\u010detnim fazama oboljenja terapija je uklanjanje zubnog kamenca i naslaga, kireta\\u017ea d\\u017eepova, obuka u odr\\u017eavanju oralne higijene, a kasnije dolaze u obzir i razne hirur\\u0161ke intervencije, kao i medikamentozna terapija.<\\\/p>\",\"margin\":\"default\"}}]}]}]}],\"version\":\"4.4.5\"} --><\/p>\n","protected":false},"excerpt":{"rendered":"<p>Bolesti usta &#8211; Parodontopatije \u0160ta se pod tim podrazmeva? Oboljenja onih tkiva, koja odr\u017eavaju zub u vilici (desni, kost, koren i periodoncijum). Za\u0161to se pla\u0161iti od njih? Postepeno dovode do labavljenja i gubitka zuba Koji su znaci, koje pacijent sam mo\u017ee videti? Krvarenje desni (npr. u toku pranja zuba), uve\u0107ane i crvene desni, zubni kamenac, [&hellip;]<\/p>\n","protected":false},"author":1,"featured_media":0,"parent":0,"menu_order":0,"comment_status":"closed","ping_status":"closed","template":"","meta":{"_acf_changed":false,"footnotes":""},"class_list":["post-2449","page","type-page","status-publish","hentry"],"acf":[],"_links":{"self":[{"href":"https:\/\/prodent.rs\/sr\/wp-json\/wp\/v2\/pages\/2449","targetHints":{"allow":["GET"]}}],"collection":[{"href":"https:\/\/prodent.rs\/sr\/wp-json\/wp\/v2\/pages"}],"about":[{"href":"https:\/\/prodent.rs\/sr\/wp-json\/wp\/v2\/types\/page"}],"author":[{"embeddable":true,"href":"https:\/\/prodent.rs\/sr\/wp-json\/wp\/v2\/users\/1"}],"replies":[{"embeddable":true,"href":"https:\/\/prodent.rs\/sr\/wp-json\/wp\/v2\/comments?post=2449"}],"version-history":[{"count":10,"href":"https:\/\/prodent.rs\/sr\/wp-json\/wp\/v2\/pages\/2449\/revisions"}],"predecessor-version":[{"id":2790,"href":"https:\/\/prodent.rs\/sr\/wp-json\/wp\/v2\/pages\/2449\/revisions\/2790"}],"wp:attachment":[{"href":"https:\/\/prodent.rs\/sr\/wp-json\/wp\/v2\/media?parent=2449"}],"curies":[{"name":"wp","href":"https:\/\/api.w.org\/{rel}","templated":true}]}}