{"id":2351,"date":"2024-10-10T08:45:35","date_gmt":"2024-10-10T08:45:35","guid":{"rendered":"https:\/\/prodent.rs\/sr\/?page_id=2351"},"modified":"2025-01-09T15:44:18","modified_gmt":"2025-01-09T15:44:18","slug":"beljenje-zuba","status":"publish","type":"page","link":"https:\/\/prodent.rs\/sr\/beljenje-zuba\/","title":{"rendered":"Beljenje zuba"},"content":{"rendered":"<p><img decoding=\"async\" src=\"\/sr\/wp-content\/uploads\/yootheme\/icon-services-cosmetic-dentistry.svg\" alt=\"\"><\/p>\n<h1>Beljenje zuba<\/h1>\n<div>\n<p><span>Osmeh predstavlja jednu od najvrednijih osobina \u010doveka. Mnogo vi\u0161e ka\u017ee o tebi, nego automobil koji vozi\u0161, ode\u0107e koju nosi\u0161, ili friz koji ve\u0107 slede\u0107e godine iza\u0111e iz mode. Naprotiv, lep i beli osmeh nikada ne izlazi iz mode!<\/span><\/p>\n<\/div>\n<hr>\n<div>\n<p>Ne zaboravi, da prekrasno beli osmeh drasti\u010dno pove\u0107ava samopouzdanje. Dozvoli nam, da ti ovim putem pomognemo da se proslavi\u0161! Beljenje zuba ve\u0107 stotinama godina zanima ljude i zahvaljuju\u0107i tome se do danas iskristalisao ve\u0107i broj tehnika, ali najbolji rezutati se uo\u010davaju kod onih, koje vr\u0161i stomatolog.<\/p>\n<\/div>\n<ul>\n<li>\n<h3>Komercijalni preparati za \u0161iroku potro\u0161nju (whitening zubne paste\/konci itd.)?<\/h3>\n<div>\n<p><span>Ova sredstva su namenjena pre svega za odr\u017eavanje boje posle profesionalnog beljenja. Ve\u0107i rezultati se vi\u0111aju samo u TV reklamama!<\/span><\/p>\n<\/div>\n<\/li>\n<li>\n<h3>Kako deluju preparati za profesionalno beljenje zuba?<\/h3>\n<div>\n<p><span>ktivni sastojak se difunduje kroz vodu (koja je sastavni deo zubnog tkiva) do materija koje prouzrokuju prebojenost i putem njihove oksidacije dovodi do izbeljivanja zuba. Zaboravite nedoumice! Ne radi se nikakvo kiselinsko nagrizanje, ni bru\u0161enje zuba, samo u cilju postizanja bolje estetike koristimo dobrotvorno dejstvo, u prirodi tako va\u017enog kiseonika!<\/span><\/p>\n<\/div>\n<\/li>\n<li>\n<h3>Koji zubi mogu da se izbele?<\/h3>\n<div>\n<p><span>Svaki mo\u017ee, stim da se najbolji rezultati uo\u010davaju kod prebojenosti spolja\u0161njeg porekla \u017eu\u0107kaste, narand\u017easte i braonkaste boje. Kod prednjih zuba, koji su vi\u0161e puta plombirani sa ogromnim ispunima se predla\u017eu delikatesnija re\u0161enja (npr. kerami\u010dke fasete, bezmetalne krunice itd.)!<\/span><br \/><span>Mogu da se izbele zubi cele vilice ili pojedina\u010dno prebojeni (naj\u010d. kao posledica nepravilnog endodontskog le\u010denja). Kod beljenja devitalizovanih (le\u010denih) zuba pre svega treba korigovati uzrok tj. nepravilno le\u010denje i tek posle toga se pristupa samom izbeljivanju.<\/span><\/p>\n<\/div>\n<\/li>\n<\/ul>\n<ul>\n<li>\n<p>        <img decoding=\"async\" src=\"\/sr\/wp-content\/uploads\/2024\/10\/beljenje1-sl6_b.jpg\" alt=\"\"><\/p>\n<h3>beljenje1-sl6_b<\/h3>\n<\/li>\n<li>\n<p>        <img decoding=\"async\" src=\"\/sr\/wp-content\/uploads\/2024\/10\/beljenje1-sl5_b.jpg\" alt=\"\"><\/p>\n<h3>beljenje1-sl5_b<\/h3>\n<\/li>\n<li>\n<p>        <img decoding=\"async\" src=\"\/sr\/wp-content\/uploads\/2024\/10\/beljenje1-sl4_b.jpg\" alt=\"\"><\/p>\n<h3>beljenje1-sl4_b<\/h3>\n<\/li>\n<li>\n<p>        <img decoding=\"async\" src=\"\/sr\/wp-content\/uploads\/2024\/10\/beljenje1-sl3_b.jpg\" alt=\"\"><\/p>\n<h3>beljenje1-sl3_b<\/h3>\n<\/li>\n<li>\n<p>        <img decoding=\"async\" src=\"\/sr\/wp-content\/uploads\/2024\/10\/beljenje1-sl2_b.jpg\" alt=\"\"><\/p>\n<h3>beljenje1-sl2_b<\/h3>\n<\/li>\n<li>\n<p>        <img decoding=\"async\" src=\"\/sr\/wp-content\/uploads\/2024\/10\/beljenje1-sl1_b.jpg\" alt=\"\"><\/p>\n<h3>beljenje1-sl1_b<\/h3>\n<\/li>\n<\/ul>\n<p><img decoding=\"async\" src=\"\/sr\/wp-content\/uploads\/2024\/10\/smile-1-2.jpg\" alt=\"\"><\/p>\n<ul>\n<li>\n<h3>Koliko dugo ostaju zubi tako beli posle sprovedene terapije?<\/h3>\n<div>\n<p><span>Uz seanse odr\u017eavanja do\u017eivotno, \u010dija frekvencija umnogome zavisi od koli\u010dine i gustine uno\u0161enih hromatogenih napitaka (\u010daj, kafa, crno vino itd.) i od broja popu\u0161enih cigareta.<\/span><\/p>\n<\/div>\n<\/li>\n<li>\n<h3>Kako se vr\u0161i beljenje koju mi nudimo?<\/h3>\n<div>\n<p><span>Uzme se otisak zubnog luka, na osnovu kojeg se izra\u0111uje tanka i savitljiva folija (splint). U ovaj splint svako ve\u010de pacijent sam stavlja gusti gel za beljenje posle redovno sprovedene oralne higijene i tako legne da spava. Za nedelju dana zubi postaju za 6-8 nijanse svetliji.<\/span><\/p>\n<\/div>\n<\/li>\n<\/ul>\n<ul>\n<li>\n<p>        <img decoding=\"async\" src=\"\/sr\/wp-content\/uploads\/2024\/10\/beljenje2-sl1_b.jpg\" alt=\"\"><\/p>\n<h3>beljenje1-sl6_b<\/h3>\n<\/li>\n<li>\n<p>        <img decoding=\"async\" src=\"\/sr\/wp-content\/uploads\/2024\/10\/beljenje2-sl2_b.jpg\" alt=\"\"><\/p>\n<h3>beljenje1-sl5_b<\/h3>\n<\/li>\n<li>\n<p>        <img decoding=\"async\" src=\"\/sr\/wp-content\/uploads\/2024\/10\/beljenje2-sl3_b.jpg\" alt=\"\"><\/p>\n<h3>beljenje1-sl4_b<\/h3>\n<\/li>\n<li>\n<p>        <img decoding=\"async\" src=\"\/sr\/wp-content\/uploads\/2024\/10\/beljenje2-sl4_b-1.jpg\" alt=\"\"><\/p>\n<h3>beljenje1-sl3_b<\/h3>\n<\/li>\n<li>\n<p>        <img decoding=\"async\" src=\"\/sr\/wp-content\/uploads\/2024\/10\/beljenje2-sl5-b-1.jpg\" alt=\"\"><\/p>\n<h3>beljenje1-sl2_b<\/h3>\n<\/li>\n<\/ul>\n<h1>\n<h4>Doktore, jel\u2019 bih to moglo ne\u0161to br\u017ee?<\/h4>\n<\/h1>\n<div>\n<p>Naravno! Pacijentima, kojima bih i ju\u010de bilo prekasno, imamo posebnu, br\u017eu opciju. Uz upotrebu posebne izolacije u mogu\u0107nosti smo da koristimo mnogo koncentrovanija sredstva. Njihovom upotrebom ve\u0107 za 1,5 sat zubi postaju mnogo belji, ali je to \u010desto pra\u0107eno pove\u0107anom osetljivo\u0161\u0107u zuba. Da bih se postigli bolji i dugotrajniji rezultati, preporu\u010dljivo bih bilo nastaviti beljenje sa preparatima ni\u017ee koncentracije kod ku\u0107e.<\/p>\n<\/div>\n<ul>\n<li>\n<p>        <img decoding=\"async\" src=\"\/sr\/wp-content\/uploads\/2024\/10\/beljenje3-sl1_b.jpg\" alt=\"\"><\/p>\n<h3>beljenje1-sl6_b<\/h3>\n<\/li>\n<li>\n<p>        <img decoding=\"async\" src=\"\/sr\/wp-content\/uploads\/2024\/10\/beljenje3-sl2_b.jpg\" alt=\"\"><\/p>\n<h3>beljenje1-sl5_b<\/h3>\n<\/li>\n<li>\n<p>        <img decoding=\"async\" src=\"\/sr\/wp-content\/uploads\/2024\/10\/beljenje3-sl3_b.jpg\" alt=\"\"><\/p>\n<h3>beljenje1-sl4_b<\/h3>\n<\/li>\n<li>\n<p>        <img decoding=\"async\" src=\"\/sr\/wp-content\/uploads\/2024\/10\/beljenje3-sl4_b.jpg\" alt=\"\"><\/p>\n<h3>beljenje1-sl3_b<\/h3>\n<\/li>\n<li>\n<p>        <img decoding=\"async\" src=\"\/sr\/wp-content\/uploads\/2024\/10\/beljenje3-sl5_b.jpg\" alt=\"\"><\/p>\n<h3>beljenje1-sl2_b<\/h3>\n<\/li>\n<li>\n<p>        <img decoding=\"async\" src=\"\/sr\/wp-content\/uploads\/2024\/10\/beljenje3-sl6_b.jpg\" alt=\"\"><\/p>\n<h3>beljenje1-sl1_b<\/h3>\n<\/li>\n<\/ul>\n<ul>\n<li>\n<h3>\u0160ta je sa lampama za izbeljivanje?<\/h3>\n<div>\n<p>Skoro u svim nau\u010dnim radovima je dokazano, da ova vrsta beljenja, uop\u0161te ne daje bolje i dugotrajnije rezultate od gore navedenih. Tokom terapije dolazi do isu\u0161ivanja (dehidratacije) zuba i zbog toga zubi deluju jo\u0161 beljim, ali posle nekoliko dana taj efekat se gubi. Kako i kod ostalih vrsta beljenja sa visoko koncentrovanim gelovima, i ovde se preporu\u010duje nastavak izbeljivanja kod ku\u0107e uz pomo\u0107 splinta.<\/p>\n<\/div>\n<\/li>\n<li>\n<h3>Sporedni efekti?<\/h3>\n<div>Zbog nagomilavanja molekula kiseonika zub postaje malo osetljiviji na spolja\u0161nje nadra\u017eaje (npr. hladno), ali to prolazi za nekoliko dana po prestanku terapije. Preporu\u010dljivo je koristiti razli\u010dita sredstva (paste, rastvore itd.) za smanjenje osetljivosti zuba 2 nedelje pre, u toku i 2 nedelje posle terapije.<\/div>\n<\/li>\n<li>\n<h3>Ja se izgubio! Ko \u0107e mi sad pomo\u0107i u izboru?<\/h3>\n<div>Kao svaka terapija i ova mora biti strogo individualna! Nije vam ostalo ni\u0161ta drugo, nego da do\u0111ete da bih smo vam preporu\u010dili najbolju opciju namenjenu li\u010dno vama!<\/div>\n<\/li>\n<\/ul>\n<p><!--more--><br \/>\n<!-- {\"type\":\"layout\",\"children\":[{\"type\":\"section\",\"props\":{\"image_position\":\"center-center\",\"style\":\"default\",\"title_breakpoint\":\"xl\",\"title_position\":\"top-left\",\"title_rotation\":\"left\",\"vertical_align\":\"middle\",\"width\":\"default\"},\"children\":[{\"type\":\"row\",\"children\":[{\"type\":\"column\",\"props\":{\"image_position\":\"center-center\",\"position_sticky_breakpoint\":\"m\"},\"children\":[{\"type\":\"image\",\"props\":{\"image\":\"wp-content\\\/uploads\\\/yootheme\\\/icon-services-cosmetic-dentistry.svg\",\"image_svg_color\":\"emphasis\",\"margin\":\"default\"}},{\"type\":\"headline\",\"props\":{\"content\":\"Beljenje zuba\",\"text_align\":\"center\",\"title_element\":\"h1\"}},{\"type\":\"text\",\"props\":{\"column_breakpoint\":\"m\",\"content\":\"\n\n<p><span>Osmeh predstavlja jednu od najvrednijih osobina \\u010doveka. Mnogo vi\\u0161e ka\\u017ee o tebi, nego automobil koji vozi\\u0161, ode\\u0107e koju nosi\\u0161, ili friz koji ve\\u0107 slede\\u0107e godine iza\\u0111e iz mode. Naprotiv, lep i beli osmeh nikada ne izlazi iz mode!<\\\/span><\\\/p>\",\"margin\":\"default\"}},{\"type\":\"divider\",\"props\":{\"divider_element\":\"hr\",\"divider_style\":\"icon\"}}]}]},{\"type\":\"row\",\"props\":{\"layout\":\"1-3,2-3\"},\"children\":[{\"type\":\"column\",\"props\":{\"image_position\":\"center-center\",\"position_sticky_breakpoint\":\"m\",\"width_medium\":\"1-3\"},\"children\":[{\"type\":\"text\",\"props\":{\"column_breakpoint\":\"m\",\"content\":\"\n\n<p>Ne zaboravi, da prekrasno beli osmeh drasti\\u010dno pove\\u0107ava samopouzdanje. Dozvoli nam, da ti ovim putem pomognemo da se proslavi\\u0161! Beljenje zuba ve\\u0107 stotinama godina zanima ljude i zahvaljuju\\u0107i tome se do danas iskristalisao ve\\u0107i broj tehnika, ali najbolji rezutati se uo\\u010davaju kod onih, koje vr\\u0161i stomatolog.<\\\/p>\",\"margin\":\"default\"}}]},{\"type\":\"column\",\"props\":{\"image_position\":\"center-center\",\"position_sticky_breakpoint\":\"m\",\"width_medium\":\"2-3\"},\"children\":[{\"type\":\"accordion\",\"props\":{\"collapsible\":true,\"content_column_breakpoint\":\"m\",\"image_align\":\"top\",\"image_grid_breakpoint\":\"m\",\"image_grid_width\":\"1-2\",\"image_svg_color\":\"emphasis\",\"link_style\":\"default\",\"link_text\":\"Read more\",\"show_image\":true,\"show_link\":true},\"children\":[{\"type\":\"accordion_item\",\"props\":{\"content\":\"\n\n<p><span>Ova sredstva su namenjena pre svega za odr\\u017eavanje boje posle profesionalnog beljenja. Ve\\u0107i rezultati se vi\\u0111aju samo u TV reklamama!<\\\/span><\\\/p>\",\"title\":\"Komercijalni preparati za \\u0161iroku potro\\u0161nju (whitening zubne paste\\\/konci itd.)?\"}},{\"type\":\"accordion_item\",\"props\":{\"content\":\"\n\n<p><span>ktivni sastojak se difunduje kroz vodu (koja je sastavni deo zubnog tkiva) do materija koje prouzrokuju prebojenost i putem njihove oksidacije dovodi do izbeljivanja zuba. Zaboravite nedoumice! Ne radi se nikakvo kiselinsko nagrizanje, ni bru\\u0161enje zuba, samo u cilju postizanja bolje estetike koristimo dobrotvorno dejstvo, u prirodi tako va\\u017enog kiseonika!<\\\/span><\\\/p>\",\"title\":\"Kako deluju preparati za profesionalno beljenje zuba?\"}},{\"type\":\"accordion_item\",\"props\":{\"content\":\"\n\n<p><span>Svaki mo\\u017ee, stim da se najbolji rezultati uo\\u010davaju kod prebojenosti spolja\\u0161njeg porekla \\u017eu\\u0107kaste, narand\\u017easte i braonkaste boje. Kod prednjih zuba, koji su vi\\u0161e puta plombirani sa ogromnim ispunima se predla\\u017eu delikatesnija re\\u0161enja (npr. kerami\\u010dke fasete, bezmetalne krunice itd.)!<\\\/span><br \\\/><span>Mogu da se izbele zubi cele vilice ili pojedina\\u010dno prebojeni (naj\\u010d. kao posledica nepravilnog endodontskog le\\u010denja). Kod beljenja devitalizovanih (le\\u010denih) zuba pre svega treba korigovati uzrok tj. nepravilno le\\u010denje i tek posle toga se pristupa samom izbeljivanju.<\\\/span><\\\/p>\",\"title\":\"Koji zubi mogu da se izbele?\"}}]}]}]}]},{\"type\":\"section\",\"props\":{\"image_position\":\"center-center\",\"style\":\"default\",\"title_breakpoint\":\"xl\",\"title_position\":\"top-left\",\"title_rotation\":\"left\",\"vertical_align\":\"middle\",\"width\":\"default\"},\"children\":[{\"type\":\"row\",\"children\":[{\"type\":\"column\",\"props\":{\"image_position\":\"center-center\",\"position_sticky_breakpoint\":\"m\"},\"children\":[{\"type\":\"gallery\",\"props\":{\"filter_align\":\"left\",\"filter_all\":true,\"filter_grid_breakpoint\":\"m\",\"filter_grid_width\":\"auto\",\"filter_position\":\"top\",\"filter_style\":\"tab\",\"grid_column_align\":false,\"grid_default\":\"1\",\"grid_medium\":\"3\",\"grid_row_align\":false,\"image_transition_border\":false,\"item_animation\":true,\"lightbox\":true,\"link_style\":\"default\",\"link_text\":\"Detaljnije\",\"margin\":\"default\",\"meta_align\":\"below-title\",\"meta_element\":\"div\",\"meta_style\":\"text-meta\",\"overlay_hover\":true,\"overlay_mode\":\"cover\",\"overlay_position\":\"center\",\"overlay_style\":\"overlay-primary\",\"overlay_transition\":\"fade\",\"show_content\":true,\"show_hover_image\":true,\"show_hover_video\":true,\"show_link\":true,\"show_meta\":true,\"show_title\":false,\"text_align\":\"center\",\"text_color\":\"light\",\"title_element\":\"h3\",\"title_hover_style\":\"reset\"},\"children\":[{\"type\":\"gallery_item\",\"props\":{\"image\":\"wp-content\\\/uploads\\\/2024\\\/10\\\/beljenje1-sl6_b.jpg\",\"title\":\"beljenje1-sl6_b\"}},{\"type\":\"gallery_item\",\"props\":{\"image\":\"wp-content\\\/uploads\\\/2024\\\/10\\\/beljenje1-sl5_b.jpg\",\"title\":\"beljenje1-sl5_b\"}},{\"type\":\"gallery_item\",\"props\":{\"image\":\"wp-content\\\/uploads\\\/2024\\\/10\\\/beljenje1-sl4_b.jpg\",\"title\":\"beljenje1-sl4_b\"}},{\"type\":\"gallery_item\",\"props\":{\"image\":\"wp-content\\\/uploads\\\/2024\\\/10\\\/beljenje1-sl3_b.jpg\",\"title\":\"beljenje1-sl3_b\"}},{\"type\":\"gallery_item\",\"props\":{\"image\":\"wp-content\\\/uploads\\\/2024\\\/10\\\/beljenje1-sl2_b.jpg\",\"title\":\"beljenje1-sl2_b\"}},{\"type\":\"gallery_item\",\"props\":{\"image\":\"wp-content\\\/uploads\\\/2024\\\/10\\\/beljenje1-sl1_b.jpg\",\"title\":\"beljenje1-sl1_b\"}}]}]}]}],\"name\":\"Galerija-1\"},{\"type\":\"section\",\"props\":{\"image_position\":\"center-center\",\"style\":\"default\",\"title_breakpoint\":\"xl\",\"title_position\":\"top-left\",\"title_rotation\":\"left\",\"vertical_align\":\"middle\",\"width\":\"default\"},\"children\":[{\"type\":\"row\",\"children\":[{\"type\":\"column\",\"props\":{\"image_position\":\"center-center\",\"position_sticky_breakpoint\":\"m\"}}]}],\"name\":\"Galerija-1\"},{\"type\":\"section\",\"props\":{\"image_position\":\"center-center\",\"style\":\"default\",\"title_breakpoint\":\"xl\",\"title_position\":\"top-left\",\"title_rotation\":\"left\",\"vertical_align\":\"middle\",\"width\":\"default\"},\"children\":[{\"type\":\"row\",\"props\":{\"layout\":\"1-3,2-3\"},\"children\":[{\"type\":\"column\",\"props\":{\"image_position\":\"center-center\",\"position_sticky_breakpoint\":\"m\",\"width_medium\":\"1-3\"},\"children\":[{\"type\":\"image\",\"props\":{\"image\":\"wp-content\\\/uploads\\\/2024\\\/10\\\/smile-1-2.jpg\",\"image_svg_color\":\"emphasis\",\"margin\":\"default\"}}]},{\"type\":\"column\",\"props\":{\"image_position\":\"center-center\",\"position_sticky_breakpoint\":\"m\",\"width_medium\":\"2-3\"},\"children\":[{\"type\":\"accordion\",\"props\":{\"collapsible\":true,\"content_column_breakpoint\":\"m\",\"image_align\":\"top\",\"image_grid_breakpoint\":\"m\",\"image_grid_width\":\"1-2\",\"image_svg_color\":\"emphasis\",\"link_style\":\"default\",\"link_text\":\"Read more\",\"show_image\":true,\"show_link\":true},\"children\":[{\"type\":\"accordion_item\",\"props\":{\"content\":\"\n\n<p><span>Uz seanse odr\\u017eavanja do\\u017eivotno, \\u010dija frekvencija umnogome zavisi od koli\\u010dine i gustine uno\\u0161enih hromatogenih napitaka (\\u010daj, kafa, crno vino itd.) i od broja popu\\u0161enih cigareta.<\\\/span><\\\/p>\",\"title\":\"Koliko dugo ostaju zubi tako beli posle sprovedene terapije?\"}},{\"type\":\"accordion_item\",\"props\":{\"content\":\"\n\n<p><span>Uzme se otisak zubnog luka, na osnovu kojeg se izra\\u0111uje tanka i savitljiva folija (splint). U ovaj splint svako ve\\u010de pacijent sam stavlja gusti gel za beljenje posle redovno sprovedene oralne higijene i tako legne da spava. Za nedelju dana zubi postaju za 6-8 nijanse svetliji.<\\\/span><\\\/p>\",\"title\":\"Kako se vr\\u0161i beljenje koju mi nudimo?\"}}]}]}]}]},{\"type\":\"section\",\"props\":{\"image_position\":\"center-center\",\"style\":\"default\",\"title_breakpoint\":\"xl\",\"title_position\":\"top-left\",\"title_rotation\":\"left\",\"vertical_align\":\"middle\",\"width\":\"default\"},\"children\":[{\"type\":\"row\",\"children\":[{\"type\":\"column\",\"props\":{\"image_position\":\"center-center\",\"position_sticky_breakpoint\":\"m\"},\"children\":[{\"type\":\"gallery\",\"props\":{\"filter_align\":\"left\",\"filter_all\":true,\"filter_grid_breakpoint\":\"m\",\"filter_grid_width\":\"auto\",\"filter_position\":\"top\",\"filter_style\":\"tab\",\"grid_column_align\":false,\"grid_default\":\"1\",\"grid_large\":\"5\",\"grid_medium\":\"3\",\"grid_row_align\":false,\"grid_xlarge\":\"5\",\"image_transition_border\":false,\"item_animation\":true,\"lightbox\":true,\"link_style\":\"default\",\"link_text\":\"Detaljnije\",\"margin\":\"default\",\"meta_align\":\"below-title\",\"meta_element\":\"div\",\"meta_style\":\"text-meta\",\"overlay_hover\":true,\"overlay_mode\":\"cover\",\"overlay_position\":\"center\",\"overlay_style\":\"overlay-primary\",\"overlay_transition\":\"fade\",\"show_content\":true,\"show_hover_image\":true,\"show_hover_video\":true,\"show_link\":true,\"show_meta\":true,\"show_title\":false,\"text_align\":\"center\",\"text_color\":\"light\",\"title_element\":\"h3\",\"title_hover_style\":\"reset\"},\"children\":[{\"type\":\"gallery_item\",\"props\":{\"image\":\"wp-content\\\/uploads\\\/2024\\\/10\\\/beljenje2-sl1_b.jpg\",\"title\":\"beljenje1-sl6_b\"}},{\"type\":\"gallery_item\",\"props\":{\"image\":\"wp-content\\\/uploads\\\/2024\\\/10\\\/beljenje2-sl2_b.jpg\",\"title\":\"beljenje1-sl5_b\"}},{\"type\":\"gallery_item\",\"props\":{\"image\":\"wp-content\\\/uploads\\\/2024\\\/10\\\/beljenje2-sl3_b.jpg\",\"title\":\"beljenje1-sl4_b\"}},{\"type\":\"gallery_item\",\"props\":{\"image\":\"wp-content\\\/uploads\\\/2024\\\/10\\\/beljenje2-sl4_b-1.jpg\",\"title\":\"beljenje1-sl3_b\"}},{\"type\":\"gallery_item\",\"props\":{\"image\":\"wp-content\\\/uploads\\\/2024\\\/10\\\/beljenje2-sl5-b-1.jpg\",\"title\":\"beljenje1-sl2_b\"}}]}]}]}],\"name\":\"Galerija-2\"},{\"type\":\"section\",\"props\":{\"image_position\":\"center-center\",\"style\":\"default\",\"title_breakpoint\":\"xl\",\"title_position\":\"top-left\",\"title_rotation\":\"left\",\"vertical_align\":\"middle\",\"width\":\"default\"},\"children\":[{\"type\":\"row\",\"props\":{\"layout\":\"1-3,2-3\"},\"children\":[{\"type\":\"column\",\"props\":{\"image_position\":\"center-center\",\"position_sticky_breakpoint\":\"m\",\"width_medium\":\"1-3\"}},{\"type\":\"column\",\"props\":{\"image_position\":\"center-center\",\"position_sticky_breakpoint\":\"m\",\"width_medium\":\"2-3\"},\"children\":[{\"type\":\"headline\",\"props\":{\"content\":\"\n\n<h4>Doktore, jel\\u2019 bih to moglo ne\\u0161to br\\u017ee?<\\\/h4>\",\"title_element\":\"h1\"}},{\"type\":\"text\",\"props\":{\"column_breakpoint\":\"m\",\"content\":\"\n\n<p>Naravno! Pacijentima, kojima bih i ju\\u010de bilo prekasno, imamo posebnu, br\\u017eu opciju. Uz upotrebu posebne izolacije u mogu\\u0107nosti smo da koristimo mnogo koncentrovanija sredstva. Njihovom upotrebom ve\\u0107 za 1,5 sat zubi postaju mnogo belji, ali je to \\u010desto pra\\u0107eno pove\\u0107anom osetljivo\\u0161\\u0107u zuba. Da bih se postigli bolji i dugotrajniji rezultati, preporu\\u010dljivo bih bilo nastaviti beljenje sa preparatima ni\\u017ee koncentracije kod ku\\u0107e.<\\\/p>\",\"margin\":\"default\"}}]}]}]},{\"type\":\"section\",\"props\":{\"image_position\":\"center-center\",\"style\":\"default\",\"title_breakpoint\":\"xl\",\"title_position\":\"top-left\",\"title_rotation\":\"left\",\"vertical_align\":\"middle\",\"width\":\"default\"},\"children\":[{\"type\":\"row\",\"children\":[{\"type\":\"column\",\"props\":{\"image_position\":\"center-center\",\"position_sticky_breakpoint\":\"m\"},\"children\":[{\"type\":\"gallery\",\"props\":{\"filter_align\":\"left\",\"filter_all\":true,\"filter_grid_breakpoint\":\"m\",\"filter_grid_width\":\"auto\",\"filter_position\":\"top\",\"filter_style\":\"tab\",\"grid_column_align\":false,\"grid_default\":\"1\",\"grid_medium\":\"3\",\"grid_row_align\":false,\"image_transition_border\":false,\"item_animation\":true,\"lightbox\":true,\"link_style\":\"default\",\"link_text\":\"Detaljnije\",\"margin\":\"default\",\"meta_align\":\"below-title\",\"meta_element\":\"div\",\"meta_style\":\"text-meta\",\"overlay_hover\":true,\"overlay_mode\":\"cover\",\"overlay_position\":\"center\",\"overlay_style\":\"overlay-primary\",\"overlay_transition\":\"fade\",\"show_content\":true,\"show_hover_image\":true,\"show_hover_video\":true,\"show_link\":true,\"show_meta\":true,\"show_title\":false,\"text_align\":\"center\",\"text_color\":\"light\",\"title_element\":\"h3\",\"title_hover_style\":\"reset\"},\"children\":[{\"type\":\"gallery_item\",\"props\":{\"image\":\"wp-content\\\/uploads\\\/2024\\\/10\\\/beljenje3-sl1_b.jpg\",\"title\":\"beljenje1-sl6_b\"}},{\"type\":\"gallery_item\",\"props\":{\"image\":\"wp-content\\\/uploads\\\/2024\\\/10\\\/beljenje3-sl2_b.jpg\",\"title\":\"beljenje1-sl5_b\"}},{\"type\":\"gallery_item\",\"props\":{\"image\":\"wp-content\\\/uploads\\\/2024\\\/10\\\/beljenje3-sl3_b.jpg\",\"title\":\"beljenje1-sl4_b\"}},{\"type\":\"gallery_item\",\"props\":{\"image\":\"wp-content\\\/uploads\\\/2024\\\/10\\\/beljenje3-sl4_b.jpg\",\"title\":\"beljenje1-sl3_b\"}},{\"type\":\"gallery_item\",\"props\":{\"image\":\"wp-content\\\/uploads\\\/2024\\\/10\\\/beljenje3-sl5_b.jpg\",\"title\":\"beljenje1-sl2_b\"}},{\"type\":\"gallery_item\",\"props\":{\"image\":\"wp-content\\\/uploads\\\/2024\\\/10\\\/beljenje3-sl6_b.jpg\",\"title\":\"beljenje1-sl1_b\"}}]}]}]}]},{\"type\":\"section\",\"props\":{\"image_position\":\"center-center\",\"style\":\"default\",\"title_breakpoint\":\"xl\",\"title_position\":\"top-left\",\"title_rotation\":\"left\",\"vertical_align\":\"middle\",\"width\":\"default\"},\"children\":[{\"type\":\"row\",\"props\":{\"layout\":\"1-3,2-3\"},\"children\":[{\"type\":\"column\",\"props\":{\"image_position\":\"center-center\",\"position_sticky_breakpoint\":\"m\",\"width_medium\":\"1-3\"}},{\"type\":\"column\",\"props\":{\"image_position\":\"center-center\",\"position_sticky_breakpoint\":\"m\",\"width_medium\":\"2-3\"},\"children\":[{\"type\":\"accordion\",\"props\":{\"collapsible\":true,\"content_column_breakpoint\":\"m\",\"image_align\":\"top\",\"image_grid_breakpoint\":\"m\",\"image_grid_width\":\"1-2\",\"image_svg_color\":\"emphasis\",\"link_style\":\"default\",\"link_text\":\"Read more\",\"show_image\":true,\"show_link\":true},\"children\":[{\"type\":\"accordion_item\",\"props\":{\"content\":\"\n\n<p>Skoro u svim nau\\u010dnim radovima je dokazano, da ova vrsta beljenja, uop\\u0161te ne daje bolje i dugotrajnije rezultate od gore navedenih. Tokom terapije dolazi do isu\\u0161ivanja (dehidratacije) zuba i zbog toga zubi deluju jo\\u0161 beljim, ali posle nekoliko dana taj efekat se gubi. Kako i kod ostalih vrsta beljenja sa visoko koncentrovanim gelovima, i ovde se preporu\\u010duje nastavak izbeljivanja kod ku\\u0107e uz pomo\\u0107 splinta.<\\\/p>\",\"title\":\"\\u0160ta je sa lampama za izbeljivanje?\"}},{\"type\":\"accordion_item\",\"props\":{\"content\":\"Zbog nagomilavanja molekula kiseonika zub postaje malo osetljiviji na spolja\\u0161nje nadra\\u017eaje (npr. hladno), ali to prolazi za nekoliko dana po prestanku terapije. Preporu\\u010dljivo je koristiti razli\\u010dita sredstva (paste, rastvore itd.) za smanjenje osetljivosti zuba 2 nedelje pre, u toku i 2 nedelje posle terapije.\",\"title\":\"Sporedni efekti?\"}},{\"type\":\"accordion_item\",\"props\":{\"content\":\"Kao svaka terapija i ova mora biti strogo individualna! Nije vam ostalo ni\\u0161ta drugo, nego da do\\u0111ete da bih smo vam preporu\\u010dili najbolju opciju namenjenu li\\u010dno vama!\",\"title\":\"Ja se izgubio! Ko \\u0107e mi sad pomo\\u0107i u izboru?\"}}]}]}]}]}],\"version\":\"4.4.5\"} --><\/p>\n","protected":false},"excerpt":{"rendered":"<p>Beljenje zuba Osmeh predstavlja jednu od najvrednijih osobina \u010doveka. Mnogo vi\u0161e ka\u017ee o tebi, nego automobil koji vozi\u0161, ode\u0107e koju nosi\u0161, ili friz koji ve\u0107 slede\u0107e godine iza\u0111e iz mode. Naprotiv, lep i beli osmeh nikada ne izlazi iz mode! Ne zaboravi, da prekrasno beli osmeh drasti\u010dno pove\u0107ava samopouzdanje. Dozvoli nam, da ti ovim putem [&hellip;]<\/p>\n","protected":false},"author":1,"featured_media":0,"parent":0,"menu_order":0,"comment_status":"closed","ping_status":"closed","template":"","meta":{"_acf_changed":false,"footnotes":""},"class_list":["post-2351","page","type-page","status-publish","hentry"],"acf":[],"_links":{"self":[{"href":"https:\/\/prodent.rs\/sr\/wp-json\/wp\/v2\/pages\/2351","targetHints":{"allow":["GET"]}}],"collection":[{"href":"https:\/\/prodent.rs\/sr\/wp-json\/wp\/v2\/pages"}],"about":[{"href":"https:\/\/prodent.rs\/sr\/wp-json\/wp\/v2\/types\/page"}],"author":[{"embeddable":true,"href":"https:\/\/prodent.rs\/sr\/wp-json\/wp\/v2\/users\/1"}],"replies":[{"embeddable":true,"href":"https:\/\/prodent.rs\/sr\/wp-json\/wp\/v2\/comments?post=2351"}],"version-history":[{"count":23,"href":"https:\/\/prodent.rs\/sr\/wp-json\/wp\/v2\/pages\/2351\/revisions"}],"predecessor-version":[{"id":2789,"href":"https:\/\/prodent.rs\/sr\/wp-json\/wp\/v2\/pages\/2351\/revisions\/2789"}],"wp:attachment":[{"href":"https:\/\/prodent.rs\/sr\/wp-json\/wp\/v2\/media?parent=2351"}],"curies":[{"name":"wp","href":"https:\/\/api.w.org\/{rel}","templated":true}]}}