{"id":23,"date":"2021-01-18T09:51:34","date_gmt":"2021-01-18T09:51:34","guid":{"rendered":"https:\/\/prodent.rs\/sr\/?p=23"},"modified":"2024-10-17T08:46:49","modified_gmt":"2024-10-17T08:46:49","slug":"rendgen","status":"publish","type":"page","link":"https:\/\/prodent.rs\/sr\/rendgen\/","title":{"rendered":"Rendgen"},"content":{"rendered":"<p><img decoding=\"async\" src=\"\/sr\/wp-content\/uploads\/2024\/10\/services-digital-x-ray-hero-01b.png\" alt=\"\"><br \/>\n<img decoding=\"async\" src=\"\/sr\/wp-content\/uploads\/2024\/10\/icon-services-digital-rendgen.svg\" alt=\"\"><\/p>\n<h1>Rendgen \u2013 dijagnostika<\/h1>\n<p><img decoding=\"async\" src=\"\/sr\/wp-content\/uploads\/2024\/10\/services-digital-x-ray-hero-02b.png\" alt=\"\"><\/p>\n<div>\n<p>        <img decoding=\"async\" src=\"\/sr\/wp-content\/uploads\/yootheme\/services-digital-x-ray-about-01.jpg\" alt=\"\"><\/p>\n<\/div>\n<div>pouzdana metoda<\/div>\n<div>\n<p>Ova metoda je postala neizostavna u dijagnostici na mnogim poljima u medicini od otkri\u0107a rendgen zraka krajem 19. veka. U stomatologiji nema izgleda da \u0107e biti izostavljena ta metoda u bliskoj budu\u0107nosti.<\/p>\n<\/div>\n<div>\n<p>Na\u0161a ordinacija je otvorena za vr\u0161enje snimaka kod pacijenata upu\u0107enih od strane drugih stomatologa.<br \/>U stomatologiji razlikujemo snimke pravljene unutar i van usta pacijenta.<\/p>\n<\/div>\n<ul>\n<li>\n<p>        <img decoding=\"async\" src=\"\/sr\/wp-content\/uploads\/2024\/10\/rtg-sl1_b.jpg\" alt=\"\"><\/p>\n<\/li>\n<li>\n<p>        <img decoding=\"async\" src=\"\/sr\/wp-content\/uploads\/2024\/10\/rtg-sl2_b.jpg\" alt=\"\"><\/p>\n<\/li>\n<li>\n<p>        <img decoding=\"async\" src=\"\/sr\/wp-content\/uploads\/2024\/10\/rtg-sl7_b.jpg\" alt=\"\"><\/p>\n<\/li>\n<li>\n<p>        <img decoding=\"async\" src=\"\/sr\/wp-content\/uploads\/2024\/10\/rtg-sl8.jpg\" alt=\"\"><\/p>\n<\/li>\n<\/ul>\n<h1>\n<h4>1.) Extraoralni snimci (izvan usta)<\/h4>\n<\/h1>\n<div>\n<p><span>Ovakvi snimci se pripremaju uz pomo\u0107 ve\u0107ih rendgen aparata, gde je film postavljen van usta pacijenta sme\u0161ten u kaseti. Ve\u0107i aparati uglavnom izazivaju strah od zra\u010denja, ali uz pomo\u0107 specijalnih poja\u010diva\u010dkih folija koli\u010dina zra\u010denja je smanjena na minimum. Naravno za\u0161tita je upotpunjena olovnom keceljom. U toku pripremanja jednog OPT snimka pacijent absorbuje samo 2,5 puta ve\u0107u dozu zra\u010denja od doze za pripremanje malog snimka, sa time da se ne vidi samo 3-4 zuba, nego svi zubi, \u0161to nije zanemarljivo.<\/span><\/p>\n<\/div>\n<h1>\n<h4>a.) Ortopantomogram &#8211; panorama (OPT, OPG) snimak<\/h4>\n<\/h1>\n<div>\n<p><span>Predstavlja jedan od najva\u017enijih stomatolo\u0161kih snimaka. U su\u0161tini bi ovakav snimak bio potreban ve\u0107 kod prvog susreta sa pacijentom. Na njemu su vidljivi zglobovi vilice, maxilarni sinusi, gornja i donja vilica sa svim zubima. Jako dobro mogu se dijagnostikovati: ciste, periapikalne promene, koli\u010dina parodontopatijom izgubljene kosti, ve\u0107i kvarovi zuba, neizrasli umnjaci itd. Pru\u017ea uvid u kompletnu oralnu regiju.<\/span><br \/><span>Po\u0161to se sve vidi na njemu, manje je precizan, zato kod problemati\u010dnijih delova treba napraviti i manji snimak unutar usta pacijenta.<\/span><br \/><span>Neizostavni je snimak pre ve\u0107ih zahvata, kod nadoknade zuba i ortodontskih tretmana. Zamislite ovaj snimak kao sliku razreda u \u0161koli. Sva se deca vide na njemu, ali ne tako precizno, kao kad jedno dete slikamo posebno. U ovakvom slu\u010daju pripremamo mali snimak. Veliki snimak je dobar putokaz, s koje regije je potrebno po potrebi pripremiti i mali snimak.<\/span><\/p>\n<\/p>\n<\/p>\n<\/div>\n<p><img decoding=\"async\" src=\"\/sr\/wp-content\/uploads\/2024\/10\/rentgen2b.jpg\" alt=\"\"><\/p>\n<h1>\n<h4>b.) Orthocephalogram-telerendgen-TR snimak<\/h4>\n<\/h1>\n<div>\n<p><span>Ovakav snimak je potreban kod ortodontskih tretmana gde mo\u017eemo videti odnose vilica, tendenciju rasta, nagnutost prednjih zuba\u2026.<\/span><\/p>\n<\/div>\n<p><img decoding=\"async\" src=\"\/sr\/wp-content\/uploads\/2024\/10\/rentgen.jpg\" alt=\"\"><\/p>\n<h1>\n<h4>2.) Intraoralni snimci (unutar usta )<\/h4>\n<\/h1>\n<div>\n<p><span>Postoje vi\u0161e vrsta, ali uglavnom podrazumevamo retroalveolarni snimak. Film se postavi u usta, iza zuba i vilice, kojeg pacijent pridr\u017eava pri pravljenju snimka. Ovakav snimak treba zamisliti kao sliku pravljenu za tablon u \u0161koli. Gde se samo jedan vidi na njemu uve\u0107an. Ovakav snimak je dijagnosti\u010dki precizan.<\/span><\/p>\n<\/div>\n<p><img decoding=\"async\" src=\"\/sr\/wp-content\/uploads\/2024\/10\/rtg2b.png\" alt=\"\"><\/p>\n<h2>Da li \u017eelite da saznate vi\u0161e ili vam je potrebna konsultacija?<\/h2>\n<div>Stojimo vam na raspolaganju.<\/div>\n<p>\n    <a href=\"\/sr\/index.php?page_id=8\">Obratite nam se<\/a>\n<\/p>\n<p><!--more--><br \/>\n<!-- {\"name\":\"Digital X-ray\",\"type\":\"layout\",\"children\":[{\"type\":\"section\",\"props\":{\"image_position\":\"center-center\",\"style\":\"default\",\"title_breakpoint\":\"xl\",\"title_position\":\"top-left\",\"title_rotation\":\"left\",\"vertical_align\":\"\",\"width\":\"\"},\"children\":[{\"type\":\"row\",\"children\":[{\"type\":\"column\",\"props\":{\"image_position\":\"center-center\",\"position_sticky_breakpoint\":\"m\",\"vertical_align\":\"bottom\",\"width_small\":\"expand\"},\"children\":[{\"type\":\"image\",\"props\":{\"image\":\"wp-content\\\/uploads\\\/2024\\\/10\\\/services-digital-x-ray-hero-01b.png\",\"image_svg_color\":\"emphasis\",\"image_width\":\"500\",\"margin\":\"remove-vertical\",\"text_align\":\"center\",\"visibility\":\"l\"}}]},{\"type\":\"column\",\"props\":{\"image_position\":\"center-center\",\"position_sticky_breakpoint\":\"m\",\"vertical_align\":\"middle\",\"width_small\":\"2-5\"},\"children\":[{\"type\":\"image\",\"props\":{\"image\":\"wp-content\\\/uploads\\\/2024\\\/10\\\/icon-services-digital-rendgen.svg\",\"image_height\":\"68\",\"image_svg_color\":\"emphasis\",\"image_width\":\"68\",\"margin\":\"default\",\"text_align\":\"center\"}},{\"type\":\"headline\",\"props\":{\"content\":\"Rendgen \\u2013 dijagnostika\",\"text_align\":\"center\",\"title_element\":\"h1\"}}]},{\"type\":\"column\",\"props\":{\"image_position\":\"center-center\",\"position_sticky_breakpoint\":\"m\",\"vertical_align\":\"bottom\",\"width_small\":\"expand\"},\"children\":[{\"type\":\"image\",\"props\":{\"image\":\"wp-content\\\/uploads\\\/2024\\\/10\\\/services-digital-x-ray-hero-02b.png\",\"image_svg_color\":\"emphasis\",\"image_width\":\"500\",\"margin\":\"default\",\"text_align\":\"center\",\"visibility\":\"l\"}}]}],\"props\":{\"layout\":\"1-3,1-3,1-3\",\"width\":\"expand\"}}],\"name\":\"Hero\"},{\"type\":\"section\",\"props\":{\"image_position\":\"center-center\",\"padding\":\"large\",\"padding_remove_bottom\":false,\"padding_remove_top\":true,\"style\":\"default\",\"title_breakpoint\":\"xl\",\"title_position\":\"top-left\",\"title_rotation\":\"left\",\"vertical_align\":\"\",\"width\":\"\"},\"children\":[{\"type\":\"row\",\"children\":[{\"type\":\"column\",\"props\":{\"image_position\":\"center-center\",\"padding\":\"xlarge\",\"position_sticky_breakpoint\":\"m\",\"width_medium\":\"1-2\"},\"children\":[{\"type\":\"overlay\",\"props\":{\"image\":\"wp-content\\\/uploads\\\/yootheme\\\/services-digital-x-ray-about-01.jpg\",\"image_width\":\"900\",\"link_style\":\"default\",\"link_text\":\"Read more\",\"margin\":\"default\",\"meta_align\":\"below-title\",\"meta_element\":\"div\",\"meta_style\":\"text-meta\",\"overlay_hover\":true,\"overlay_mode\":\"cover\",\"overlay_position\":\"center\",\"overlay_style\":\"\",\"overlay_transition\":\"fade\",\"text_align\":\"center\",\"text_color\":\"light\",\"title_element\":\"h3\",\"title_hover_style\":\"reset\"}}]},{\"type\":\"column\",\"props\":{\"css\":\"@media (max-width: 959px) { \\n\\t.el-column { padding-bottom: 40px; }\\n}\\n\\n@media (min-width: 960px) { \\n    .el-column { padding-right: 40px; } \\n}\",\"image_position\":\"center-center\",\"order_first\":\"m\",\"position_sticky_breakpoint\":\"m\",\"vertical_align\":\"middle\",\"width_medium\":\"1-2\"},\"children\":[{\"type\":\"headline\",\"props\":{\"content\":\"pouzdana metoda\",\"margin\":\"remove-vertical\",\"title_color\":\"primary\",\"title_element\":\"div\",\"title_style\":\"h6\"}},{\"type\":\"text\",\"props\":{\"column_breakpoint\":\"m\",\"content\":\"\n\n<p>Ova metoda je postala neizostavna u dijagnostici na mnogim poljima u medicini od otkri\\u0107a rendgen zraka krajem 19. veka. U stomatologiji nema izgleda da \\u0107e biti izostavljena ta metoda u bliskoj budu\\u0107nosti.<\\\/p>\",\"margin\":\"default\",\"maxwidth\":\"large\",\"maxwidth_breakpoint\":\"m\"}},{\"type\":\"text\",\"props\":{\"column_breakpoint\":\"m\",\"content\":\"\n\n<p>Na\\u0161a ordinacija je otvorena za vr\\u0161enje snimaka kod pacijenata upu\\u0107enih od strane drugih stomatologa.<br \\\/>U stomatologiji razlikujemo snimke pravljene unutar i van usta pacijenta.<\\\/p>\",\"margin\":\"default\",\"maxwidth\":\"large\",\"maxwidth_breakpoint\":\"m\"}}]}],\"props\":{\"column_gap\":\"collapse\",\"layout\":\"1-2,1-2\",\"width\":\"large\"}},{\"type\":\"row\",\"children\":[{\"type\":\"column\",\"props\":{\"image_position\":\"center-center\",\"padding\":\"xlarge\",\"position_sticky_breakpoint\":\"m\"},\"children\":[{\"type\":\"gallery\",\"props\":{\"content_display\":\"lightbox\",\"filter\":true,\"filter_align\":\"center\",\"filter_all\":false,\"filter_grid_breakpoint\":\"m\",\"filter_grid_width\":\"auto\",\"filter_margin\":\"small\",\"filter_position\":\"top\",\"filter_style\":\"tab\",\"grid_column_align\":true,\"grid_column_gap\":\"small\",\"grid_default\":\"4\",\"grid_divider\":false,\"grid_large\":\"4\",\"grid_medium\":\"4\",\"grid_parallax_justify\":true,\"grid_row_align\":false,\"grid_small\":\"4\",\"grid_xlarge\":\"4\",\"image_box_decoration\":\"mask\",\"image_height\":\"500\",\"image_loading\":true,\"image_orientation\":false,\"image_transition_border\":true,\"image_width\":\"600\",\"item_animation\":true,\"lightbox\":true,\"lightbox_image_orientation\":false,\"link_style\":\"default\",\"link_text\":\"uve\\u0107aj\",\"margin\":\"default\",\"maxwidth\":\"xlarge\",\"meta_align\":\"below-title\",\"meta_element\":\"div\",\"meta_style\":\"text-meta\",\"overlay_hover\":true,\"overlay_mode\":\"cover\",\"overlay_padding\":\"small\",\"overlay_position\":\"center\",\"overlay_style\":\"\",\"overlay_transition\":\"fade\",\"overlay_transition_background\":true,\"show_content\":true,\"show_hover_image\":false,\"show_hover_video\":false,\"show_link\":false,\"show_meta\":false,\"show_title\":false,\"text_align\":\"center\",\"text_blend\":false,\"text_color\":\"light\",\"text_color_hover\":false,\"title_display\":\"lightbox\",\"title_element\":\"h3\",\"title_hover_style\":\"reset\"},\"children\":[{\"type\":\"gallery_item\",\"props\":{\"image\":\"wp-content\\\/uploads\\\/2024\\\/10\\\/rtg-sl1_b.jpg\"}},{\"type\":\"gallery_item\",\"props\":{\"image\":\"wp-content\\\/uploads\\\/2024\\\/10\\\/rtg-sl2_b.jpg\"}},{\"type\":\"gallery_item\",\"props\":{\"image\":\"wp-content\\\/uploads\\\/2024\\\/10\\\/rtg-sl7_b.jpg\"}},{\"type\":\"gallery_item\",\"props\":{\"image\":\"wp-content\\\/uploads\\\/2024\\\/10\\\/rtg-sl8.jpg\"}}]},{\"type\":\"headline\",\"props\":{\"content\":\"\n\n<h4>1.) Extraoralni snimci (izvan usta)<\\\/h4>\",\"title_element\":\"h1\"}},{\"type\":\"text\",\"props\":{\"column_breakpoint\":\"m\",\"content\":\"\n\n<p><span>Ovakvi snimci se pripremaju uz pomo\\u0107 ve\\u0107ih rendgen aparata, gde je film postavljen van usta pacijenta sme\\u0161ten u kaseti. Ve\\u0107i aparati uglavnom izazivaju strah od zra\\u010denja, ali uz pomo\\u0107 specijalnih poja\\u010diva\\u010dkih folija koli\\u010dina zra\\u010denja je smanjena na minimum. Naravno za\\u0161tita je upotpunjena olovnom keceljom. U toku pripremanja jednog OPT snimka pacijent absorbuje samo 2,5 puta ve\\u0107u dozu zra\\u010denja od doze za pripremanje malog snimka, sa time da se ne vidi samo 3-4 zuba, nego svi zubi, \\u0161to nije zanemarljivo.<\\\/span><\\\/p>\",\"margin\":\"default\"}},{\"type\":\"headline\",\"props\":{\"content\":\"\n\n<h4>a.) Ortopantomogram - panorama (OPT, OPG) snimak<\\\/h4>\",\"title_element\":\"h1\"}},{\"type\":\"text\",\"props\":{\"column_breakpoint\":\"m\",\"content\":\"\n\n<p><span>Predstavlja jedan od najva\\u017enijih stomatolo\\u0161kih snimaka. U su\\u0161tini bi ovakav snimak bio potreban ve\\u0107 kod prvog susreta sa pacijentom. Na njemu su vidljivi zglobovi vilice, maxilarni sinusi, gornja i donja vilica sa svim zubima. Jako dobro mogu se dijagnostikovati: ciste, periapikalne promene, koli\\u010dina parodontopatijom izgubljene kosti, ve\\u0107i kvarovi zuba, neizrasli umnjaci itd. Pru\\u017ea uvid u kompletnu oralnu regiju.<\\\/span><br \\\/><span>Po\\u0161to se sve vidi na njemu, manje je precizan, zato kod problemati\\u010dnijih delova treba napraviti i manji snimak unutar usta pacijenta.<\\\/span><br \\\/><span>Neizostavni je snimak pre ve\\u0107ih zahvata, kod nadoknade zuba i ortodontskih tretmana. Zamislite ovaj snimak kao sliku razreda u \\u0161koli. Sva se deca vide na njemu, ali ne tako precizno, kao kad jedno dete slikamo posebno. U ovakvom slu\\u010daju pripremamo mali snimak. Veliki snimak je dobar putokaz, s koje regije je potrebno po potrebi pripremiti i mali snimak.<\\\/span><\\\/p>\\n\n\n<p><\\\/p>\\n\n\n<p><\\\/p>\\n\n\n<p><\\\/p>\\n\n\n<p><\\\/p>\",\"margin\":\"default\"}}]}],\"props\":{\"column_gap\":\"collapse\",\"margin\":\"remove-vertical\",\"width\":\"large\"}},{\"type\":\"row\",\"children\":[{\"type\":\"column\",\"props\":{\"image_position\":\"center-center\",\"padding\":\"xlarge\",\"position_sticky_breakpoint\":\"m\"},\"children\":[{\"type\":\"image\",\"props\":{\"image\":\"wp-content\\\/uploads\\\/2024\\\/10\\\/rentgen2b.jpg\",\"image_border\":\"rounded\",\"image_svg_color\":\"emphasis\",\"margin\":\"default\"}},{\"type\":\"headline\",\"props\":{\"content\":\"\n\n<h4>b.) Orthocephalogram-telerendgen-TR snimak<\\\/h4>\",\"title_element\":\"h1\"}},{\"type\":\"text\",\"props\":{\"column_breakpoint\":\"m\",\"content\":\"\n\n<p><span>Ovakav snimak je potreban kod ortodontskih tretmana gde mo\\u017eemo videti odnose vilica, tendenciju rasta, nagnutost prednjih zuba\\u2026.<\\\/span><\\\/p>\",\"margin\":\"default\"}},{\"type\":\"image\",\"props\":{\"image\":\"wp-content\\\/uploads\\\/2024\\\/10\\\/rentgen.jpg\",\"image_border\":\"rounded\",\"image_svg_color\":\"emphasis\",\"margin\":\"default\"}},{\"type\":\"headline\",\"props\":{\"content\":\"\n\n<h4>2.) Intraoralni snimci (unutar usta )<\\\/h4>\",\"title_element\":\"h1\"}},{\"type\":\"text\",\"props\":{\"column_breakpoint\":\"m\",\"content\":\"\n\n<p><span>Postoje vi\\u0161e vrsta, ali uglavnom podrazumevamo retroalveolarni snimak. Film se postavi u usta, iza zuba i vilice, kojeg pacijent pridr\\u017eava pri pravljenju snimka. Ovakav snimak treba zamisliti kao sliku pravljenu za tablon u \\u0161koli. Gde se samo jedan vidi na njemu uve\\u0107an. Ovakav snimak je dijagnosti\\u010dki precizan.<\\\/span><\\\/p>\",\"margin\":\"default\"}},{\"type\":\"image\",\"props\":{\"image\":\"wp-content\\\/uploads\\\/2024\\\/10\\\/rtg2b.png\",\"image_svg_color\":\"emphasis\",\"margin\":\"default\"}}]}],\"props\":{\"column_gap\":\"collapse\",\"margin\":\"remove-vertical\",\"width\":\"large\"}},{\"type\":\"row\",\"props\":{\"margin\":\"remove-vertical\"},\"children\":[{\"type\":\"column\",\"props\":{\"image_position\":\"center-center\",\"position_sticky_breakpoint\":\"m\"}}]}],\"name\":\"About\"},{\"type\":\"section\",\"props\":{\"image_position\":\"center-center\",\"padding\":\"large\",\"padding_remove_top\":true,\"style\":\"default\",\"title_breakpoint\":\"xl\",\"title_position\":\"top-left\",\"title_rotation\":\"left\",\"vertical_align\":\"\",\"width\":\"large\"},\"children\":[{\"type\":\"row\",\"children\":[{\"type\":\"column\",\"props\":{\"image_position\":\"center-center\",\"position_sticky_breakpoint\":\"m\"}}]}],\"name\":\"Doctors\"},{\"type\":\"section\",\"props\":{\"image\":\"wp-content\\\/uploads\\\/yootheme\\\/cta-bg.svg\",\"image_position\":\"center-right\",\"image_size\":\"height-1-1\",\"image_width\":\"800\",\"media_visibility\":\"s\",\"padding\":\"large\",\"padding_remove_top\":false,\"style\":\"secondary\",\"title_breakpoint\":\"xl\",\"title_position\":\"top-left\",\"title_rotation\":\"left\",\"vertical_align\":\"\",\"width\":\"default\"},\"children\":[{\"type\":\"row\",\"props\":{\"layout\":\"2-3,1-3\",\"width\":\"large\"},\"children\":[{\"type\":\"column\",\"props\":{\"image_position\":\"center-center\",\"padding\":\"none\",\"position_sticky_breakpoint\":\"m\",\"width_small\":\"2-3\"},\"children\":[{\"type\":\"headline\",\"props\":{\"content\":\"Da li \\u017eelite da saznate vi\\u0161e ili vam je potrebna konsultacija?\",\"maxwidth\":\"large\",\"maxwidth_breakpoint\":\"s\",\"text_align\":\"left\",\"text_align_breakpoint\":\"s\",\"text_align_fallback\":\"center\",\"title_element\":\"h2\"}},{\"type\":\"text\",\"props\":{\"column_breakpoint\":\"m\",\"content\":\"Stojimo vam na raspolaganju.\",\"margin\":\"default\",\"maxwidth\":\"large\",\"maxwidth_breakpoint\":\"s\",\"text_align\":\"left\",\"text_align_breakpoint\":\"s\",\"text_align_fallback\":\"center\",\"text_color\":\"emphasis\"}}]},{\"type\":\"column\",\"props\":{\"image_position\":\"center-center\",\"padding\":\"none\",\"position_sticky_breakpoint\":\"m\",\"vertical_align\":\"middle\",\"width_small\":\"1-3\"},\"children\":[{\"type\":\"button\",\"props\":{\"button_size\":\"large\",\"grid_column_gap\":\"small\",\"grid_row_gap\":\"small\",\"margin\":\"default\",\"text_align\":\"right\",\"text_align_breakpoint\":\"s\",\"text_align_fallback\":\"center\"},\"children\":[{\"type\":\"button_item\",\"props\":{\"button_style\":\"default\",\"content\":\"Obratite nam se\",\"icon_align\":\"left\",\"link\":\"index.php?page_id=8\"}}]}]}]}],\"name\":\"Call to Action\",\"modified\":\"2021-12-01T11:57:12.393Z\"}],\"version\":\"4.4.5\"} --><\/p>\n","protected":false},"excerpt":{"rendered":"<p>Rendgen \u2013 dijagnostika pouzdana metoda Ova metoda je postala neizostavna u dijagnostici na mnogim poljima u medicini od otkri\u0107a rendgen zraka krajem 19. veka. U stomatologiji nema izgleda da \u0107e biti izostavljena ta metoda u bliskoj budu\u0107nosti. Na\u0161a ordinacija je otvorena za vr\u0161enje snimaka kod pacijenata upu\u0107enih od strane drugih stomatologa.U stomatologiji razlikujemo snimke pravljene [&hellip;]<\/p>\n","protected":false},"author":1,"featured_media":2111,"parent":0,"menu_order":0,"comment_status":"open","ping_status":"open","template":"","meta":{"_acf_changed":false,"footnotes":""},"class_list":["post-23","page","type-page","status-publish","has-post-thumbnail","hentry"],"acf":[],"_links":{"self":[{"href":"https:\/\/prodent.rs\/sr\/wp-json\/wp\/v2\/pages\/23","targetHints":{"allow":["GET"]}}],"collection":[{"href":"https:\/\/prodent.rs\/sr\/wp-json\/wp\/v2\/pages"}],"about":[{"href":"https:\/\/prodent.rs\/sr\/wp-json\/wp\/v2\/types\/page"}],"author":[{"embeddable":true,"href":"https:\/\/prodent.rs\/sr\/wp-json\/wp\/v2\/users\/1"}],"replies":[{"embeddable":true,"href":"https:\/\/prodent.rs\/sr\/wp-json\/wp\/v2\/comments?post=23"}],"version-history":[{"count":46,"href":"https:\/\/prodent.rs\/sr\/wp-json\/wp\/v2\/pages\/23\/revisions"}],"predecessor-version":[{"id":2429,"href":"https:\/\/prodent.rs\/sr\/wp-json\/wp\/v2\/pages\/23\/revisions\/2429"}],"wp:featuredmedia":[{"embeddable":true,"href":"https:\/\/prodent.rs\/sr\/wp-json\/wp\/v2\/media\/2111"}],"wp:attachment":[{"href":"https:\/\/prodent.rs\/sr\/wp-json\/wp\/v2\/media?parent=23"}],"curies":[{"name":"wp","href":"https:\/\/api.w.org\/{rel}","templated":true}]}}