{"id":22,"date":"2021-01-19T09:50:09","date_gmt":"2021-01-19T09:50:09","guid":{"rendered":"https:\/\/prodent.rs\/sr\/?p=22"},"modified":"2024-10-10T08:29:00","modified_gmt":"2024-10-10T08:29:00","slug":"kozmeticka-stomatologija","status":"publish","type":"page","link":"https:\/\/prodent.rs\/sr\/kozmeticka-stomatologija\/","title":{"rendered":"Kozmeti\u010dka stomatologija"},"content":{"rendered":"<p><img decoding=\"async\" src=\"\/sr\/wp-content\/uploads\/yootheme\/icon-services-cosmetic-dentistry.svg\" alt=\"\"><\/p>\n<h1>Kozmeti\u010dka stomatologija<\/h1>\n<div>\n<p>Estetska stomatologija obuhvata niz razli\u010ditih procedura i postupaka kojima se posti\u017eu \u017eeljeni rezultati za va\u0161 lep osmeh.<\/p>\n<\/div>\n<p><img decoding=\"async\" src=\"\/sr\/wp-content\/uploads\/yootheme\/services-cosmetic-dentistry-hero.png\" alt=\"\"><\/p>\n<div><span>\u010cesto postavljana pitanja<\/span><\/div>\n<h2>Imate pitanje? Imamo odgovor.<\/h2>\n<h1>\n<h4>\u0160ta je estetska\/kozmetska stomatologija?<\/h4>\n<\/h1>\n<div>\n<p>Stomatolog u toku estetskih zahvata se maksimalno trudi, da po boji i po obliku harmoni\u010dno restaurira zub, sa svim njihovim prirodnim anatomskim strukturama (npr. modeliraju\u0107i fissure i jamice). Sve ovo zahteva od stomatologa ulaganje mnogo vi\u0161e vremena, kori\u0161\u0107enje specijalnih tehnika i materijala najboljeg kvaliteta. Svaki zahvat u na\u0161oj ordinaciji se vr\u0161i prate\u0107i ova na\u010dela, zato slobodno pogledajte bilo koju sliku na na\u0161em sajtu, da bih ste se uverili u to!<\/p>\n<p>Kozmetska stomatologija predstavlja jedan vi\u0161i stupanj prethodno opisanih, kada se \u017eeli posti\u0107i idealan osmeh, bez obzira na godine starosti i prethodno prirodno stanje.\u00a0<\/p>\n<\/div>\n<ul>\n<li>\n<h3>Pobolj\u0161anja su o\u010digedna<\/h3>\n<div>\n<p>Kozmetski zubni tretman podrazumeva sve stomatolo\u0161ke intervencije koje pobolj\u0161avaju Va\u0161 osmeh<\/p>\n<\/div>\n<\/li>\n<li>\n<p><img decoding=\"async\" src=\"\/sr\/wp-content\/uploads\/2024\/10\/curapre_b.jpg\" alt=\"\"><\/p>\n<h3>Pre intervencije<\/h3>\n<\/li>\n<li>\n<p><img decoding=\"async\" src=\"\/sr\/wp-content\/uploads\/2024\/10\/curaposle_b.jpg\" alt=\"\"><\/p>\n<h3>Nakon intervencije<\/h3>\n<\/li>\n<\/ul>\n<ul>\n<li>\n<h3>Ni godine nisu va\u017ene<\/h3>\n<div>\n<p>Jednostavnije re\u010deno tetki Mariji od 60 godina se napravi perfektan i beli osmeh, koji mo\u017eda ni sa 20 godina nije imala! \ud83d\ude42<\/p>\n<\/div>\n<\/li>\n<li>\n<p><img decoding=\"async\" src=\"\/sr\/wp-content\/uploads\/2024\/10\/mamapre_b.jpg\" alt=\"\"><\/p>\n<h3>Mama pre<\/h3>\n<\/li>\n<li>\n<p><img decoding=\"async\" src=\"\/sr\/wp-content\/uploads\/2024\/10\/mamaposle_b.jpg\" alt=\"\"><\/p>\n<h3>Mama posle<\/h3>\n<\/li>\n<\/ul>\n<h2>Da li \u017eelite da saznate vi\u0161e ili vam je potrebna konsultacija?<\/h2>\n<div>\n<p>Stojimo vam na raspolaganju.<\/p>\n<\/div>\n<p>\n    <a href=\"\/sr\/index.php?page_id=8\">obratite nam se<\/a>\n<\/p>\n<p><!--more--><br \/>\n<!-- {\"children\":[{\"name\":\"Hero\",\"type\":\"section\",\"props\":{\"image_position\":\"center-center\",\"padding\":\"large\",\"style\":\"default\",\"title_breakpoint\":\"xl\",\"title_position\":\"top-left\",\"title_rotation\":\"left\",\"vertical_align\":\"\",\"width\":\"default\",\"width_expand\":\"right\"},\"children\":[{\"type\":\"row\",\"children\":[{\"type\":\"column\",\"props\":{\"image_position\":\"center-center\",\"position_sticky_breakpoint\":\"m\",\"vertical_align\":\"middle\",\"width_medium\":\"1-3\"},\"children\":[{\"type\":\"image\",\"props\":{\"image\":\"wp-content\\\/uploads\\\/yootheme\\\/icon-services-cosmetic-dentistry.svg\",\"image_height\":\"68\",\"image_svg_color\":\"emphasis\",\"image_svg_inline\":true,\"image_width\":\"68\",\"margin\":\"default\",\"text_align\":\"left\",\"text_align_breakpoint\":\"m\",\"text_align_fallback\":\"center\"}},{\"type\":\"headline\",\"props\":{\"content\":\"Kozmeti\\u010dka stomatologija\",\"margin_remove_top\":true,\"text_align\":\"left\",\"text_align_breakpoint\":\"m\",\"text_align_fallback\":\"center\",\"title_element\":\"h1\"}},{\"type\":\"text\",\"props\":{\"column_breakpoint\":\"m\",\"content\":\"\n\n<p>Estetska stomatologija obuhvata niz razli\\u010ditih procedura i postupaka kojima se posti\\u017eu \\u017eeljeni rezultati za va\\u0161 lep osmeh.<\\\/p>\",\"margin\":\"default\",\"maxwidth\":\"large\",\"maxwidth_breakpoint\":\"m\",\"text_align\":\"left\",\"text_align_breakpoint\":\"m\",\"text_align_fallback\":\"center\"}}]},{\"type\":\"column\",\"props\":{\"image_position\":\"center-center\",\"position_sticky_breakpoint\":\"m\",\"width_medium\":\"2-3\"},\"children\":[{\"type\":\"image\",\"props\":{\"container_padding_remove\":false,\"image\":\"wp-content\\\/uploads\\\/yootheme\\\/services-cosmetic-dentistry-hero.png\",\"image_svg_color\":\"emphasis\",\"image_width\":\"1300\",\"margin\":\"default\",\"text_align\":\"right\",\"visibility\":\"m\"}}]}],\"props\":{\"layout\":\"1-3,2-3\"}}],\"modified\":\"2021-07-27T09:17:23.123Z\"},{\"type\":\"section\",\"props\":{\"image_position\":\"center-center\",\"padding\":\"xlarge\",\"padding_remove_top\":true,\"style\":\"default\",\"title_breakpoint\":\"xl\",\"title_position\":\"top-left\",\"title_rotation\":\"left\",\"vertical_align\":\"\",\"width\":\"\"},\"children\":[{\"type\":\"row\",\"props\":{\"column_gap\":\"large\",\"layout\":\"1-3,2-3\",\"row_gap\":\"large\",\"width\":\"default\"},\"children\":[{\"type\":\"column\",\"props\":{\"image_position\":\"center-center\",\"position_sticky_breakpoint\":\"m\",\"width_medium\":\"1-3\"},\"children\":[{\"type\":\"headline\",\"props\":{\"content\":\"<span>\\u010cesto postavljana pitanja<\\\/span>\",\"text_align\":\"left\",\"text_align_breakpoint\":\"m\",\"text_align_fallback\":\"center\",\"title_color\":\"primary\",\"title_element\":\"div\",\"title_style\":\"h6\"}},{\"type\":\"headline\",\"props\":{\"content\":\"Imate pitanje? Imamo odgovor.\",\"margin\":\"remove-vertical\",\"text_align\":\"left\",\"text_align_breakpoint\":\"m\",\"text_align_fallback\":\"center\",\"title_element\":\"h2\"}}]},{\"type\":\"column\",\"props\":{\"image_position\":\"center-center\",\"position_sticky_breakpoint\":\"m\",\"width_medium\":\"2-3\"},\"children\":[{\"type\":\"headline\",\"props\":{\"content\":\"\n\n<h4>\\u0160ta je estetska\\\/kozmetska stomatologija?<\\\/h4>\",\"title_element\":\"h1\"}},{\"type\":\"text\",\"props\":{\"column_breakpoint\":\"m\",\"content\":\"\n\n<p>Stomatolog u toku estetskih zahvata se maksimalno trudi, da po boji i po obliku harmoni\\u010dno restaurira zub, sa svim njihovim prirodnim anatomskim strukturama (npr. modeliraju\\u0107i fissure i jamice). Sve ovo zahteva od stomatologa ulaganje mnogo vi\\u0161e vremena, kori\\u0161\\u0107enje specijalnih tehnika i materijala najboljeg kvaliteta. Svaki zahvat u na\\u0161oj ordinaciji se vr\\u0161i prate\\u0107i ova na\\u010dela, zato slobodno pogledajte bilo koju sliku na na\\u0161em sajtu, da bih ste se uverili u to!<\\\/p>\\n\n\n<p>Kozmetska stomatologija predstavlja jedan vi\\u0161i stupanj prethodno opisanih, kada se \\u017eeli posti\\u0107i idealan osmeh, bez obzira na godine starosti i prethodno prirodno stanje.\\u00a0<\\\/p>\",\"margin\":\"default\"}}]}]}],\"name\":\"FAQ\",\"modified\":\"2021-07-23T10:38:09.646Z\"},{\"type\":\"section\",\"props\":{\"image_position\":\"center-center\",\"style\":\"default\",\"title_breakpoint\":\"xl\",\"title_position\":\"top-left\",\"title_rotation\":\"left\",\"vertical_align\":\"middle\",\"width\":\"default\"},\"children\":[{\"type\":\"row\",\"children\":[{\"type\":\"column\",\"props\":{\"image_position\":\"center-center\",\"position_sticky_breakpoint\":\"m\"},\"children\":[{\"type\":\"grid\",\"props\":{\"content_column_breakpoint\":\"m\",\"filter_align\":\"left\",\"filter_all\":true,\"filter_grid_breakpoint\":\"m\",\"filter_grid_width\":\"auto\",\"filter_position\":\"top\",\"filter_style\":\"tab\",\"grid_default\":\"1\",\"grid_medium\":\"3\",\"icon_width\":80,\"image_align\":\"top\",\"image_grid_breakpoint\":\"m\",\"image_grid_width\":\"1-2\",\"image_svg_color\":\"emphasis\",\"item_animation\":true,\"link_style\":\"default\",\"link_text\":\"Read more\",\"margin\":\"default\",\"meta_align\":\"below-title\",\"meta_element\":\"div\",\"meta_style\":\"text-meta\",\"show_content\":true,\"show_image\":true,\"show_link\":true,\"show_meta\":true,\"show_title\":true,\"title_align\":\"top\",\"title_element\":\"h3\",\"title_grid_breakpoint\":\"m\",\"title_grid_width\":\"1-2\",\"title_hover_style\":\"reset\"},\"children\":[{\"type\":\"grid_item\",\"props\":{\"content\":\"\n\n<p>Kozmetski zubni tretman podrazumeva sve stomatolo\\u0161ke intervencije koje pobolj\\u0161avaju Va\\u0161 osmeh<\\\/p>\",\"meta\":\"\",\"title\":\"Pobolj\\u0161anja su o\\u010digedna\"}},{\"type\":\"grid_item\",\"props\":{\"content\":\"\",\"image\":\"wp-content\\\/uploads\\\/2024\\\/10\\\/curapre_b.jpg\",\"meta\":\"\",\"title\":\"Pre intervencije\"}},{\"type\":\"grid_item\",\"props\":{\"image\":\"wp-content\\\/uploads\\\/2024\\\/10\\\/curaposle_b.jpg\",\"title\":\"Nakon intervencije\"}}]},{\"type\":\"grid\",\"props\":{\"content_column_breakpoint\":\"m\",\"filter_align\":\"left\",\"filter_all\":true,\"filter_grid_breakpoint\":\"m\",\"filter_grid_width\":\"auto\",\"filter_position\":\"top\",\"filter_style\":\"tab\",\"grid_default\":\"1\",\"grid_medium\":\"3\",\"icon_width\":80,\"image_align\":\"top\",\"image_grid_breakpoint\":\"m\",\"image_grid_width\":\"1-2\",\"image_svg_color\":\"emphasis\",\"item_animation\":true,\"link_style\":\"default\",\"link_text\":\"Read more\",\"margin\":\"default\",\"meta_align\":\"below-title\",\"meta_element\":\"div\",\"meta_style\":\"text-meta\",\"show_content\":true,\"show_image\":true,\"show_link\":true,\"show_meta\":true,\"show_title\":true,\"title_align\":\"top\",\"title_element\":\"h3\",\"title_grid_breakpoint\":\"m\",\"title_grid_width\":\"1-2\",\"title_hover_style\":\"reset\"},\"children\":[{\"type\":\"grid_item\",\"props\":{\"content\":\"\n\n<p>Jednostavnije re\\u010deno tetki Mariji od 60 godina se napravi perfektan i beli osmeh, koji mo\\u017eda ni sa 20 godina nije imala! \ud83d\ude42<\\\/p>\",\"title\":\"Ni godine nisu va\\u017ene\"}},{\"type\":\"grid_item\",\"props\":{\"image\":\"wp-content\\\/uploads\\\/2024\\\/10\\\/mamapre_b.jpg\",\"title\":\"Mama pre\"}},{\"type\":\"grid_item\",\"props\":{\"image\":\"wp-content\\\/uploads\\\/2024\\\/10\\\/mamaposle_b.jpg\",\"title\":\"Mama posle\"}}]}]}]}],\"name\":\"Slike\"},{\"type\":\"section\",\"props\":{\"image\":\"wp-content\\\/uploads\\\/yootheme\\\/cta-bg.svg\",\"image_position\":\"center-right\",\"image_size\":\"height-1-1\",\"image_width\":\"800\",\"media_visibility\":\"s\",\"padding\":\"large\",\"padding_remove_top\":false,\"style\":\"secondary\",\"title_breakpoint\":\"xl\",\"title_position\":\"top-left\",\"title_rotation\":\"left\",\"vertical_align\":\"\",\"width\":\"default\"},\"children\":[{\"type\":\"row\",\"props\":{\"layout\":\"2-3,1-3\",\"width\":\"large\"},\"children\":[{\"type\":\"column\",\"props\":{\"image_position\":\"center-center\",\"padding\":\"none\",\"position_sticky_breakpoint\":\"m\",\"width_small\":\"2-3\"},\"children\":[{\"type\":\"headline\",\"props\":{\"content\":\"Da li \\u017eelite da saznate vi\\u0161e ili vam je potrebna konsultacija?\",\"maxwidth\":\"large\",\"maxwidth_breakpoint\":\"s\",\"text_align\":\"left\",\"text_align_breakpoint\":\"s\",\"text_align_fallback\":\"center\",\"title_element\":\"h2\"}},{\"type\":\"text\",\"props\":{\"column_breakpoint\":\"m\",\"content\":\"\n\n<p>Stojimo vam na raspolaganju.<\\\/p>\",\"margin\":\"default\",\"maxwidth\":\"large\",\"maxwidth_breakpoint\":\"s\",\"text_align\":\"left\",\"text_align_breakpoint\":\"s\",\"text_align_fallback\":\"center\",\"text_color\":\"emphasis\"}}]},{\"type\":\"column\",\"props\":{\"image_position\":\"center-center\",\"padding\":\"none\",\"position_sticky_breakpoint\":\"m\",\"vertical_align\":\"middle\",\"width_small\":\"1-3\"},\"children\":[{\"type\":\"button\",\"props\":{\"button_size\":\"large\",\"grid_column_gap\":\"small\",\"grid_row_gap\":\"small\",\"margin\":\"default\",\"text_align\":\"right\",\"text_align_breakpoint\":\"s\",\"text_align_fallback\":\"center\"},\"children\":[{\"type\":\"button_item\",\"props\":{\"button_style\":\"default\",\"content\":\"obratite nam se\",\"icon_align\":\"left\",\"link\":\"index.php?page_id=8\"}}]}]}]}],\"name\":\"Call to Action\",\"modified\":\"2021-12-01T11:57:12.393Z\"}],\"version\":\"4.4.5\",\"type\":\"layout\"} --><\/p>\n","protected":false},"excerpt":{"rendered":"<p>Kozmeti\u010dka stomatologija Estetska stomatologija obuhvata niz razli\u010ditih procedura i postupaka kojima se posti\u017eu \u017eeljeni rezultati za va\u0161 lep osmeh. \u010cesto postavljana pitanja Imate pitanje? Imamo odgovor. \u0160ta je estetska\/kozmetska stomatologija? Stomatolog u toku estetskih zahvata se maksimalno trudi, da po boji i po obliku harmoni\u010dno restaurira zub, sa svim njihovim prirodnim anatomskim strukturama (npr. modeliraju\u0107i [&hellip;]<\/p>\n","protected":false},"author":1,"featured_media":2102,"parent":0,"menu_order":1,"comment_status":"open","ping_status":"closed","template":"","meta":{"_acf_changed":false,"footnotes":""},"class_list":["post-22","page","type-page","status-publish","has-post-thumbnail","hentry"],"acf":[],"_links":{"self":[{"href":"https:\/\/prodent.rs\/sr\/wp-json\/wp\/v2\/pages\/22","targetHints":{"allow":["GET"]}}],"collection":[{"href":"https:\/\/prodent.rs\/sr\/wp-json\/wp\/v2\/pages"}],"about":[{"href":"https:\/\/prodent.rs\/sr\/wp-json\/wp\/v2\/types\/page"}],"author":[{"embeddable":true,"href":"https:\/\/prodent.rs\/sr\/wp-json\/wp\/v2\/users\/1"}],"replies":[{"embeddable":true,"href":"https:\/\/prodent.rs\/sr\/wp-json\/wp\/v2\/comments?post=22"}],"version-history":[{"count":15,"href":"https:\/\/prodent.rs\/sr\/wp-json\/wp\/v2\/pages\/22\/revisions"}],"predecessor-version":[{"id":2347,"href":"https:\/\/prodent.rs\/sr\/wp-json\/wp\/v2\/pages\/22\/revisions\/2347"}],"wp:featuredmedia":[{"embeddable":true,"href":"https:\/\/prodent.rs\/sr\/wp-json\/wp\/v2\/media\/2102"}],"wp:attachment":[{"href":"https:\/\/prodent.rs\/sr\/wp-json\/wp\/v2\/media?parent=22"}],"curies":[{"name":"wp","href":"https:\/\/api.w.org\/{rel}","templated":true}]}}