{"id":19,"date":"2021-01-21T07:39:49","date_gmt":"2021-01-21T07:39:49","guid":{"rendered":"https:\/\/prodent.rs\/sr\/?p=19"},"modified":"2024-10-17T09:17:04","modified_gmt":"2024-10-17T09:17:04","slug":"preventivna-stomatologija","status":"publish","type":"page","link":"https:\/\/prodent.rs\/sr\/preventivna-stomatologija\/","title":{"rendered":"Preventivna stomatologija"},"content":{"rendered":"<p><img decoding=\"async\" src=\"\/sr\/wp-content\/uploads\/yootheme\/icon-services-general-dentistry.svg\" alt=\"\"><\/p>\n<h1>Preventivna stomatologija<\/h1>\n<div>\n<p>\u0160ta su njeni ciljevi? Spre\u010davanje oboljenja usne \u0161upljine i njihovih komplikacija. Vo\u0111eni takvim na\u010delima i toku izrade razli\u010ditih ispuna\/nadoknada nastojimo da smanjimo broj komplikacija na najmanju mogu\u0107u meru<\/p>\n<\/div>\n<p><img decoding=\"async\" src=\"\/sr\/wp-content\/uploads\/2024\/10\/teta2-1536x670-1.jpg\" alt=\"\"><\/p>\n<h1>\n<h2 class=\"el-title uk-h3 uk-margin-top uk-margin-remove-bottom\">\u0160ta nudimo od preventivnih postupaka?<\/h2>\n<\/h1>\n<hr>\n<div>\n<ul>\n<li>stomatolo\u0161ko savetovanje pacijentima svih uzrasta\n<\/li>\n<li>obja\u0161njenje pravilne tehnike pranja zuba\n<\/li>\n<li>uputstva u kori\u0161\u0107enju zubnog konca\n<\/li>\n<li>zna\u010daj upotrebe sredstava za fluorizaciju\n<\/li>\n<li>skrining tumora u usnoj \u0161upljini\n<\/li>\n<li>zalivanje fisura<\/li>\n<\/ul>\n<\/div>\n<h1>\n<h4>\u0160ta to zna\u010di?\u00a0<\/h4>\n<\/h1>\n<div>\n<p><span>Zalivanje prirodnih udubljenja na zubima.<\/span><\/p>\n<\/div>\n<h1>\n<h4><strong>Za\u0161to?\u00a0<\/strong><\/h4>\n<\/h1>\n<div>\n<p><span>Jer tako se smanjuje mogu\u0107nost nastanka karijesa<\/span><\/p>\n<\/div>\n<h1>\n<h4><strong>Kada?<\/strong><\/h4>\n<\/h1>\n<div>Najbolje do godinu dana od nicanja zuba.<\/div>\n<h1>\n<h4><strong>Kako?<\/strong><\/h4>\n<\/h1>\n<div>Bez injekcije i bu\u0161enja! Izabrani zub o\u010distimo pastom za poliranje, a potom mesta podlo\u017ene karijesu za\u0161titimo sredstvom koji se stvrdnjava pomo\u0107u svetlosti.<\/div>\n<p><img decoding=\"async\" src=\"\/sr\/wp-content\/uploads\/2024\/10\/prev1_b.jpg\" alt=\"\"><br \/>\n<img decoding=\"async\" src=\"\/sr\/wp-content\/uploads\/2024\/10\/prev2_b.jpg\" alt=\"\"><br \/>\n<img decoding=\"async\" src=\"\/sr\/wp-content\/uploads\/2024\/10\/prev4_b.jpg\" alt=\"\"><br \/>\n<img decoding=\"async\" src=\"\/sr\/wp-content\/uploads\/2024\/10\/prev5_b.jpg\" alt=\"\"><br \/>\n<img decoding=\"async\" src=\"\/sr\/wp-content\/uploads\/2024\/10\/prev6_b.jpg\" alt=\"\"><\/p>\n<h2><span>Da li \u017eelite da saznate vi\u0161e ili vam je potrebna konsultacija?<\/span><\/h2>\n<p>\n    <a href=\"\/sr\/index.php?page_id=8\">Obratite nam se<\/a>\n<\/p>\n<p><!--more--><br \/>\n<!-- {\"type\":\"layout\",\"children\":[{\"type\":\"section\",\"props\":{\"image_position\":\"center-center\",\"padding_remove_bottom\":true,\"style\":\"default\",\"title_breakpoint\":\"xl\",\"title_position\":\"top-left\",\"title_rotation\":\"left\",\"vertical_align\":\"\",\"width\":\"\"},\"children\":[{\"type\":\"row\",\"children\":[{\"type\":\"column\",\"props\":{\"image_position\":\"center-center\",\"position_sticky_breakpoint\":\"m\",\"vertical_align\":\"bottom\"},\"children\":[{\"type\":\"image\",\"props\":{\"image\":\"wp-content\\\/uploads\\\/yootheme\\\/icon-services-general-dentistry.svg\",\"image_height\":\"68\",\"image_loading\":true,\"image_svg_color\":\"emphasis\",\"image_svg_inline\":true,\"image_width\":\"68\",\"margin\":\"default\"}},{\"type\":\"headline\",\"props\":{\"content\":\"Preventivna stomatologija\",\"margin\":\"small\",\"title_element\":\"h1\"}},{\"type\":\"text\",\"props\":{\"blend\":false,\"column_breakpoint\":\"m\",\"content\":\"\n\n<p>\\u0160ta su njeni ciljevi? Spre\\u010davanje oboljenja usne \\u0161upljine i njihovih komplikacija. Vo\\u0111eni takvim na\\u010delima i toku izrade razli\\u010ditih ispuna\\\/nadoknada nastojimo da smanjimo broj komplikacija na najmanju mogu\\u0107u meru<\\\/p>\",\"margin\":\"default\",\"maxwidth\":\"xlarge\",\"position_bottom\":\"190\",\"text_style\":\"large\"}},{\"type\":\"image\",\"props\":{\"blend\":false,\"container_padding_remove\":false,\"image\":\"wp-content\\\/uploads\\\/2024\\\/10\\\/teta2-1536x670-1.jpg\",\"image_border\":\"rounded\",\"image_box_shadow\":\"small\",\"image_loading\":true,\"image_svg_color\":\"emphasis\",\"margin\":\"default\"}}]}],\"props\":{\"margin\":\"remove-vertical\",\"row_gap\":\"large\",\"width\":\"expand\"}}],\"name\":\"Hero\"},{\"type\":\"section\",\"props\":{\"image_position\":\"center-center\",\"padding_remove_bottom\":true,\"style\":\"default\",\"title_breakpoint\":\"xl\",\"title_position\":\"top-left\",\"title_rotation\":\"left\",\"vertical_align\":\"\",\"width\":\"expand\"},\"children\":[{\"type\":\"row\",\"props\":{\"column_gap\":\"large\",\"layout\":\"1-2,1-2\",\"row_gap\":\"large\",\"width\":\"large\"},\"children\":[{\"type\":\"column\",\"props\":{\"image_position\":\"center-center\",\"position_sticky_breakpoint\":\"m\",\"width_medium\":\"1-2\"},\"children\":[{\"type\":\"headline\",\"props\":{\"blend\":false,\"content\":\"\n\n<h2 class=\\\"el-title uk-h3 uk-margin-top uk-margin-remove-bottom\\\">\\u0160ta nudimo od preventivnih postupaka?<\\\/h2>\",\"margin_remove_bottom\":false,\"margin_remove_top\":true,\"title_element\":\"h1\"}},{\"type\":\"divider\",\"props\":{\"divider_element\":\"hr\"}},{\"type\":\"text\",\"props\":{\"column_breakpoint\":\"m\",\"content\":\"\n\n<ul>\\n\n\n<li>stomatolo\\u0161ko savetovanje pacijentima svih uzrasta<br \\\/><br \\\/><\\\/li>\\n\n\n<li>obja\\u0161njenje pravilne tehnike pranja zuba<br \\\/><br \\\/><\\\/li>\\n\n\n<li>uputstva u kori\\u0161\\u0107enju zubnog konca<br \\\/><br \\\/><\\\/li>\\n\n\n<li>zna\\u010daj upotrebe sredstava za fluorizaciju<br \\\/><br \\\/><\\\/li>\\n\n\n<li>skrining tumora u usnoj \\u0161upljini<br \\\/><br \\\/><\\\/li>\\n\n\n<li>zalivanje fisura<\\\/li>\\n<\\\/ul>\",\"dropcap\":false,\"margin\":\"default\"}}]},{\"type\":\"column\",\"props\":{\"image_position\":\"center-center\",\"position_sticky_breakpoint\":\"m\",\"width_medium\":\"1-2\"},\"children\":[{\"type\":\"headline\",\"props\":{\"content\":\"\n\n<h4>\\u0160ta to zna\\u010di?\\u00a0<\\\/h4>\",\"title_element\":\"h1\"}},{\"type\":\"text\",\"props\":{\"column_breakpoint\":\"m\",\"content\":\"\n\n<p><span>Zalivanje prirodnih udubljenja na zubima.<\\\/span><\\\/p>\",\"margin\":\"default\"}},{\"type\":\"headline\",\"props\":{\"content\":\"\n\n<h4><strong>Za\\u0161to?\\u00a0<\\\/strong><\\\/h4>\",\"title_element\":\"h1\"}},{\"type\":\"text\",\"props\":{\"column_breakpoint\":\"m\",\"content\":\"\n\n<p><span>Jer tako se smanjuje mogu\\u0107nost nastanka karijesa<\\\/span><\\\/p>\",\"margin\":\"default\"}},{\"type\":\"headline\",\"props\":{\"content\":\"\n\n<h4><strong>Kada?<\\\/strong><\\\/h4>\",\"title_element\":\"h1\"}},{\"type\":\"text\",\"props\":{\"column_breakpoint\":\"m\",\"content\":\"Najbolje do godinu dana od nicanja zuba.\",\"margin\":\"default\"}},{\"type\":\"headline\",\"props\":{\"content\":\"\n\n<h4><strong>Kako?<\\\/strong><\\\/h4>\",\"title_element\":\"h1\"}},{\"type\":\"text\",\"props\":{\"column_breakpoint\":\"m\",\"content\":\"Bez injekcije i bu\\u0161enja! Izabrani zub o\\u010distimo pastom za poliranje, a potom mesta podlo\\u017ene karijesu za\\u0161titimo sredstvom koji se stvrdnjava pomo\\u0107u svetlosti.\",\"margin\":\"default\"}}]}]},{\"type\":\"row\",\"children\":[{\"type\":\"column\",\"props\":{\"image_position\":\"center-center\",\"position_sticky_breakpoint\":\"m\"}}]},{\"type\":\"row\",\"props\":{\"divider\":false,\"layout\":\"1-5,1-5,1-5,1-5,1-5|1-2,1-2,1-3,1-3,1-3\",\"margin\":\"remove-vertical\"},\"children\":[{\"type\":\"column\",\"props\":{\"image_position\":\"center-center\",\"position_sticky_breakpoint\":\"m\",\"width_medium\":\"1-5\",\"width_small\":\"1-2\"},\"children\":[{\"type\":\"image\",\"props\":{\"image\":\"wp-content\\\/uploads\\\/2024\\\/10\\\/prev1_b.jpg\",\"image_svg_color\":\"emphasis\",\"margin\":\"default\"}}]},{\"type\":\"column\",\"props\":{\"image_position\":\"center-center\",\"position_sticky_breakpoint\":\"m\",\"width_medium\":\"1-5\",\"width_small\":\"1-2\"},\"children\":[{\"type\":\"image\",\"props\":{\"image\":\"wp-content\\\/uploads\\\/2024\\\/10\\\/prev2_b.jpg\",\"image_svg_color\":\"emphasis\",\"margin\":\"default\"}}]},{\"type\":\"column\",\"props\":{\"image_position\":\"center-center\",\"position_sticky_breakpoint\":\"m\",\"width_medium\":\"1-5\",\"width_small\":\"1-3\"},\"children\":[{\"type\":\"image\",\"props\":{\"image\":\"wp-content\\\/uploads\\\/2024\\\/10\\\/prev4_b.jpg\",\"image_svg_color\":\"emphasis\",\"margin\":\"default\"}}]},{\"type\":\"column\",\"props\":{\"image_position\":\"center-center\",\"position_sticky_breakpoint\":\"m\",\"width_medium\":\"1-5\",\"width_small\":\"1-3\"},\"children\":[{\"type\":\"image\",\"props\":{\"image\":\"wp-content\\\/uploads\\\/2024\\\/10\\\/prev5_b.jpg\",\"image_svg_color\":\"emphasis\",\"margin\":\"default\"}}]},{\"type\":\"column\",\"props\":{\"image_position\":\"center-center\",\"position_sticky_breakpoint\":\"m\",\"width_medium\":\"1-5\",\"width_small\":\"1-3\"},\"children\":[{\"type\":\"image\",\"props\":{\"image\":\"wp-content\\\/uploads\\\/2024\\\/10\\\/prev6_b.jpg\",\"image_svg_color\":\"emphasis\",\"margin\":\"default\"}}]}]},{\"type\":\"row\",\"children\":[{\"type\":\"column\",\"props\":{\"image_position\":\"center-center\",\"position_sticky_breakpoint\":\"m\"}}]}],\"name\":\"Services\"},{\"type\":\"section\",\"props\":{\"image_position\":\"center-right\",\"image_size\":\"height-1-1\",\"image_width\":\"800\",\"media_visibility\":\"s\",\"padding\":\"large\",\"padding_remove_top\":false,\"style\":\"secondary\",\"title_breakpoint\":\"xl\",\"title_position\":\"top-left\",\"title_rotation\":\"left\",\"vertical_align\":\"\",\"width\":\"default\"},\"children\":[{\"type\":\"row\",\"props\":{\"layout\":\"2-3,1-3\",\"width\":\"large\"},\"children\":[{\"type\":\"column\",\"props\":{\"image_position\":\"center-center\",\"padding\":\"none\",\"position_sticky_breakpoint\":\"m\",\"width_small\":\"2-3\"},\"children\":[{\"type\":\"headline\",\"props\":{\"content\":\"<span>Da li \\u017eelite da saznate vi\\u0161e ili vam je potrebna konsultacija?<\\\/span>\",\"maxwidth\":\"large\",\"maxwidth_breakpoint\":\"s\",\"text_align\":\"left\",\"text_align_breakpoint\":\"s\",\"text_align_fallback\":\"center\",\"title_element\":\"h2\"}}]},{\"type\":\"column\",\"props\":{\"image_position\":\"center-center\",\"padding\":\"none\",\"position_sticky_breakpoint\":\"m\",\"vertical_align\":\"middle\",\"width_small\":\"1-3\"},\"children\":[{\"type\":\"button\",\"props\":{\"button_size\":\"large\",\"grid_column_gap\":\"small\",\"grid_row_gap\":\"small\",\"margin\":\"default\",\"text_align\":\"right\",\"text_align_breakpoint\":\"s\",\"text_align_fallback\":\"center\"},\"children\":[{\"type\":\"button_item\",\"props\":{\"button_style\":\"default\",\"content\":\"Obratite nam se\",\"icon_align\":\"left\",\"link\":\"index.php?page_id=8\"}}]}]}]}],\"name\":\"Call to Action\",\"modified\":\"2021-12-01T11:57:12.393Z\"}],\"version\":\"4.4.5\"} --><\/p>\n","protected":false},"excerpt":{"rendered":"<p>Preventivna stomatologija \u0160ta su njeni ciljevi? Spre\u010davanje oboljenja usne \u0161upljine i njihovih komplikacija. Vo\u0111eni takvim na\u010delima i toku izrade razli\u010ditih ispuna\/nadoknada nastojimo da smanjimo broj komplikacija na najmanju mogu\u0107u meru \u0160ta nudimo od preventivnih postupaka? stomatolo\u0161ko savetovanje pacijentima svih uzrasta obja\u0161njenje pravilne tehnike pranja zuba uputstva u kori\u0161\u0107enju zubnog konca zna\u010daj upotrebe sredstava za fluorizaciju [&hellip;]<\/p>\n","protected":false},"author":1,"featured_media":2083,"parent":0,"menu_order":4,"comment_status":"open","ping_status":"closed","template":"","meta":{"_acf_changed":false,"footnotes":""},"class_list":["post-19","page","type-page","status-publish","has-post-thumbnail","hentry"],"acf":[],"_links":{"self":[{"href":"https:\/\/prodent.rs\/sr\/wp-json\/wp\/v2\/pages\/19","targetHints":{"allow":["GET"]}}],"collection":[{"href":"https:\/\/prodent.rs\/sr\/wp-json\/wp\/v2\/pages"}],"about":[{"href":"https:\/\/prodent.rs\/sr\/wp-json\/wp\/v2\/types\/page"}],"author":[{"embeddable":true,"href":"https:\/\/prodent.rs\/sr\/wp-json\/wp\/v2\/users\/1"}],"replies":[{"embeddable":true,"href":"https:\/\/prodent.rs\/sr\/wp-json\/wp\/v2\/comments?post=19"}],"version-history":[{"count":33,"href":"https:\/\/prodent.rs\/sr\/wp-json\/wp\/v2\/pages\/19\/revisions"}],"predecessor-version":[{"id":2448,"href":"https:\/\/prodent.rs\/sr\/wp-json\/wp\/v2\/pages\/19\/revisions\/2448"}],"wp:featuredmedia":[{"embeddable":true,"href":"https:\/\/prodent.rs\/sr\/wp-json\/wp\/v2\/media\/2083"}],"wp:attachment":[{"href":"https:\/\/prodent.rs\/sr\/wp-json\/wp\/v2\/media?parent=19"}],"curies":[{"name":"wp","href":"https:\/\/api.w.org\/{rel}","templated":true}]}}